{"id":5254,"date":"2025-12-17T15:30:18","date_gmt":"2025-12-17T15:30:18","guid":{"rendered":"https:\/\/paintingqueen.art\/?post_type=product&#038;p=5254"},"modified":"2025-12-17T15:30:18","modified_gmt":"2025-12-17T15:30:18","slug":"celeste-blanca-polyptychon","status":"publish","type":"product","link":"https:\/\/paintingqueen.art\/fr\/tienda\/year\/2022\/celeste-blanca-polyptychon\/","title":{"rendered":"CELESTE &#038; BLANCA POLYPTYCHON"},"content":{"rendered":"<p data-start=\"3746\" data-end=\"4003\"><em data-start=\"3746\" data-end=\"3764\">Celeste &amp; Blanca<\/em> est un polyptyque abstrait explorant la couleur comme rythme et variation. Domin\u00e9e par des tons bleus et blancs, l\u2019\u0153uvre \u00e9voque des ciels, des surfaces \u00e9rod\u00e9es et des paysages \u00e9motionnels.<\/p>\n<p data-start=\"4005\" data-end=\"4237\">Chaque panneau fonctionne \u00e0 la fois comme une \u0153uvre autonome et comme partie d\u2019un ensemble coh\u00e9rent. Les diff\u00e9rences de format cr\u00e9ent une cadence visuelle propice \u00e0 une contemplation lente et attentive.<\/p>\n<p data-start=\"4239\" data-end=\"4343\">L\u2019ensemble est enti\u00e8rement encadr\u00e9 selon le concept artistique et pr\u00eat \u00e0 \u00eatre install\u00e9.<\/p>\n<p data-start=\"4345\" data-end=\"4594\"><strong data-start=\"4345\" data-end=\"4366\">D\u00e9tails techniques<\/strong><br data-start=\"4366\" data-end=\"4369\" \/>Artiste: Painting Queen<br data-start=\"4391\" data-end=\"4394\" \/>Ann\u00e9e : 2022<br data-start=\"4404\" data-end=\"4407\" \/>Technique: Acrylic on canvas<br data-start=\"4435\" data-end=\"4438\" \/>Format: Polyptych (4 panels)<br data-start=\"4466\" data-end=\"4469\" \/>Dimensions :<br data-start=\"4480\" data-end=\"4483\" \/>\u2013 2 \u0153uvres de 29 \u00d7 23 cm<br data-start=\"4506\" data-end=\"4509\" \/>\u2013 2 \u0153uvres de 29 \u00d7 35 cm<br data-start=\"4532\" data-end=\"4535\" \/>Cadre: Inclus, con\u00e7u selon le concept artistique<br data-start=\"4567\" data-end=\"4570\" \/>Prix de l\u2019ensemble: CHF 1,900<\/p>\n<p data-start=\"4596\" data-end=\"4751\"><strong data-start=\"4596\" data-end=\"4612\">Disponibilit\u00e9<\/strong><br data-start=\"4612\" data-end=\"4615\" \/>Cette \u0153uvre est en vente en tant qu\u2019ensemble.<br data-start=\"4662\" data-end=\"4665\" \/>Polyptyque original, pi\u00e8ce unique.<br data-start=\"4698\" data-end=\"4701\" \/>Contactez l\u2019artiste pour toute information d\u2019acquisition ou l\u2019ajouter au panier<\/p>","protected":false},"excerpt":{"rendered":"<p data-start=\"3746\" data-end=\"4003\"><em data-start=\"3746\" data-end=\"3764\">Celeste &amp; Blanca<\/em> est un polyptyque abstrait explorant la couleur comme rythme et variation. Domin\u00e9e par des tons bleus et blancs, l\u2019\u0153uvre \u00e9voque des ciels, des surfaces \u00e9rod\u00e9es et des paysages \u00e9motionnels.<\/p>\n<p data-start=\"4005\" data-end=\"4237\">Chaque panneau fonctionne \u00e0 la fois comme une \u0153uvre autonome et comme partie d\u2019un ensemble coh\u00e9rent. Les diff\u00e9rences de format cr\u00e9ent une cadence visuelle propice \u00e0 une contemplation lente et attentive.<\/p>\n<p data-start=\"4239\" data-end=\"4343\">L\u2019ensemble est enti\u00e8rement encadr\u00e9 selon le concept artistique et pr\u00eat \u00e0 \u00eatre install\u00e9.<\/p>\n<p data-start=\"4345\" data-end=\"4594\"><strong data-start=\"4345\" data-end=\"4366\">D\u00e9tails techniques<\/strong><br data-start=\"4366\" data-end=\"4369\" \/>Artiste: Painting Queen<br data-start=\"4391\" data-end=\"4394\" \/>Ann\u00e9e : 2022<br data-start=\"4404\" data-end=\"4407\" \/>Technique: Acrylic on canvas<br data-start=\"4435\" data-end=\"4438\" \/>Format: Polyptych (4 panels)<br data-start=\"4466\" data-end=\"4469\" \/>Dimensions :<br data-start=\"4480\" data-end=\"4483\" \/>\u2013 2 \u0153uvres de 29 \u00d7 23 cm<br data-start=\"4506\" data-end=\"4509\" \/>\u2013 2 \u0153uvres de 29 \u00d7 35 cm<br data-start=\"4532\" data-end=\"4535\" \/>Cadre: Inclus, con\u00e7u selon le concept artistique<br data-start=\"4567\" data-end=\"4570\" \/>Prix de l\u2019ensemble: CHF 1,900<\/p>\n<p data-start=\"4596\" data-end=\"4751\"><strong data-start=\"4596\" data-end=\"4612\">Disponibilit\u00e9<\/strong><br data-start=\"4612\" data-end=\"4615\" \/>Cette \u0153uvre est en vente en tant qu\u2019ensemble.<br data-start=\"4662\" data-end=\"4665\" \/>Polyptyque original, pi\u00e8ce unique.<br data-start=\"4698\" data-end=\"4701\" \/>Contactez l\u2019artiste pour toute information d\u2019acquisition ou l\u2019ajouter au panier<\/p>","protected":false},"featured_media":5255,"template":"","meta":{"site-sidebar-layout":"default","site-content-layout":"","ast-site-content-layout":"default","site-content-style":"default","site-sidebar-style":"default","ast-global-header-display":"","ast-banner-title-visibility":"","ast-main-header-display":"","ast-hfb-above-header-display":"","ast-hfb-below-header-display":"","ast-hfb-mobile-header-display":"","site-post-title":"","ast-breadcrumbs-content":"","ast-featured-img":"","footer-sml-layout":"","ast-disable-related-posts":"","theme-transparent-header-meta":"default","adv-header-id-meta":"","stick-header-meta":"","header-above-stick-meta":"","header-main-stick-meta":"","header-below-stick-meta":"","astra-migrate-meta-layouts":"set","ast-page-background-enabled":"default","ast-page-background-meta":{"desktop":{"background-color":"","background-image":"","background-repeat":"repeat","background-position":"center center","background-size":"auto","background-attachment":"scroll","background-type":"","background-media":"","overlay-type":"","overlay-color":"","overlay-opacity":"","overlay-gradient":""},"tablet":{"background-color":"","background-image":"","background-repeat":"repeat","background-position":"center center","background-size":"auto","background-attachment":"scroll","background-type":"","background-media":"","overlay-type":"","overlay-color":"","overlay-opacity":"","overlay-gradient":""},"mobile":{"background-color":"","background-image":"","background-repeat":"repeat","background-position":"center center","background-size":"auto","background-attachment":"scroll","background-type":"","background-media":"","overlay-type":"","overlay-color":"","overlay-opacity":"","overlay-gradient":""}},"ast-content-background-meta":{"desktop":{"background-color":"var(--ast-global-color-5)","background-image":"","background-repeat":"repeat","background-position":"center center","background-size":"auto","background-attachment":"scroll","background-type":"","background-media":"","overlay-type":"","overlay-color":"","overlay-opacity":"","overlay-gradient":""},"tablet":{"background-color":"var(--ast-global-color-5)","background-image":"","background-repeat":"repeat","background-position":"center center","background-size":"auto","background-attachment":"scroll","background-type":"","background-media":"","overlay-type":"","overlay-color":"","overlay-opacity":"","overlay-gradient":""},"mobile":{"background-color":"var(--ast-global-color-5)","background-image":"","background-repeat":"repeat","background-position":"center center","background-size":"auto","background-attachment":"scroll","background-type":"","background-media":"","overlay-type":"","overlay-color":"","overlay-opacity":"","overlay-gradient":""}},"_joinchat":[]},"product_brand":[],"product_cat":[341,329,319,326,320,331],"product_tag":[],"class_list":{"0":"post-5254","1":"product","2":"type-product","3":"status-publish","4":"has-post-thumbnail","6":"product_cat-341","7":"product_cat-abstract","8":"product_cat-acrylic","9":"product_cat-contemporary","10":"product_cat-mixed-media","11":"product_cat-sky-studies","12":"desktop-align-left","13":"tablet-align-left","14":"mobile-align-left","16":"first","17":"instock","18":"taxable","19":"shipping-taxable","20":"purchasable","21":"product-type-simple"},"yoast_head":"<!-- This site is optimized with the Yoast SEO plugin v27.4 - https:\/\/yoast.com\/product\/yoast-seo-wordpress\/ -->\n<title>CELESTE &amp; BLANCA POLYPTYCHON - Painting Queen<\/title>\n<meta name=\"robots\" content=\"index, follow, max-snippet:-1, max-image-preview:large, max-video-preview:-1\" \/>\n<link rel=\"canonical\" href=\"https:\/\/paintingqueen.art\/fr\/tienda\/year\/2022\/celeste-blanca-polyptychon\/\" \/>\n<meta property=\"og:locale\" content=\"fr_FR\" \/>\n<meta property=\"og:type\" content=\"article\" \/>\n<meta property=\"og:title\" content=\"CELESTE &amp; BLANCA POLYPTYCHON - Painting Queen\" \/>\n<meta property=\"og:description\" content=\"Celeste &amp; Blanca is an abstract polyptych exploring color as rhythm, repetition, and variation. Dominated by blue and white tones, the work evokes skies, eroded surfaces, and emotional landscapes, offering a fragmented yet contemplative visual experience. Each panel functions both independently and as part of a larger system. The relationship between the different formats creates a visual cadence that encourages slow and attentive viewing, where gesture and texture take center stage. The work is fully framed according to the artistic concept and ready for installation as a complete set. Technical detailsArtist: Painting QueenYear: 2022Technique: Acrylic on canvasFormat: Polyptych (4 panels)Dimensions:\u2013 2 works of 29 \u00d7 23 cm\u2013 2 works of 29 \u00d7 35 cmFrame: Included, artist-designedPrice (set): CHF 1,900 AvailabilityThis artwork is for sale as a complete set.Original polyptych, unique piece.Please contact the artist for acquisition details or add it to the cart.\" \/>\n<meta property=\"og:url\" content=\"https:\/\/paintingqueen.art\/fr\/tienda\/year\/2022\/celeste-blanca-polyptychon\/\" \/>\n<meta property=\"og:site_name\" content=\"Painting Queen\" \/>\n<meta property=\"og:image\" content=\"https:\/\/paintingqueen.art\/wp-content\/uploads\/2025\/12\/Karina-21-scaled.jpg\" \/>\n\t<meta property=\"og:image:width\" content=\"2560\" \/>\n\t<meta property=\"og:image:height\" content=\"1707\" \/>\n\t<meta property=\"og:image:type\" content=\"image\/jpeg\" \/>\n<meta name=\"twitter:card\" content=\"summary_large_image\" \/>\n<meta name=\"twitter:label1\" content=\"Dur\u00e9e de lecture estim\u00e9e\" \/>\n\t<meta name=\"twitter:data1\" content=\"1 minute\" \/>\n<script type=\"application\/ld+json\" class=\"yoast-schema-graph\">{\"@context\":\"https:\\\/\\\/schema.org\",\"@graph\":[{\"@type\":\"WebPage\",\"@id\":\"https:\\\/\\\/paintingqueen.art\\\/tienda\\\/year\\\/2022\\\/celeste-blanca-polyptychon\\\/\",\"url\":\"https:\\\/\\\/paintingqueen.art\\\/tienda\\\/year\\\/2022\\\/celeste-blanca-polyptychon\\\/\",\"name\":\"CELESTE & BLANCA POLYPTYCHON - Painting Queen\",\"isPartOf\":{\"@id\":\"https:\\\/\\\/paintingqueen.art\\\/#website\"},\"primaryImageOfPage\":{\"@id\":\"https:\\\/\\\/paintingqueen.art\\\/tienda\\\/year\\\/2022\\\/celeste-blanca-polyptychon\\\/#primaryimage\"},\"image\":{\"@id\":\"https:\\\/\\\/paintingqueen.art\\\/tienda\\\/year\\\/2022\\\/celeste-blanca-polyptychon\\\/#primaryimage\"},\"thumbnailUrl\":\"https:\\\/\\\/paintingqueen.art\\\/wp-content\\\/uploads\\\/2025\\\/12\\\/Karina-21-scaled.jpg\",\"datePublished\":\"2025-12-17T15:30:18+00:00\",\"breadcrumb\":{\"@id\":\"https:\\\/\\\/paintingqueen.art\\\/tienda\\\/year\\\/2022\\\/celeste-blanca-polyptychon\\\/#breadcrumb\"},\"inLanguage\":\"fr-FR\",\"potentialAction\":[{\"@type\":\"ReadAction\",\"target\":[\"https:\\\/\\\/paintingqueen.art\\\/tienda\\\/year\\\/2022\\\/celeste-blanca-polyptychon\\\/\"]}]},{\"@type\":\"ImageObject\",\"inLanguage\":\"fr-FR\",\"@id\":\"https:\\\/\\\/paintingqueen.art\\\/tienda\\\/year\\\/2022\\\/celeste-blanca-polyptychon\\\/#primaryimage\",\"url\":\"https:\\\/\\\/paintingqueen.art\\\/wp-content\\\/uploads\\\/2025\\\/12\\\/Karina-21-scaled.jpg\",\"contentUrl\":\"https:\\\/\\\/paintingqueen.art\\\/wp-content\\\/uploads\\\/2025\\\/12\\\/Karina-21-scaled.jpg\",\"width\":2560,\"height\":1707},{\"@type\":\"BreadcrumbList\",\"@id\":\"https:\\\/\\\/paintingqueen.art\\\/tienda\\\/year\\\/2022\\\/celeste-blanca-polyptychon\\\/#breadcrumb\",\"itemListElement\":[{\"@type\":\"ListItem\",\"position\":1,\"name\":\"Portada\",\"item\":\"https:\\\/\\\/paintingqueen.art\\\/\"},{\"@type\":\"ListItem\",\"position\":2,\"name\":\"Produkte\",\"item\":\"https:\\\/\\\/paintingqueen.art\\\/de\\\/shop\\\/\"},{\"@type\":\"ListItem\",\"position\":3,\"name\":\"CELESTE &#038; BLANCA POLYPTYCHON\"}]},{\"@type\":\"WebSite\",\"@id\":\"https:\\\/\\\/paintingqueen.art\\\/#website\",\"url\":\"https:\\\/\\\/paintingqueen.art\\\/\",\"name\":\"Painting Queen\",\"description\":\"Visual Artist\",\"publisher\":{\"@id\":\"https:\\\/\\\/paintingqueen.art\\\/#organization\"},\"potentialAction\":[{\"@type\":\"SearchAction\",\"target\":{\"@type\":\"EntryPoint\",\"urlTemplate\":\"https:\\\/\\\/paintingqueen.art\\\/?s={search_term_string}\"},\"query-input\":{\"@type\":\"PropertyValueSpecification\",\"valueRequired\":true,\"valueName\":\"search_term_string\"}}],\"inLanguage\":\"fr-FR\"},{\"@type\":\"Organization\",\"@id\":\"https:\\\/\\\/paintingqueen.art\\\/#organization\",\"name\":\"Painting Queen\",\"url\":\"https:\\\/\\\/paintingqueen.art\\\/\",\"logo\":{\"@type\":\"ImageObject\",\"inLanguage\":\"fr-FR\",\"@id\":\"https:\\\/\\\/paintingqueen.art\\\/#\\\/schema\\\/logo\\\/image\\\/\",\"url\":\"https:\\\/\\\/paintingqueen.art\\\/wp-content\\\/uploads\\\/2021\\\/04\\\/cropped-ONDA.-1-1.jpg\",\"contentUrl\":\"https:\\\/\\\/paintingqueen.art\\\/wp-content\\\/uploads\\\/2021\\\/04\\\/cropped-ONDA.-1-1.jpg\",\"width\":459,\"height\":118,\"caption\":\"Painting Queen\"},\"image\":{\"@id\":\"https:\\\/\\\/paintingqueen.art\\\/#\\\/schema\\\/logo\\\/image\\\/\"}}]}<\/script>\n<!-- \/ Yoast SEO plugin. -->","yoast_head_json":{"title":"CELESTE & BLANCA POLYPTYCHON - Painting Queen","robots":{"index":"index","follow":"follow","max-snippet":"max-snippet:-1","max-image-preview":"max-image-preview:large","max-video-preview":"max-video-preview:-1"},"canonical":"https:\/\/paintingqueen.art\/fr\/tienda\/year\/2022\/celeste-blanca-polyptychon\/","og_locale":"fr_FR","og_type":"article","og_title":"CELESTE & BLANCA POLYPTYCHON - Painting Queen","og_description":"Celeste &amp; Blanca is an abstract polyptych exploring color as rhythm, repetition, and variation. Dominated by blue and white tones, the work evokes skies, eroded surfaces, and emotional landscapes, offering a fragmented yet contemplative visual experience. Each panel functions both independently and as part of a larger system. The relationship between the different formats creates a visual cadence that encourages slow and attentive viewing, where gesture and texture take center stage. The work is fully framed according to the artistic concept and ready for installation as a complete set. Technical detailsArtist: Painting QueenYear: 2022Technique: Acrylic on canvasFormat: Polyptych (4 panels)Dimensions:\u2013 2 works of 29 \u00d7 23 cm\u2013 2 works of 29 \u00d7 35 cmFrame: Included, artist-designedPrice (set): CHF 1,900 AvailabilityThis artwork is for sale as a complete set.Original polyptych, unique piece.Please contact the artist for acquisition details or add it to the cart.","og_url":"https:\/\/paintingqueen.art\/fr\/tienda\/year\/2022\/celeste-blanca-polyptychon\/","og_site_name":"Painting Queen","og_image":[{"width":2560,"height":1707,"url":"https:\/\/paintingqueen.art\/wp-content\/uploads\/2025\/12\/Karina-21-scaled.jpg","type":"image\/jpeg"}],"twitter_card":"summary_large_image","twitter_misc":{"Dur\u00e9e de lecture estim\u00e9e":"1 minute"},"schema":{"@context":"https:\/\/schema.org","@graph":[{"@type":"WebPage","@id":"https:\/\/paintingqueen.art\/tienda\/year\/2022\/celeste-blanca-polyptychon\/","url":"https:\/\/paintingqueen.art\/tienda\/year\/2022\/celeste-blanca-polyptychon\/","name":"CELESTE & BLANCA POLYPTYCHON - Painting Queen","isPartOf":{"@id":"https:\/\/paintingqueen.art\/#website"},"primaryImageOfPage":{"@id":"https:\/\/paintingqueen.art\/tienda\/year\/2022\/celeste-blanca-polyptychon\/#primaryimage"},"image":{"@id":"https:\/\/paintingqueen.art\/tienda\/year\/2022\/celeste-blanca-polyptychon\/#primaryimage"},"thumbnailUrl":"https:\/\/paintingqueen.art\/wp-content\/uploads\/2025\/12\/Karina-21-scaled.jpg","datePublished":"2025-12-17T15:30:18+00:00","breadcrumb":{"@id":"https:\/\/paintingqueen.art\/tienda\/year\/2022\/celeste-blanca-polyptychon\/#breadcrumb"},"inLanguage":"fr-FR","potentialAction":[{"@type":"ReadAction","target":["https:\/\/paintingqueen.art\/tienda\/year\/2022\/celeste-blanca-polyptychon\/"]}]},{"@type":"ImageObject","inLanguage":"fr-FR","@id":"https:\/\/paintingqueen.art\/tienda\/year\/2022\/celeste-blanca-polyptychon\/#primaryimage","url":"https:\/\/paintingqueen.art\/wp-content\/uploads\/2025\/12\/Karina-21-scaled.jpg","contentUrl":"https:\/\/paintingqueen.art\/wp-content\/uploads\/2025\/12\/Karina-21-scaled.jpg","width":2560,"height":1707},{"@type":"BreadcrumbList","@id":"https:\/\/paintingqueen.art\/tienda\/year\/2022\/celeste-blanca-polyptychon\/#breadcrumb","itemListElement":[{"@type":"ListItem","position":1,"name":"Portada","item":"https:\/\/paintingqueen.art\/"},{"@type":"ListItem","position":2,"name":"Produkte","item":"https:\/\/paintingqueen.art\/de\/shop\/"},{"@type":"ListItem","position":3,"name":"CELESTE &#038; BLANCA POLYPTYCHON"}]},{"@type":"WebSite","@id":"https:\/\/paintingqueen.art\/#website","url":"https:\/\/paintingqueen.art\/","name":"Painting Queen","description":"Visual Artist","publisher":{"@id":"https:\/\/paintingqueen.art\/#organization"},"potentialAction":[{"@type":"SearchAction","target":{"@type":"EntryPoint","urlTemplate":"https:\/\/paintingqueen.art\/?s={search_term_string}"},"query-input":{"@type":"PropertyValueSpecification","valueRequired":true,"valueName":"search_term_string"}}],"inLanguage":"fr-FR"},{"@type":"Organization","@id":"https:\/\/paintingqueen.art\/#organization","name":"Painting Queen","url":"https:\/\/paintingqueen.art\/","logo":{"@type":"ImageObject","inLanguage":"fr-FR","@id":"https:\/\/paintingqueen.art\/#\/schema\/logo\/image\/","url":"https:\/\/paintingqueen.art\/wp-content\/uploads\/2021\/04\/cropped-ONDA.-1-1.jpg","contentUrl":"https:\/\/paintingqueen.art\/wp-content\/uploads\/2021\/04\/cropped-ONDA.-1-1.jpg","width":459,"height":118,"caption":"Painting Queen"},"image":{"@id":"https:\/\/paintingqueen.art\/#\/schema\/logo\/image\/"}}]}},"_links":{"self":[{"href":"https:\/\/paintingqueen.art\/fr\/wp-json\/wp\/v2\/product\/5254","targetHints":{"allow":["GET"]}}],"collection":[{"href":"https:\/\/paintingqueen.art\/fr\/wp-json\/wp\/v2\/product"}],"about":[{"href":"https:\/\/paintingqueen.art\/fr\/wp-json\/wp\/v2\/types\/product"}],"wp:featuredmedia":[{"embeddable":true,"href":"https:\/\/paintingqueen.art\/fr\/wp-json\/wp\/v2\/media\/5255"}],"wp:attachment":[{"href":"https:\/\/paintingqueen.art\/fr\/wp-json\/wp\/v2\/media?parent=5254"}],"wp:term":[{"taxonomy":"product_brand","embeddable":true,"href":"https:\/\/paintingqueen.art\/fr\/wp-json\/wp\/v2\/product_brand?post=5254"},{"taxonomy":"product_cat","embeddable":true,"href":"https:\/\/paintingqueen.art\/fr\/wp-json\/wp\/v2\/product_cat?post=5254"},{"taxonomy":"product_tag","embeddable":true,"href":"https:\/\/paintingqueen.art\/fr\/wp-json\/wp\/v2\/product_tag?post=5254"}],"curies":[{"name":"wp","href":"https:\/\/api.w.org\/{rel}","templated":true}]}}