{"id":5210,"date":"2025-12-17T14:30:37","date_gmt":"2025-12-17T14:30:37","guid":{"rendered":"https:\/\/paintingqueen.art\/?post_type=product&#038;p=5210"},"modified":"2026-01-06T23:06:08","modified_gmt":"2026-01-06T23:06:08","slug":"el-rosa-y-el-azul","status":"publish","type":"product","link":"https:\/\/paintingqueen.art\/fr\/tienda\/year\/2022\/el-rosa-y-el-azul\/","title":{"rendered":"El Rosa y el Azul"},"content":{"rendered":"<h2 data-start=\"399\" data-end=\"423\"><strong data-start=\"402\" data-end=\"423\">El Rosa y el Azul<\/strong><\/h2>\n<p data-start=\"2682\" data-end=\"2966\"><em data-start=\"2682\" data-end=\"2701\">El Rosa y el Azul<\/em> est une \u0153uvre abstraite dans laquelle la couleur devient une force \u00e9motionnelle et structurelle. Par une peinture gestuelle et mat\u00e9rielle, l\u2019\u0153uvre met en dialogue le rose et le bleu \u2014 non comme des oppos\u00e9s, mais comme des \u00e9nergies en interaction et en tension.<\/p>\n<p data-start=\"2968\" data-end=\"3228\">Les couches d\u2019acrylique cr\u00e9ent profondeur et mouvement, donnant naissance \u00e0 un espace pictural vibrant et expressif. La composition sugg\u00e8re un \u00e9quilibre fragile entre d\u00e9licatesse et puissance, invitant \u00e0 une exp\u00e9rience sensorielle directe.<\/p>\n<p data-start=\"3230\" data-end=\"3365\">L\u2019\u0153uvre est pr\u00e9sent\u00e9e encadr\u00e9e selon le concept artistique original, affirmant son caract\u00e8re de pi\u00e8ce unique.<\/p>\n<p data-start=\"3367\" data-end=\"3537\"><strong data-start=\"3367\" data-end=\"3388\">D\u00e9tails techniques<\/strong><br data-start=\"3388\" data-end=\"3391\" \/>Artiste: Painting Queen<br data-start=\"3413\" data-end=\"3416\" \/>Ann\u00e9e : 2022<br data-start=\"3426\" data-end=\"3429\" \/>Acrylique sur bois<br data-start=\"3455\" data-end=\"3458\" \/>Dimensions : 75 \u00d7 109 cm<br data-start=\"3481\" data-end=\"3484\" \/>Cadre: Inclus, con\u00e7u selon le concept artistique<\/p>\n<p data-start=\"3539\" data-end=\"3700\"><strong data-start=\"3539\" data-end=\"3555\">Disponibilit\u00e9<\/strong><br data-start=\"3555\" data-end=\"3558\" \/>This artwork is <strong data-start=\"3574\" data-end=\"3596\">available for sale<\/strong>.<br data-start=\"3597\" data-end=\"3600\" \/>Contactez l\u2019artiste pour toute information d\u2019acquisition ou l\u2019ajouter au panier.<br data-start=\"3665\" data-end=\"3668\" \/>\u0152uvre originale, pi\u00e8ce unique.<\/p>","protected":false},"excerpt":{"rendered":"<h2 data-start=\"399\" data-end=\"423\"><strong data-start=\"402\" data-end=\"423\">El Rosa y el Azul<\/strong><\/h2>\n<p data-start=\"2682\" data-end=\"2966\"><em data-start=\"2682\" data-end=\"2701\">El Rosa y el Azul<\/em> est une \u0153uvre abstraite dans laquelle la couleur devient une force \u00e9motionnelle et structurelle. Par une peinture gestuelle et mat\u00e9rielle, l\u2019\u0153uvre met en dialogue le rose et le bleu \u2014 non comme des oppos\u00e9s, mais comme des \u00e9nergies en interaction et en tension.<\/p>\n<p data-start=\"2968\" data-end=\"3228\">Les couches d\u2019acrylique cr\u00e9ent profondeur et mouvement, donnant naissance \u00e0 un espace pictural vibrant et expressif. La composition sugg\u00e8re un \u00e9quilibre fragile entre d\u00e9licatesse et puissance, invitant \u00e0 une exp\u00e9rience sensorielle directe.<\/p>\n<p data-start=\"3230\" data-end=\"3365\">L\u2019\u0153uvre est pr\u00e9sent\u00e9e encadr\u00e9e selon le concept artistique original, affirmant son caract\u00e8re de pi\u00e8ce unique.<\/p>\n<p data-start=\"3367\" data-end=\"3537\"><strong data-start=\"3367\" data-end=\"3388\">D\u00e9tails techniques<\/strong><br data-start=\"3388\" data-end=\"3391\" \/>Artiste: Painting Queen<br data-start=\"3413\" data-end=\"3416\" \/>Ann\u00e9e : 2022<br data-start=\"3426\" data-end=\"3429\" \/>Acrylique sur bois<br data-start=\"3455\" data-end=\"3458\" \/>Dimensions : 75 \u00d7 109 cm<br data-start=\"3481\" data-end=\"3484\" \/>Cadre: Inclus, con\u00e7u selon le concept artistique<br data-start=\"3516\" data-end=\"3519\" \/><strong data-start=\"3539\" data-end=\"3555\">Disponibilit\u00e9<\/strong><br data-start=\"3555\" data-end=\"3558\" \/>Cette \u0153uvre est disponible \u00e0 la vente.<br data-start=\"3597\" data-end=\"3600\" \/>Contactez l\u2019artiste pour toute information d\u2019acquisition ou l\u2019ajouter au panier.<br data-start=\"3665\" data-end=\"3668\" \/>\u0152uvre originale, pi\u00e8ce unique.<\/p>","protected":false},"featured_media":5209,"template":"","meta":{"site-sidebar-layout":"default","site-content-layout":"","ast-site-content-layout":"default","site-content-style":"default","site-sidebar-style":"default","ast-global-header-display":"","ast-banner-title-visibility":"","ast-main-header-display":"","ast-hfb-above-header-display":"","ast-hfb-below-header-display":"","ast-hfb-mobile-header-display":"","site-post-title":"","ast-breadcrumbs-content":"","ast-featured-img":"","footer-sml-layout":"","ast-disable-related-posts":"","theme-transparent-header-meta":"default","adv-header-id-meta":"","stick-header-meta":"","header-above-stick-meta":"","header-main-stick-meta":"","header-below-stick-meta":"","astra-migrate-meta-layouts":"set","ast-page-background-enabled":"default","ast-page-background-meta":{"desktop":{"background-color":"","background-image":"","background-repeat":"repeat","background-position":"center center","background-size":"auto","background-attachment":"scroll","background-type":"","background-media":"","overlay-type":"","overlay-color":"","overlay-opacity":"","overlay-gradient":""},"tablet":{"background-color":"","background-image":"","background-repeat":"repeat","background-position":"center center","background-size":"auto","background-attachment":"scroll","background-type":"","background-media":"","overlay-type":"","overlay-color":"","overlay-opacity":"","overlay-gradient":""},"mobile":{"background-color":"","background-image":"","background-repeat":"repeat","background-position":"center center","background-size":"auto","background-attachment":"scroll","background-type":"","background-media":"","overlay-type":"","overlay-color":"","overlay-opacity":"","overlay-gradient":""}},"ast-content-background-meta":{"desktop":{"background-color":"var(--ast-global-color-5)","background-image":"","background-repeat":"repeat","background-position":"center center","background-size":"auto","background-attachment":"scroll","background-type":"","background-media":"","overlay-type":"","overlay-color":"","overlay-opacity":"","overlay-gradient":""},"tablet":{"background-color":"var(--ast-global-color-5)","background-image":"","background-repeat":"repeat","background-position":"center center","background-size":"auto","background-attachment":"scroll","background-type":"","background-media":"","overlay-type":"","overlay-color":"","overlay-opacity":"","overlay-gradient":""},"mobile":{"background-color":"var(--ast-global-color-5)","background-image":"","background-repeat":"repeat","background-position":"center center","background-size":"auto","background-attachment":"scroll","background-type":"","background-media":"","overlay-type":"","overlay-color":"","overlay-opacity":"","overlay-gradient":""}},"_joinchat":[]},"product_brand":[],"product_cat":[341,329,319,326],"product_tag":[],"class_list":{"0":"post-5210","1":"product","2":"type-product","3":"status-publish","4":"has-post-thumbnail","6":"product_cat-341","7":"product_cat-abstract","8":"product_cat-acrylic","9":"product_cat-contemporary","10":"desktop-align-left","11":"tablet-align-left","12":"mobile-align-left","14":"first","15":"instock","16":"taxable","17":"shipping-taxable","18":"purchasable","19":"product-type-simple"},"yoast_head":"<!-- This site is optimized with the Yoast SEO plugin v27.4 - https:\/\/yoast.com\/product\/yoast-seo-wordpress\/ -->\n<title>El Rosa y el Azul - Painting Queen<\/title>\n<meta name=\"robots\" content=\"index, follow, max-snippet:-1, max-image-preview:large, max-video-preview:-1\" \/>\n<link rel=\"canonical\" href=\"https:\/\/paintingqueen.art\/fr\/tienda\/year\/2022\/el-rosa-y-el-azul\/\" \/>\n<meta property=\"og:locale\" content=\"fr_FR\" \/>\n<meta property=\"og:type\" content=\"article\" \/>\n<meta property=\"og:title\" content=\"El Rosa y el Azul - Painting Queen\" \/>\n<meta property=\"og:description\" content=\"El Rosa y el Azul El Rosa y el Azul is an abstract work in which color becomes both an emotional and structural force. Through gestural and material painting, the work establishes an intense dialogue between pink and blue \u2014 not as opposites, but as energies that attract, overlap, and create tension. Layers of acrylic generate depth and movement, forming a vibrant pictorial space with a strong physical presence. The composition suggests an unstable balance between delicacy and strength, inviting a direct sensory experience beyond figurative representation. The artwork is presented framed according to the original artistic concept, reinforcing its condition as a complete and singular piece. Technical detailsArtist: Painting QueenYear: 2022Technique: Acrylic on woodDimensions: 75 \u00d7 109 cmFrame: Included, artist-designedAvailabilityThis artwork is available for sale.For inquiries or acquisition, please contact the artist directly or add the artwork to the cart.Original artwork, one-of-a-kind.\" \/>\n<meta property=\"og:url\" content=\"https:\/\/paintingqueen.art\/fr\/tienda\/year\/2022\/el-rosa-y-el-azul\/\" \/>\n<meta property=\"og:site_name\" content=\"Painting Queen\" \/>\n<meta property=\"article:modified_time\" content=\"2026-01-06T23:06:08+00:00\" \/>\n<meta property=\"og:image\" content=\"https:\/\/paintingqueen.art\/wp-content\/uploads\/2025\/12\/IMG_9418-1-scaled.jpeg\" \/>\n\t<meta property=\"og:image:width\" content=\"1749\" \/>\n\t<meta property=\"og:image:height\" content=\"2560\" \/>\n\t<meta property=\"og:image:type\" content=\"image\/jpeg\" \/>\n<meta name=\"twitter:card\" content=\"summary_large_image\" \/>\n<meta name=\"twitter:label1\" content=\"Dur\u00e9e de lecture estim\u00e9e\" \/>\n\t<meta name=\"twitter:data1\" content=\"1 minute\" \/>\n<script type=\"application\/ld+json\" class=\"yoast-schema-graph\">{\"@context\":\"https:\\\/\\\/schema.org\",\"@graph\":[{\"@type\":\"WebPage\",\"@id\":\"https:\\\/\\\/paintingqueen.art\\\/tienda\\\/year\\\/2022\\\/el-rosa-y-el-azul\\\/\",\"url\":\"https:\\\/\\\/paintingqueen.art\\\/tienda\\\/year\\\/2022\\\/el-rosa-y-el-azul\\\/\",\"name\":\"El Rosa y el Azul - Painting Queen\",\"isPartOf\":{\"@id\":\"https:\\\/\\\/paintingqueen.art\\\/#website\"},\"primaryImageOfPage\":{\"@id\":\"https:\\\/\\\/paintingqueen.art\\\/tienda\\\/year\\\/2022\\\/el-rosa-y-el-azul\\\/#primaryimage\"},\"image\":{\"@id\":\"https:\\\/\\\/paintingqueen.art\\\/tienda\\\/year\\\/2022\\\/el-rosa-y-el-azul\\\/#primaryimage\"},\"thumbnailUrl\":\"https:\\\/\\\/paintingqueen.art\\\/wp-content\\\/uploads\\\/2025\\\/12\\\/IMG_9418-1-scaled.jpeg\",\"datePublished\":\"2025-12-17T14:30:37+00:00\",\"dateModified\":\"2026-01-06T23:06:08+00:00\",\"breadcrumb\":{\"@id\":\"https:\\\/\\\/paintingqueen.art\\\/tienda\\\/year\\\/2022\\\/el-rosa-y-el-azul\\\/#breadcrumb\"},\"inLanguage\":\"fr-FR\",\"potentialAction\":[{\"@type\":\"ReadAction\",\"target\":[\"https:\\\/\\\/paintingqueen.art\\\/tienda\\\/year\\\/2022\\\/el-rosa-y-el-azul\\\/\"]}]},{\"@type\":\"ImageObject\",\"inLanguage\":\"fr-FR\",\"@id\":\"https:\\\/\\\/paintingqueen.art\\\/tienda\\\/year\\\/2022\\\/el-rosa-y-el-azul\\\/#primaryimage\",\"url\":\"https:\\\/\\\/paintingqueen.art\\\/wp-content\\\/uploads\\\/2025\\\/12\\\/IMG_9418-1-scaled.jpeg\",\"contentUrl\":\"https:\\\/\\\/paintingqueen.art\\\/wp-content\\\/uploads\\\/2025\\\/12\\\/IMG_9418-1-scaled.jpeg\",\"width\":1749,\"height\":2560},{\"@type\":\"BreadcrumbList\",\"@id\":\"https:\\\/\\\/paintingqueen.art\\\/tienda\\\/year\\\/2022\\\/el-rosa-y-el-azul\\\/#breadcrumb\",\"itemListElement\":[{\"@type\":\"ListItem\",\"position\":1,\"name\":\"Portada\",\"item\":\"https:\\\/\\\/paintingqueen.art\\\/\"},{\"@type\":\"ListItem\",\"position\":2,\"name\":\"Produkte\",\"item\":\"https:\\\/\\\/paintingqueen.art\\\/de\\\/shop\\\/\"},{\"@type\":\"ListItem\",\"position\":3,\"name\":\"El Rosa y el Azul\"}]},{\"@type\":\"WebSite\",\"@id\":\"https:\\\/\\\/paintingqueen.art\\\/#website\",\"url\":\"https:\\\/\\\/paintingqueen.art\\\/\",\"name\":\"Painting Queen\",\"description\":\"Visual Artist\",\"publisher\":{\"@id\":\"https:\\\/\\\/paintingqueen.art\\\/#organization\"},\"potentialAction\":[{\"@type\":\"SearchAction\",\"target\":{\"@type\":\"EntryPoint\",\"urlTemplate\":\"https:\\\/\\\/paintingqueen.art\\\/?s={search_term_string}\"},\"query-input\":{\"@type\":\"PropertyValueSpecification\",\"valueRequired\":true,\"valueName\":\"search_term_string\"}}],\"inLanguage\":\"fr-FR\"},{\"@type\":\"Organization\",\"@id\":\"https:\\\/\\\/paintingqueen.art\\\/#organization\",\"name\":\"Painting Queen\",\"url\":\"https:\\\/\\\/paintingqueen.art\\\/\",\"logo\":{\"@type\":\"ImageObject\",\"inLanguage\":\"fr-FR\",\"@id\":\"https:\\\/\\\/paintingqueen.art\\\/#\\\/schema\\\/logo\\\/image\\\/\",\"url\":\"https:\\\/\\\/paintingqueen.art\\\/wp-content\\\/uploads\\\/2021\\\/04\\\/cropped-ONDA.-1-1.jpg\",\"contentUrl\":\"https:\\\/\\\/paintingqueen.art\\\/wp-content\\\/uploads\\\/2021\\\/04\\\/cropped-ONDA.-1-1.jpg\",\"width\":459,\"height\":118,\"caption\":\"Painting Queen\"},\"image\":{\"@id\":\"https:\\\/\\\/paintingqueen.art\\\/#\\\/schema\\\/logo\\\/image\\\/\"}}]}<\/script>\n<!-- \/ Yoast SEO plugin. -->","yoast_head_json":{"title":"El Rosa y el Azul - Painting Queen","robots":{"index":"index","follow":"follow","max-snippet":"max-snippet:-1","max-image-preview":"max-image-preview:large","max-video-preview":"max-video-preview:-1"},"canonical":"https:\/\/paintingqueen.art\/fr\/tienda\/year\/2022\/el-rosa-y-el-azul\/","og_locale":"fr_FR","og_type":"article","og_title":"El Rosa y el Azul - Painting Queen","og_description":"El Rosa y el Azul El Rosa y el Azul is an abstract work in which color becomes both an emotional and structural force. Through gestural and material painting, the work establishes an intense dialogue between pink and blue \u2014 not as opposites, but as energies that attract, overlap, and create tension. Layers of acrylic generate depth and movement, forming a vibrant pictorial space with a strong physical presence. The composition suggests an unstable balance between delicacy and strength, inviting a direct sensory experience beyond figurative representation. The artwork is presented framed according to the original artistic concept, reinforcing its condition as a complete and singular piece. Technical detailsArtist: Painting QueenYear: 2022Technique: Acrylic on woodDimensions: 75 \u00d7 109 cmFrame: Included, artist-designedAvailabilityThis artwork is available for sale.For inquiries or acquisition, please contact the artist directly or add the artwork to the cart.Original artwork, one-of-a-kind.","og_url":"https:\/\/paintingqueen.art\/fr\/tienda\/year\/2022\/el-rosa-y-el-azul\/","og_site_name":"Painting Queen","article_modified_time":"2026-01-06T23:06:08+00:00","og_image":[{"width":1749,"height":2560,"url":"https:\/\/paintingqueen.art\/wp-content\/uploads\/2025\/12\/IMG_9418-1-scaled.jpeg","type":"image\/jpeg"}],"twitter_card":"summary_large_image","twitter_misc":{"Dur\u00e9e de lecture estim\u00e9e":"1 minute"},"schema":{"@context":"https:\/\/schema.org","@graph":[{"@type":"WebPage","@id":"https:\/\/paintingqueen.art\/tienda\/year\/2022\/el-rosa-y-el-azul\/","url":"https:\/\/paintingqueen.art\/tienda\/year\/2022\/el-rosa-y-el-azul\/","name":"El Rosa y el Azul - Painting Queen","isPartOf":{"@id":"https:\/\/paintingqueen.art\/#website"},"primaryImageOfPage":{"@id":"https:\/\/paintingqueen.art\/tienda\/year\/2022\/el-rosa-y-el-azul\/#primaryimage"},"image":{"@id":"https:\/\/paintingqueen.art\/tienda\/year\/2022\/el-rosa-y-el-azul\/#primaryimage"},"thumbnailUrl":"https:\/\/paintingqueen.art\/wp-content\/uploads\/2025\/12\/IMG_9418-1-scaled.jpeg","datePublished":"2025-12-17T14:30:37+00:00","dateModified":"2026-01-06T23:06:08+00:00","breadcrumb":{"@id":"https:\/\/paintingqueen.art\/tienda\/year\/2022\/el-rosa-y-el-azul\/#breadcrumb"},"inLanguage":"fr-FR","potentialAction":[{"@type":"ReadAction","target":["https:\/\/paintingqueen.art\/tienda\/year\/2022\/el-rosa-y-el-azul\/"]}]},{"@type":"ImageObject","inLanguage":"fr-FR","@id":"https:\/\/paintingqueen.art\/tienda\/year\/2022\/el-rosa-y-el-azul\/#primaryimage","url":"https:\/\/paintingqueen.art\/wp-content\/uploads\/2025\/12\/IMG_9418-1-scaled.jpeg","contentUrl":"https:\/\/paintingqueen.art\/wp-content\/uploads\/2025\/12\/IMG_9418-1-scaled.jpeg","width":1749,"height":2560},{"@type":"BreadcrumbList","@id":"https:\/\/paintingqueen.art\/tienda\/year\/2022\/el-rosa-y-el-azul\/#breadcrumb","itemListElement":[{"@type":"ListItem","position":1,"name":"Portada","item":"https:\/\/paintingqueen.art\/"},{"@type":"ListItem","position":2,"name":"Produkte","item":"https:\/\/paintingqueen.art\/de\/shop\/"},{"@type":"ListItem","position":3,"name":"El Rosa y el Azul"}]},{"@type":"WebSite","@id":"https:\/\/paintingqueen.art\/#website","url":"https:\/\/paintingqueen.art\/","name":"Painting Queen","description":"Visual Artist","publisher":{"@id":"https:\/\/paintingqueen.art\/#organization"},"potentialAction":[{"@type":"SearchAction","target":{"@type":"EntryPoint","urlTemplate":"https:\/\/paintingqueen.art\/?s={search_term_string}"},"query-input":{"@type":"PropertyValueSpecification","valueRequired":true,"valueName":"search_term_string"}}],"inLanguage":"fr-FR"},{"@type":"Organization","@id":"https:\/\/paintingqueen.art\/#organization","name":"Painting Queen","url":"https:\/\/paintingqueen.art\/","logo":{"@type":"ImageObject","inLanguage":"fr-FR","@id":"https:\/\/paintingqueen.art\/#\/schema\/logo\/image\/","url":"https:\/\/paintingqueen.art\/wp-content\/uploads\/2021\/04\/cropped-ONDA.-1-1.jpg","contentUrl":"https:\/\/paintingqueen.art\/wp-content\/uploads\/2021\/04\/cropped-ONDA.-1-1.jpg","width":459,"height":118,"caption":"Painting Queen"},"image":{"@id":"https:\/\/paintingqueen.art\/#\/schema\/logo\/image\/"}}]}},"_links":{"self":[{"href":"https:\/\/paintingqueen.art\/fr\/wp-json\/wp\/v2\/product\/5210","targetHints":{"allow":["GET"]}}],"collection":[{"href":"https:\/\/paintingqueen.art\/fr\/wp-json\/wp\/v2\/product"}],"about":[{"href":"https:\/\/paintingqueen.art\/fr\/wp-json\/wp\/v2\/types\/product"}],"wp:featuredmedia":[{"embeddable":true,"href":"https:\/\/paintingqueen.art\/fr\/wp-json\/wp\/v2\/media\/5209"}],"wp:attachment":[{"href":"https:\/\/paintingqueen.art\/fr\/wp-json\/wp\/v2\/media?parent=5210"}],"wp:term":[{"taxonomy":"product_brand","embeddable":true,"href":"https:\/\/paintingqueen.art\/fr\/wp-json\/wp\/v2\/product_brand?post=5210"},{"taxonomy":"product_cat","embeddable":true,"href":"https:\/\/paintingqueen.art\/fr\/wp-json\/wp\/v2\/product_cat?post=5210"},{"taxonomy":"product_tag","embeddable":true,"href":"https:\/\/paintingqueen.art\/fr\/wp-json\/wp\/v2\/product_tag?post=5210"}],"curies":[{"name":"wp","href":"https:\/\/api.w.org\/{rel}","templated":true}]}}