{"id":4938,"date":"2025-05-31T21:47:29","date_gmt":"2025-05-31T21:47:29","guid":{"rendered":"https:\/\/paintingqueen.art\/?post_type=product&#038;p=4938"},"modified":"2026-01-14T21:30:01","modified_gmt":"2026-01-14T21:30:01","slug":"baroque-bulldog","status":"publish","type":"product","link":"https:\/\/paintingqueen.art\/fr\/tienda\/year\/2025\/baroque-bulldog\/","title":{"rendered":"Baroque Bulldog"},"content":{"rendered":"","protected":false},"excerpt":{"rendered":"<p><strong data-start=\"377\" data-end=\"388\">Technique :<\/strong> Huile sur lin<br data-start=\"401\" data-end=\"404\" \/><strong data-start=\"404\" data-end=\"419\">Dimensions :<\/strong> 40 x 40 cm<br data-start=\"430\" data-end=\"433\" \/><strong data-start=\"433\" data-end=\"442\">Ann\u00e9e :<\/strong> 2025<br data-start=\"476\" data-end=\"479\" \/><strong data-start=\"479\" data-end=\"489\">Style :<\/strong> Baroque pop-surr\u00e9aliste avec humour aristocratique et repr\u00e9sentation animale anthropomorphe.<\/p>\n<p data-start=\"1641\" data-end=\"2120\"><strong data-start=\"1641\" data-end=\"1668\">Description<\/strong><br data-start=\"1668\" data-end=\"1671\" \/><em data-start=\"1671\" data-end=\"1688\">Baroque Bulldog<\/em> repr\u00e9sente un bouledogue fran\u00e7ais allong\u00e9 majestueusement sur une m\u00e9ridienne baroque tapiss\u00e9e de fleurs, encadr\u00e9e par un rideau richement d\u00e9cor\u00e9. L\u2019\u00e9l\u00e9ment central qui transforme la sc\u00e8ne en ic\u00f4ne baroque est la perruque blanche orn\u00e9e de dorures \u2014symbole de pouvoir, de vanit\u00e9 et de mise en sc\u00e8ne. Le tableau marie la tradition du portrait aristocratique \u00e0 une approche contemporaine et d\u00e9cal\u00e9e en dotant l\u2019animal d\u2019une noblesse humaine.<\/p>\n<p data-start=\"2122\" data-end=\"2461\"><strong data-start=\"2122\" data-end=\"2149\">Signification et importance<\/strong><br data-start=\"2149\" data-end=\"2152\" \/>L\u2019\u0153uvre joue avec les codes du pouvoir, de l\u2019absurde et du raffinement, en attribuant \u00e0 un chien des attributs humains et aristocratiques. C\u2019est une satire visuelle, mais aussi un hommage tendre \u00e0 nos compagnons \u00e0 quatre pattes : nobles, dr\u00f4les, dignes et un peu ridicules \u2014comme nous tous.<\/p>\n<div id='gallery-1' class='gallery galleryid-4938 gallery-columns-3 gallery-size-thumbnail'>\n<figure class='gallery-item'>\n<div class='gallery-icon portrait'>\n\t\t\t\t<a href='https:\/\/paintingqueen.art\/fr\/?attachment_id=4936'><img width=\"150\" height=\"150\" src=\"https:\/\/paintingqueen.art\/wp-content\/uploads\/2025\/05\/IMG_7518-150x150.jpeg\" class=\"attachment-thumbnail size-thumbnail\" alt=\"\" decoding=\"async\" srcset=\"https:\/\/paintingqueen.art\/wp-content\/uploads\/2025\/05\/IMG_7518-150x150.jpeg 150w, https:\/\/paintingqueen.art\/wp-content\/uploads\/2025\/05\/IMG_7518-300x300.jpeg 300w, https:\/\/paintingqueen.art\/wp-content\/uploads\/2025\/05\/IMG_7518-100x100.jpeg 100w\" sizes=\"(max-width: 150px) 100vw, 150px\" \/><\/a>\n\t\t\t<\/div>\n<\/figure>\n<figure class='gallery-item'>\n<div class='gallery-icon portrait'>\n\t\t\t\t<a href='https:\/\/paintingqueen.art\/fr\/?attachment_id=4937'><img width=\"150\" height=\"150\" src=\"https:\/\/paintingqueen.art\/wp-content\/uploads\/2025\/05\/IMG_7520-150x150.jpeg\" class=\"attachment-thumbnail size-thumbnail\" alt=\"\" decoding=\"async\" srcset=\"https:\/\/paintingqueen.art\/wp-content\/uploads\/2025\/05\/IMG_7520-150x150.jpeg 150w, https:\/\/paintingqueen.art\/wp-content\/uploads\/2025\/05\/IMG_7520-300x300.jpeg 300w, https:\/\/paintingqueen.art\/wp-content\/uploads\/2025\/05\/IMG_7520-100x100.jpeg 100w\" sizes=\"(max-width: 150px) 100vw, 150px\" \/><\/a>\n\t\t\t<\/div>\n<\/figure>\n<figure class='gallery-item'>\n<div class='gallery-icon portrait'>\n\t\t\t\t<a href='https:\/\/paintingqueen.art\/fr\/?attachment_id=4935'><img width=\"150\" height=\"150\" src=\"https:\/\/paintingqueen.art\/wp-content\/uploads\/2025\/05\/IMG_7517-150x150.jpeg\" class=\"attachment-thumbnail size-thumbnail\" alt=\"\" decoding=\"async\" srcset=\"https:\/\/paintingqueen.art\/wp-content\/uploads\/2025\/05\/IMG_7517-150x150.jpeg 150w, https:\/\/paintingqueen.art\/wp-content\/uploads\/2025\/05\/IMG_7517-300x300.jpeg 300w, https:\/\/paintingqueen.art\/wp-content\/uploads\/2025\/05\/IMG_7517-100x100.jpeg 100w\" sizes=\"(max-width: 150px) 100vw, 150px\" \/><\/a>\n\t\t\t<\/div>\n<\/figure>\n<figure class='gallery-item'>\n<div class='gallery-icon portrait'>\n\t\t\t\t<a href='https:\/\/paintingqueen.art\/fr\/?attachment_id=4934'><img loading=\"lazy\" width=\"150\" height=\"150\" src=\"https:\/\/paintingqueen.art\/wp-content\/uploads\/2025\/05\/IMG_7516-150x150.jpeg\" class=\"attachment-thumbnail size-thumbnail\" alt=\"\" decoding=\"async\" srcset=\"https:\/\/paintingqueen.art\/wp-content\/uploads\/2025\/05\/IMG_7516-150x150.jpeg 150w, https:\/\/paintingqueen.art\/wp-content\/uploads\/2025\/05\/IMG_7516-300x300.jpeg 300w, https:\/\/paintingqueen.art\/wp-content\/uploads\/2025\/05\/IMG_7516-100x100.jpeg 100w\" sizes=\"(max-width: 150px) 100vw, 150px\" \/><\/a>\n\t\t\t<\/div>\n<\/figure>\n<figure class='gallery-item'>\n<div class='gallery-icon portrait'>\n\t\t\t\t<a href='https:\/\/paintingqueen.art\/fr\/?attachment_id=4933'><img loading=\"lazy\" width=\"150\" height=\"150\" src=\"https:\/\/paintingqueen.art\/wp-content\/uploads\/2025\/05\/IMG_7515-150x150.jpeg\" class=\"attachment-thumbnail size-thumbnail\" alt=\"\" decoding=\"async\" srcset=\"https:\/\/paintingqueen.art\/wp-content\/uploads\/2025\/05\/IMG_7515-150x150.jpeg 150w, https:\/\/paintingqueen.art\/wp-content\/uploads\/2025\/05\/IMG_7515-300x300.jpeg 300w, https:\/\/paintingqueen.art\/wp-content\/uploads\/2025\/05\/IMG_7515-100x100.jpeg 100w\" sizes=\"(max-width: 150px) 100vw, 150px\" \/><\/a>\n\t\t\t<\/div>\n<\/figure>\n<figure class='gallery-item'>\n<div class='gallery-icon portrait'>\n\t\t\t\t<a href='https:\/\/paintingqueen.art\/fr\/?attachment_id=4932'><img loading=\"lazy\" width=\"150\" height=\"150\" src=\"https:\/\/paintingqueen.art\/wp-content\/uploads\/2025\/05\/IMG_7514-1-150x150.jpeg\" class=\"attachment-thumbnail size-thumbnail\" alt=\"\" decoding=\"async\" srcset=\"https:\/\/paintingqueen.art\/wp-content\/uploads\/2025\/05\/IMG_7514-1-150x150.jpeg 150w, https:\/\/paintingqueen.art\/wp-content\/uploads\/2025\/05\/IMG_7514-1-1015x1024.jpeg 1015w, https:\/\/paintingqueen.art\/wp-content\/uploads\/2025\/05\/IMG_7514-1-768x775.jpeg 768w, https:\/\/paintingqueen.art\/wp-content\/uploads\/2025\/05\/IMG_7514-1-1523x1536.jpeg 1523w, https:\/\/paintingqueen.art\/wp-content\/uploads\/2025\/05\/IMG_7514-1-2031x2048.jpeg 2031w, https:\/\/paintingqueen.art\/wp-content\/uploads\/2025\/05\/IMG_7514-1-12x12.jpeg 12w, https:\/\/paintingqueen.art\/wp-content\/uploads\/2025\/05\/IMG_7514-1-300x300.jpeg 300w, https:\/\/paintingqueen.art\/wp-content\/uploads\/2025\/05\/IMG_7514-1-600x605.jpeg 600w, https:\/\/paintingqueen.art\/wp-content\/uploads\/2025\/05\/IMG_7514-1-100x100.jpeg 100w\" sizes=\"(max-width: 150px) 100vw, 150px\" \/><\/a>\n\t\t\t<\/div>\n<\/figure><\/div>","protected":false},"featured_media":4932,"template":"","meta":{"site-sidebar-layout":"default","site-content-layout":"","ast-site-content-layout":"default","site-content-style":"default","site-sidebar-style":"default","ast-global-header-display":"","ast-banner-title-visibility":"","ast-main-header-display":"","ast-hfb-above-header-display":"","ast-hfb-below-header-display":"","ast-hfb-mobile-header-display":"","site-post-title":"","ast-breadcrumbs-content":"","ast-featured-img":"","footer-sml-layout":"","ast-disable-related-posts":"","theme-transparent-header-meta":"default","adv-header-id-meta":"","stick-header-meta":"","header-above-stick-meta":"","header-main-stick-meta":"","header-below-stick-meta":"","astra-migrate-meta-layouts":"set","ast-page-background-enabled":"default","ast-page-background-meta":{"desktop":{"background-color":"","background-image":"","background-repeat":"repeat","background-position":"center center","background-size":"auto","background-attachment":"scroll","background-type":"","background-media":"","overlay-type":"","overlay-color":"","overlay-opacity":"","overlay-gradient":""},"tablet":{"background-color":"","background-image":"","background-repeat":"repeat","background-position":"center center","background-size":"auto","background-attachment":"scroll","background-type":"","background-media":"","overlay-type":"","overlay-color":"","overlay-opacity":"","overlay-gradient":""},"mobile":{"background-color":"","background-image":"","background-repeat":"repeat","background-position":"center center","background-size":"auto","background-attachment":"scroll","background-type":"","background-media":"","overlay-type":"","overlay-color":"","overlay-opacity":"","overlay-gradient":""}},"ast-content-background-meta":{"desktop":{"background-color":"var(--ast-global-color-5)","background-image":"","background-repeat":"repeat","background-position":"center center","background-size":"auto","background-attachment":"scroll","background-type":"","background-media":"","overlay-type":"","overlay-color":"","overlay-opacity":"","overlay-gradient":""},"tablet":{"background-color":"var(--ast-global-color-5)","background-image":"","background-repeat":"repeat","background-position":"center center","background-size":"auto","background-attachment":"scroll","background-type":"","background-media":"","overlay-type":"","overlay-color":"","overlay-opacity":"","overlay-gradient":""},"mobile":{"background-color":"var(--ast-global-color-5)","background-image":"","background-repeat":"repeat","background-position":"center center","background-size":"auto","background-attachment":"scroll","background-type":"","background-media":"","overlay-type":"","overlay-color":"","overlay-opacity":"","overlay-gradient":""}},"_joinchat":[]},"product_brand":[],"product_cat":[344,325,318,332,327,334],"product_tag":[],"class_list":{"0":"post-4938","1":"product","2":"type-product","3":"status-publish","4":"has-post-thumbnail","6":"product_cat-344","7":"product_cat-baroque","8":"product_cat-oil","9":"product_cat-pets","10":"product_cat-surrealism","11":"product_cat-wigs-and-aristocracy","12":"desktop-align-left","13":"tablet-align-left","14":"mobile-align-left","16":"first","17":"instock","18":"taxable","19":"shipping-taxable","20":"purchasable","21":"product-type-simple"},"yoast_head":"<!-- This site is optimized with the Yoast SEO plugin v27.5 - https:\/\/yoast.com\/product\/yoast-seo-wordpress\/ -->\n<title>Baroque Bulldog - Painting Queen<\/title>\n<meta name=\"robots\" content=\"index, follow, max-snippet:-1, max-image-preview:large, max-video-preview:-1\" \/>\n<link rel=\"canonical\" href=\"https:\/\/paintingqueen.art\/fr\/tienda\/year\/2025\/baroque-bulldog\/\" \/>\n<meta property=\"og:locale\" content=\"fr_FR\" \/>\n<meta property=\"og:type\" content=\"article\" \/>\n<meta property=\"og:title\" content=\"Baroque Bulldog - Painting Queen\" \/>\n<meta property=\"og:description\" content=\"Medium: Oil on linenDimensions: 40 x 40 cmYear: 2025Style: Pop-surrealist Baroque with courtly humor and anthropomorphic animal representation. Description:Baroque Bulldog features a French bulldog resting majestically on a floral-upholstered Baroque chaise longue, framed by a richly draped curtain. What transforms the scene from picturesque to iconic is the elaborate white wig adorned with golden baubles \u2014a theatrical symbol of power, status, and decadence. The painting blends the tradition of aristocratic portraiture with a modern, whimsical twist by anthropomorphizing a pet with noble flair. Meaning &amp; Significance:This piece plays with the imagery of vanity, status, and theatricality by attributing human \u2014and aristocratic\u2014 traits to a dog posing with absolute poise. It is both a visual satire and a tribute to the emotional grandeur we assign to our pets. Equal parts humorous, technically refined, and culturally sharp.\" \/>\n<meta property=\"og:url\" content=\"https:\/\/paintingqueen.art\/fr\/tienda\/year\/2025\/baroque-bulldog\/\" \/>\n<meta property=\"og:site_name\" content=\"Painting Queen\" \/>\n<meta property=\"article:modified_time\" content=\"2026-01-14T21:30:01+00:00\" \/>\n<meta property=\"og:image\" content=\"https:\/\/paintingqueen.art\/wp-content\/uploads\/2025\/05\/IMG_7514-1-scaled.jpeg\" \/>\n\t<meta property=\"og:image:width\" content=\"2538\" \/>\n\t<meta property=\"og:image:height\" content=\"2560\" \/>\n\t<meta property=\"og:image:type\" content=\"image\/jpeg\" \/>\n<meta name=\"twitter:card\" content=\"summary_large_image\" \/>\n<meta name=\"twitter:label1\" content=\"Dur\u00e9e de lecture estim\u00e9e\" \/>\n\t<meta name=\"twitter:data1\" content=\"1 minute\" \/>\n<script type=\"application\/ld+json\" class=\"yoast-schema-graph\">{\"@context\":\"https:\\\/\\\/schema.org\",\"@graph\":[{\"@type\":\"WebPage\",\"@id\":\"https:\\\/\\\/paintingqueen.art\\\/tienda\\\/year\\\/2025\\\/baroque-bulldog\\\/\",\"url\":\"https:\\\/\\\/paintingqueen.art\\\/tienda\\\/year\\\/2025\\\/baroque-bulldog\\\/\",\"name\":\"Baroque Bulldog - Painting Queen\",\"isPartOf\":{\"@id\":\"https:\\\/\\\/paintingqueen.art\\\/#website\"},\"primaryImageOfPage\":{\"@id\":\"https:\\\/\\\/paintingqueen.art\\\/tienda\\\/year\\\/2025\\\/baroque-bulldog\\\/#primaryimage\"},\"image\":{\"@id\":\"https:\\\/\\\/paintingqueen.art\\\/tienda\\\/year\\\/2025\\\/baroque-bulldog\\\/#primaryimage\"},\"thumbnailUrl\":\"https:\\\/\\\/paintingqueen.art\\\/wp-content\\\/uploads\\\/2025\\\/05\\\/IMG_7514-1-scaled.jpeg\",\"datePublished\":\"2025-05-31T21:47:29+00:00\",\"dateModified\":\"2026-01-14T21:30:01+00:00\",\"breadcrumb\":{\"@id\":\"https:\\\/\\\/paintingqueen.art\\\/tienda\\\/year\\\/2025\\\/baroque-bulldog\\\/#breadcrumb\"},\"inLanguage\":\"fr-FR\",\"potentialAction\":[{\"@type\":\"ReadAction\",\"target\":[\"https:\\\/\\\/paintingqueen.art\\\/tienda\\\/year\\\/2025\\\/baroque-bulldog\\\/\"]}]},{\"@type\":\"ImageObject\",\"inLanguage\":\"fr-FR\",\"@id\":\"https:\\\/\\\/paintingqueen.art\\\/tienda\\\/year\\\/2025\\\/baroque-bulldog\\\/#primaryimage\",\"url\":\"https:\\\/\\\/paintingqueen.art\\\/wp-content\\\/uploads\\\/2025\\\/05\\\/IMG_7514-1-scaled.jpeg\",\"contentUrl\":\"https:\\\/\\\/paintingqueen.art\\\/wp-content\\\/uploads\\\/2025\\\/05\\\/IMG_7514-1-scaled.jpeg\",\"width\":2538,\"height\":2560},{\"@type\":\"BreadcrumbList\",\"@id\":\"https:\\\/\\\/paintingqueen.art\\\/tienda\\\/year\\\/2025\\\/baroque-bulldog\\\/#breadcrumb\",\"itemListElement\":[{\"@type\":\"ListItem\",\"position\":1,\"name\":\"Portada\",\"item\":\"https:\\\/\\\/paintingqueen.art\\\/\"},{\"@type\":\"ListItem\",\"position\":2,\"name\":\"Produkte\",\"item\":\"https:\\\/\\\/paintingqueen.art\\\/de\\\/shop\\\/\"},{\"@type\":\"ListItem\",\"position\":3,\"name\":\"Baroque Bulldog\"}]},{\"@type\":\"WebSite\",\"@id\":\"https:\\\/\\\/paintingqueen.art\\\/#website\",\"url\":\"https:\\\/\\\/paintingqueen.art\\\/\",\"name\":\"Painting Queen\",\"description\":\"Visual Artist\",\"publisher\":{\"@id\":\"https:\\\/\\\/paintingqueen.art\\\/#organization\"},\"potentialAction\":[{\"@type\":\"SearchAction\",\"target\":{\"@type\":\"EntryPoint\",\"urlTemplate\":\"https:\\\/\\\/paintingqueen.art\\\/?s={search_term_string}\"},\"query-input\":{\"@type\":\"PropertyValueSpecification\",\"valueRequired\":true,\"valueName\":\"search_term_string\"}}],\"inLanguage\":\"fr-FR\"},{\"@type\":\"Organization\",\"@id\":\"https:\\\/\\\/paintingqueen.art\\\/#organization\",\"name\":\"Painting Queen\",\"url\":\"https:\\\/\\\/paintingqueen.art\\\/\",\"logo\":{\"@type\":\"ImageObject\",\"inLanguage\":\"fr-FR\",\"@id\":\"https:\\\/\\\/paintingqueen.art\\\/#\\\/schema\\\/logo\\\/image\\\/\",\"url\":\"https:\\\/\\\/paintingqueen.art\\\/wp-content\\\/uploads\\\/2021\\\/04\\\/cropped-ONDA.-1-1.jpg\",\"contentUrl\":\"https:\\\/\\\/paintingqueen.art\\\/wp-content\\\/uploads\\\/2021\\\/04\\\/cropped-ONDA.-1-1.jpg\",\"width\":459,\"height\":118,\"caption\":\"Painting Queen\"},\"image\":{\"@id\":\"https:\\\/\\\/paintingqueen.art\\\/#\\\/schema\\\/logo\\\/image\\\/\"}}]}<\/script>\n<!-- \/ Yoast SEO plugin. -->","yoast_head_json":{"title":"Baroque Bulldog - Painting Queen","robots":{"index":"index","follow":"follow","max-snippet":"max-snippet:-1","max-image-preview":"max-image-preview:large","max-video-preview":"max-video-preview:-1"},"canonical":"https:\/\/paintingqueen.art\/fr\/tienda\/year\/2025\/baroque-bulldog\/","og_locale":"fr_FR","og_type":"article","og_title":"Baroque Bulldog - Painting Queen","og_description":"Medium: Oil on linenDimensions: 40 x 40 cmYear: 2025Style: Pop-surrealist Baroque with courtly humor and anthropomorphic animal representation. Description:Baroque Bulldog features a French bulldog resting majestically on a floral-upholstered Baroque chaise longue, framed by a richly draped curtain. What transforms the scene from picturesque to iconic is the elaborate white wig adorned with golden baubles \u2014a theatrical symbol of power, status, and decadence. The painting blends the tradition of aristocratic portraiture with a modern, whimsical twist by anthropomorphizing a pet with noble flair. Meaning &amp; Significance:This piece plays with the imagery of vanity, status, and theatricality by attributing human \u2014and aristocratic\u2014 traits to a dog posing with absolute poise. It is both a visual satire and a tribute to the emotional grandeur we assign to our pets. Equal parts humorous, technically refined, and culturally sharp.","og_url":"https:\/\/paintingqueen.art\/fr\/tienda\/year\/2025\/baroque-bulldog\/","og_site_name":"Painting Queen","article_modified_time":"2026-01-14T21:30:01+00:00","og_image":[{"width":2538,"height":2560,"url":"https:\/\/paintingqueen.art\/wp-content\/uploads\/2025\/05\/IMG_7514-1-scaled.jpeg","type":"image\/jpeg"}],"twitter_card":"summary_large_image","twitter_misc":{"Dur\u00e9e de lecture estim\u00e9e":"1 minute"},"schema":{"@context":"https:\/\/schema.org","@graph":[{"@type":"WebPage","@id":"https:\/\/paintingqueen.art\/tienda\/year\/2025\/baroque-bulldog\/","url":"https:\/\/paintingqueen.art\/tienda\/year\/2025\/baroque-bulldog\/","name":"Baroque Bulldog - Painting Queen","isPartOf":{"@id":"https:\/\/paintingqueen.art\/#website"},"primaryImageOfPage":{"@id":"https:\/\/paintingqueen.art\/tienda\/year\/2025\/baroque-bulldog\/#primaryimage"},"image":{"@id":"https:\/\/paintingqueen.art\/tienda\/year\/2025\/baroque-bulldog\/#primaryimage"},"thumbnailUrl":"https:\/\/paintingqueen.art\/wp-content\/uploads\/2025\/05\/IMG_7514-1-scaled.jpeg","datePublished":"2025-05-31T21:47:29+00:00","dateModified":"2026-01-14T21:30:01+00:00","breadcrumb":{"@id":"https:\/\/paintingqueen.art\/tienda\/year\/2025\/baroque-bulldog\/#breadcrumb"},"inLanguage":"fr-FR","potentialAction":[{"@type":"ReadAction","target":["https:\/\/paintingqueen.art\/tienda\/year\/2025\/baroque-bulldog\/"]}]},{"@type":"ImageObject","inLanguage":"fr-FR","@id":"https:\/\/paintingqueen.art\/tienda\/year\/2025\/baroque-bulldog\/#primaryimage","url":"https:\/\/paintingqueen.art\/wp-content\/uploads\/2025\/05\/IMG_7514-1-scaled.jpeg","contentUrl":"https:\/\/paintingqueen.art\/wp-content\/uploads\/2025\/05\/IMG_7514-1-scaled.jpeg","width":2538,"height":2560},{"@type":"BreadcrumbList","@id":"https:\/\/paintingqueen.art\/tienda\/year\/2025\/baroque-bulldog\/#breadcrumb","itemListElement":[{"@type":"ListItem","position":1,"name":"Portada","item":"https:\/\/paintingqueen.art\/"},{"@type":"ListItem","position":2,"name":"Produkte","item":"https:\/\/paintingqueen.art\/de\/shop\/"},{"@type":"ListItem","position":3,"name":"Baroque Bulldog"}]},{"@type":"WebSite","@id":"https:\/\/paintingqueen.art\/#website","url":"https:\/\/paintingqueen.art\/","name":"Painting Queen","description":"Visual Artist","publisher":{"@id":"https:\/\/paintingqueen.art\/#organization"},"potentialAction":[{"@type":"SearchAction","target":{"@type":"EntryPoint","urlTemplate":"https:\/\/paintingqueen.art\/?s={search_term_string}"},"query-input":{"@type":"PropertyValueSpecification","valueRequired":true,"valueName":"search_term_string"}}],"inLanguage":"fr-FR"},{"@type":"Organization","@id":"https:\/\/paintingqueen.art\/#organization","name":"Painting Queen","url":"https:\/\/paintingqueen.art\/","logo":{"@type":"ImageObject","inLanguage":"fr-FR","@id":"https:\/\/paintingqueen.art\/#\/schema\/logo\/image\/","url":"https:\/\/paintingqueen.art\/wp-content\/uploads\/2021\/04\/cropped-ONDA.-1-1.jpg","contentUrl":"https:\/\/paintingqueen.art\/wp-content\/uploads\/2021\/04\/cropped-ONDA.-1-1.jpg","width":459,"height":118,"caption":"Painting Queen"},"image":{"@id":"https:\/\/paintingqueen.art\/#\/schema\/logo\/image\/"}}]}},"_links":{"self":[{"href":"https:\/\/paintingqueen.art\/fr\/wp-json\/wp\/v2\/product\/4938","targetHints":{"allow":["GET"]}}],"collection":[{"href":"https:\/\/paintingqueen.art\/fr\/wp-json\/wp\/v2\/product"}],"about":[{"href":"https:\/\/paintingqueen.art\/fr\/wp-json\/wp\/v2\/types\/product"}],"wp:featuredmedia":[{"embeddable":true,"href":"https:\/\/paintingqueen.art\/fr\/wp-json\/wp\/v2\/media\/4932"}],"wp:attachment":[{"href":"https:\/\/paintingqueen.art\/fr\/wp-json\/wp\/v2\/media?parent=4938"}],"wp:term":[{"taxonomy":"product_brand","embeddable":true,"href":"https:\/\/paintingqueen.art\/fr\/wp-json\/wp\/v2\/product_brand?post=4938"},{"taxonomy":"product_cat","embeddable":true,"href":"https:\/\/paintingqueen.art\/fr\/wp-json\/wp\/v2\/product_cat?post=4938"},{"taxonomy":"product_tag","embeddable":true,"href":"https:\/\/paintingqueen.art\/fr\/wp-json\/wp\/v2\/product_tag?post=4938"}],"curies":[{"name":"wp","href":"https:\/\/api.w.org\/{rel}","templated":true}]}}