{"id":4864,"date":"2025-04-08T07:22:51","date_gmt":"2025-04-08T07:22:51","guid":{"rendered":"https:\/\/paintingqueen.art\/?post_type=product&#038;p=4864"},"modified":"2025-11-17T15:57:11","modified_gmt":"2025-11-17T15:57:11","slug":"la-peur-sucree","status":"publish","type":"product","link":"https:\/\/paintingqueen.art\/fr\/tienda\/year\/2025\/la-peur-sucree\/","title":{"rendered":"La peur sucr\u00e9e"},"content":{"rendered":"<p class=\"\" data-start=\"224\" data-end=\"277\"><strong data-start=\"224\" data-end=\"253\">Oil on canvas, 30 x 30 cm<\/strong><br data-start=\"253\" data-end=\"256\" \/>by <strong data-start=\"259\" data-end=\"277\">Painting Queen<\/strong><\/p>\n<p class=\"\" data-start=\"279\" data-end=\"397\">Une petite aristocrate \u00e9clate de rire \ud83d\udc51 \u2014 amus\u00e9e, peut-\u00eatre ravie \u2014 en regardant un \u0153uf en chocolat tremblant \ud83c\udf6b.\n\nQuel secret renferme l\u2019\u0153uf ?\nTremble-t-il de peur\u2026 ou dans l\u2019attente d\u2019\u00eatre d\u00e9vor\u00e9 ?\n\nLa peur sucr\u00e9e saisit un moment ludique de suspense, o\u00f9 l\u2019\u00e9l\u00e9gance baroque rencontre l\u2019absurdit\u00e9. Peinte avec un luxe de d\u00e9tails et un esprit th\u00e9\u00e2tral, la sc\u00e8ne plonge le spectateur dans un univers o\u00f9 nourriture, \u00e9motion et identit\u00e9 se m\u00ealent dans un rituel surr\u00e9aliste et fantaisiste.<\/p>\n<p class=\"\" data-start=\"399\" data-end=\"498\">What secret does the egg hold?<br data-start=\"429\" data-end=\"432\" \/>Is it fear that makes it shake\u2026 or anticipation of being devoured?<\/p>\n<p class=\"\" data-start=\"500\" data-end=\"779\"><em data-start=\"500\" data-end=\"516\">La peur sucr\u00e9e<\/em> (The Sweet Fear) captures a playful moment of suspense, where baroque elegance meets absurdity. Painted with opulent detail and a theatrical spirit, the scene draws viewers into a universe where food, emotion, and identity blend into a surreal, whimsical ritual.<\/p>","protected":false},"excerpt":{"rendered":"<p class=\"\" data-start=\"279\" data-end=\"397\">Une petite aristocrate \u00e9clate de rire \ud83d\udc51 \u2014 amus\u00e9e, peut-\u00eatre ravie \u2014 en regardant un \u0153uf en chocolat tremblant \ud83c\udf6b.\n\nQuel secret renferme l\u2019\u0153uf ?\nTremble-t-il de peur\u2026 ou dans l\u2019attente d\u2019\u00eatre d\u00e9vor\u00e9 ?\n\nLa peur sucr\u00e9e saisit un moment ludique de suspense, o\u00f9 l\u2019\u00e9l\u00e9gance baroque rencontre l\u2019absurdit\u00e9. Peinte avec un luxe de d\u00e9tails et un esprit th\u00e9\u00e2tral, la sc\u00e8ne plonge le spectateur dans un univers o\u00f9 nourriture, \u00e9motion et identit\u00e9 se m\u00ealent dans un rituel surr\u00e9aliste et fantaisiste.<\/p>\n<p class=\"\" data-start=\"399\" data-end=\"498\">What secret does the egg hold?<br data-start=\"429\" data-end=\"432\" \/>Is it fear that makes it shake\u2026 or anticipation of being devoured?<\/p>\n<p class=\"\" data-start=\"500\" data-end=\"779\"><em data-start=\"500\" data-end=\"516\">La peur sucr\u00e9e<\/em> (The Sweet Fear) captures a playful moment of suspense, where baroque elegance meets absurdity. Painted with opulent detail and a theatrical spirit, the scene draws viewers into a universe where food, emotion, and identity blend into a surreal, whimsical ritual.<\/p>","protected":false},"featured_media":4862,"template":"","meta":{"site-sidebar-layout":"default","site-content-layout":"","ast-site-content-layout":"default","site-content-style":"default","site-sidebar-style":"default","ast-global-header-display":"","ast-banner-title-visibility":"","ast-main-header-display":"","ast-hfb-above-header-display":"","ast-hfb-below-header-display":"","ast-hfb-mobile-header-display":"","site-post-title":"","ast-breadcrumbs-content":"","ast-featured-img":"","footer-sml-layout":"","ast-disable-related-posts":"","theme-transparent-header-meta":"default","adv-header-id-meta":"","stick-header-meta":"","header-above-stick-meta":"","header-main-stick-meta":"","header-below-stick-meta":"","astra-migrate-meta-layouts":"set","ast-page-background-enabled":"default","ast-page-background-meta":{"desktop":{"background-color":"","background-image":"","background-repeat":"repeat","background-position":"center center","background-size":"auto","background-attachment":"scroll","background-type":"","background-media":"","overlay-type":"","overlay-color":"","overlay-opacity":"","overlay-gradient":""},"tablet":{"background-color":"","background-image":"","background-repeat":"repeat","background-position":"center center","background-size":"auto","background-attachment":"scroll","background-type":"","background-media":"","overlay-type":"","overlay-color":"","overlay-opacity":"","overlay-gradient":""},"mobile":{"background-color":"","background-image":"","background-repeat":"repeat","background-position":"center center","background-size":"auto","background-attachment":"scroll","background-type":"","background-media":"","overlay-type":"","overlay-color":"","overlay-opacity":"","overlay-gradient":""}},"ast-content-background-meta":{"desktop":{"background-color":"var(--ast-global-color-5)","background-image":"","background-repeat":"repeat","background-position":"center center","background-size":"auto","background-attachment":"scroll","background-type":"","background-media":"","overlay-type":"","overlay-color":"","overlay-opacity":"","overlay-gradient":""},"tablet":{"background-color":"var(--ast-global-color-5)","background-image":"","background-repeat":"repeat","background-position":"center center","background-size":"auto","background-attachment":"scroll","background-type":"","background-media":"","overlay-type":"","overlay-color":"","overlay-opacity":"","overlay-gradient":""},"mobile":{"background-color":"var(--ast-global-color-5)","background-image":"","background-repeat":"repeat","background-position":"center center","background-size":"auto","background-attachment":"scroll","background-type":"","background-media":"","overlay-type":"","overlay-color":"","overlay-opacity":"","overlay-gradient":""}},"_joinchat":[]},"product_brand":[],"product_cat":[344,325,345,318,354],"product_tag":[346,350,348,349,347],"class_list":{"0":"post-4864","1":"product","2":"type-product","3":"status-publish","4":"has-post-thumbnail","6":"product_cat-344","7":"product_cat-baroque","8":"product_cat-easter","9":"product_cat-oil","10":"product_cat-rococo-artistic-style-movement-or-trend","11":"product_tag-baroque","12":"product_tag-chocolate","13":"product_tag-easter","14":"product_tag-egg","15":"product_tag-rococo","16":"desktop-align-left","17":"tablet-align-left","18":"mobile-align-left","20":"first","21":"instock","22":"taxable","23":"shipping-taxable","24":"purchasable","25":"product-type-simple"},"yoast_head":"<!-- This site is optimized with the Yoast SEO plugin v27.5 - https:\/\/yoast.com\/product\/yoast-seo-wordpress\/ -->\n<title>La peur sucr\u00e9e - Painting Queen<\/title>\n<meta name=\"robots\" content=\"index, follow, max-snippet:-1, max-image-preview:large, max-video-preview:-1\" \/>\n<link rel=\"canonical\" href=\"https:\/\/paintingqueen.art\/fr\/tienda\/year\/2025\/la-peur-sucree\/\" \/>\n<meta property=\"og:locale\" content=\"fr_FR\" \/>\n<meta property=\"og:type\" content=\"article\" \/>\n<meta property=\"og:title\" content=\"La peur sucr\u00e9e - Painting Queen\" \/>\n<meta property=\"og:description\" content=\"A young aristocrat bursts into laughter \ud83d\udc51 \u2014 amused, perhaps delighted \u2014 as she gazes at a trembling chocolate egg \ud83c\udf6b. What secret does the egg hold?Is it fear that makes it shake\u2026 or anticipation of being devoured? La peur sucr\u00e9e (The Sweet Fear) captures a playful moment of suspense, where baroque elegance meets absurdity. Painted with opulent detail and a theatrical spirit, the scene draws viewers into a universe where food, emotion, and identity blend into a surreal, whimsical ritual.\" \/>\n<meta property=\"og:url\" content=\"https:\/\/paintingqueen.art\/fr\/tienda\/year\/2025\/la-peur-sucree\/\" \/>\n<meta property=\"og:site_name\" content=\"Painting Queen\" \/>\n<meta property=\"article:modified_time\" content=\"2025-11-17T15:57:11+00:00\" \/>\n<meta property=\"og:image\" content=\"https:\/\/paintingqueen.art\/wp-content\/uploads\/2025\/04\/IMG_6936-scaled.jpeg\" \/>\n\t<meta property=\"og:image:width\" content=\"2558\" \/>\n\t<meta property=\"og:image:height\" content=\"2560\" \/>\n\t<meta property=\"og:image:type\" content=\"image\/jpeg\" \/>\n<meta name=\"twitter:card\" content=\"summary_large_image\" \/>\n<meta name=\"twitter:label1\" content=\"Dur\u00e9e de lecture estim\u00e9e\" \/>\n\t<meta name=\"twitter:data1\" content=\"1 minute\" \/>\n<script type=\"application\/ld+json\" class=\"yoast-schema-graph\">{\"@context\":\"https:\\\/\\\/schema.org\",\"@graph\":[{\"@type\":\"WebPage\",\"@id\":\"https:\\\/\\\/paintingqueen.art\\\/tienda\\\/year\\\/2025\\\/la-peur-sucree\\\/\",\"url\":\"https:\\\/\\\/paintingqueen.art\\\/tienda\\\/year\\\/2025\\\/la-peur-sucree\\\/\",\"name\":\"La peur sucr\u00e9e - Painting Queen\",\"isPartOf\":{\"@id\":\"https:\\\/\\\/paintingqueen.art\\\/#website\"},\"primaryImageOfPage\":{\"@id\":\"https:\\\/\\\/paintingqueen.art\\\/tienda\\\/year\\\/2025\\\/la-peur-sucree\\\/#primaryimage\"},\"image\":{\"@id\":\"https:\\\/\\\/paintingqueen.art\\\/tienda\\\/year\\\/2025\\\/la-peur-sucree\\\/#primaryimage\"},\"thumbnailUrl\":\"https:\\\/\\\/paintingqueen.art\\\/wp-content\\\/uploads\\\/2025\\\/04\\\/IMG_6936-scaled.jpeg\",\"datePublished\":\"2025-04-08T07:22:51+00:00\",\"dateModified\":\"2025-11-17T15:57:11+00:00\",\"breadcrumb\":{\"@id\":\"https:\\\/\\\/paintingqueen.art\\\/tienda\\\/year\\\/2025\\\/la-peur-sucree\\\/#breadcrumb\"},\"inLanguage\":\"fr-FR\",\"potentialAction\":[{\"@type\":\"ReadAction\",\"target\":[\"https:\\\/\\\/paintingqueen.art\\\/tienda\\\/year\\\/2025\\\/la-peur-sucree\\\/\"]}]},{\"@type\":\"ImageObject\",\"inLanguage\":\"fr-FR\",\"@id\":\"https:\\\/\\\/paintingqueen.art\\\/tienda\\\/year\\\/2025\\\/la-peur-sucree\\\/#primaryimage\",\"url\":\"https:\\\/\\\/paintingqueen.art\\\/wp-content\\\/uploads\\\/2025\\\/04\\\/IMG_6936-scaled.jpeg\",\"contentUrl\":\"https:\\\/\\\/paintingqueen.art\\\/wp-content\\\/uploads\\\/2025\\\/04\\\/IMG_6936-scaled.jpeg\",\"width\":2558,\"height\":2560},{\"@type\":\"BreadcrumbList\",\"@id\":\"https:\\\/\\\/paintingqueen.art\\\/tienda\\\/year\\\/2025\\\/la-peur-sucree\\\/#breadcrumb\",\"itemListElement\":[{\"@type\":\"ListItem\",\"position\":1,\"name\":\"Portada\",\"item\":\"https:\\\/\\\/paintingqueen.art\\\/\"},{\"@type\":\"ListItem\",\"position\":2,\"name\":\"Produkte\",\"item\":\"https:\\\/\\\/paintingqueen.art\\\/de\\\/shop\\\/\"},{\"@type\":\"ListItem\",\"position\":3,\"name\":\"La peur sucr\u00e9e\"}]},{\"@type\":\"WebSite\",\"@id\":\"https:\\\/\\\/paintingqueen.art\\\/#website\",\"url\":\"https:\\\/\\\/paintingqueen.art\\\/\",\"name\":\"Painting Queen\",\"description\":\"Visual Artist\",\"publisher\":{\"@id\":\"https:\\\/\\\/paintingqueen.art\\\/#organization\"},\"potentialAction\":[{\"@type\":\"SearchAction\",\"target\":{\"@type\":\"EntryPoint\",\"urlTemplate\":\"https:\\\/\\\/paintingqueen.art\\\/?s={search_term_string}\"},\"query-input\":{\"@type\":\"PropertyValueSpecification\",\"valueRequired\":true,\"valueName\":\"search_term_string\"}}],\"inLanguage\":\"fr-FR\"},{\"@type\":\"Organization\",\"@id\":\"https:\\\/\\\/paintingqueen.art\\\/#organization\",\"name\":\"Painting Queen\",\"url\":\"https:\\\/\\\/paintingqueen.art\\\/\",\"logo\":{\"@type\":\"ImageObject\",\"inLanguage\":\"fr-FR\",\"@id\":\"https:\\\/\\\/paintingqueen.art\\\/#\\\/schema\\\/logo\\\/image\\\/\",\"url\":\"https:\\\/\\\/paintingqueen.art\\\/wp-content\\\/uploads\\\/2021\\\/04\\\/cropped-ONDA.-1-1.jpg\",\"contentUrl\":\"https:\\\/\\\/paintingqueen.art\\\/wp-content\\\/uploads\\\/2021\\\/04\\\/cropped-ONDA.-1-1.jpg\",\"width\":459,\"height\":118,\"caption\":\"Painting Queen\"},\"image\":{\"@id\":\"https:\\\/\\\/paintingqueen.art\\\/#\\\/schema\\\/logo\\\/image\\\/\"}}]}<\/script>\n<!-- \/ Yoast SEO plugin. -->","yoast_head_json":{"title":"La peur sucr\u00e9e - Painting Queen","robots":{"index":"index","follow":"follow","max-snippet":"max-snippet:-1","max-image-preview":"max-image-preview:large","max-video-preview":"max-video-preview:-1"},"canonical":"https:\/\/paintingqueen.art\/fr\/tienda\/year\/2025\/la-peur-sucree\/","og_locale":"fr_FR","og_type":"article","og_title":"La peur sucr\u00e9e - Painting Queen","og_description":"A young aristocrat bursts into laughter \ud83d\udc51 \u2014 amused, perhaps delighted \u2014 as she gazes at a trembling chocolate egg \ud83c\udf6b. What secret does the egg hold?Is it fear that makes it shake\u2026 or anticipation of being devoured? La peur sucr\u00e9e (The Sweet Fear) captures a playful moment of suspense, where baroque elegance meets absurdity. Painted with opulent detail and a theatrical spirit, the scene draws viewers into a universe where food, emotion, and identity blend into a surreal, whimsical ritual.","og_url":"https:\/\/paintingqueen.art\/fr\/tienda\/year\/2025\/la-peur-sucree\/","og_site_name":"Painting Queen","article_modified_time":"2025-11-17T15:57:11+00:00","og_image":[{"width":2558,"height":2560,"url":"https:\/\/paintingqueen.art\/wp-content\/uploads\/2025\/04\/IMG_6936-scaled.jpeg","type":"image\/jpeg"}],"twitter_card":"summary_large_image","twitter_misc":{"Dur\u00e9e de lecture estim\u00e9e":"1 minute"},"schema":{"@context":"https:\/\/schema.org","@graph":[{"@type":"WebPage","@id":"https:\/\/paintingqueen.art\/tienda\/year\/2025\/la-peur-sucree\/","url":"https:\/\/paintingqueen.art\/tienda\/year\/2025\/la-peur-sucree\/","name":"La peur sucr\u00e9e - Painting Queen","isPartOf":{"@id":"https:\/\/paintingqueen.art\/#website"},"primaryImageOfPage":{"@id":"https:\/\/paintingqueen.art\/tienda\/year\/2025\/la-peur-sucree\/#primaryimage"},"image":{"@id":"https:\/\/paintingqueen.art\/tienda\/year\/2025\/la-peur-sucree\/#primaryimage"},"thumbnailUrl":"https:\/\/paintingqueen.art\/wp-content\/uploads\/2025\/04\/IMG_6936-scaled.jpeg","datePublished":"2025-04-08T07:22:51+00:00","dateModified":"2025-11-17T15:57:11+00:00","breadcrumb":{"@id":"https:\/\/paintingqueen.art\/tienda\/year\/2025\/la-peur-sucree\/#breadcrumb"},"inLanguage":"fr-FR","potentialAction":[{"@type":"ReadAction","target":["https:\/\/paintingqueen.art\/tienda\/year\/2025\/la-peur-sucree\/"]}]},{"@type":"ImageObject","inLanguage":"fr-FR","@id":"https:\/\/paintingqueen.art\/tienda\/year\/2025\/la-peur-sucree\/#primaryimage","url":"https:\/\/paintingqueen.art\/wp-content\/uploads\/2025\/04\/IMG_6936-scaled.jpeg","contentUrl":"https:\/\/paintingqueen.art\/wp-content\/uploads\/2025\/04\/IMG_6936-scaled.jpeg","width":2558,"height":2560},{"@type":"BreadcrumbList","@id":"https:\/\/paintingqueen.art\/tienda\/year\/2025\/la-peur-sucree\/#breadcrumb","itemListElement":[{"@type":"ListItem","position":1,"name":"Portada","item":"https:\/\/paintingqueen.art\/"},{"@type":"ListItem","position":2,"name":"Produkte","item":"https:\/\/paintingqueen.art\/de\/shop\/"},{"@type":"ListItem","position":3,"name":"La peur sucr\u00e9e"}]},{"@type":"WebSite","@id":"https:\/\/paintingqueen.art\/#website","url":"https:\/\/paintingqueen.art\/","name":"Painting Queen","description":"Visual Artist","publisher":{"@id":"https:\/\/paintingqueen.art\/#organization"},"potentialAction":[{"@type":"SearchAction","target":{"@type":"EntryPoint","urlTemplate":"https:\/\/paintingqueen.art\/?s={search_term_string}"},"query-input":{"@type":"PropertyValueSpecification","valueRequired":true,"valueName":"search_term_string"}}],"inLanguage":"fr-FR"},{"@type":"Organization","@id":"https:\/\/paintingqueen.art\/#organization","name":"Painting Queen","url":"https:\/\/paintingqueen.art\/","logo":{"@type":"ImageObject","inLanguage":"fr-FR","@id":"https:\/\/paintingqueen.art\/#\/schema\/logo\/image\/","url":"https:\/\/paintingqueen.art\/wp-content\/uploads\/2021\/04\/cropped-ONDA.-1-1.jpg","contentUrl":"https:\/\/paintingqueen.art\/wp-content\/uploads\/2021\/04\/cropped-ONDA.-1-1.jpg","width":459,"height":118,"caption":"Painting Queen"},"image":{"@id":"https:\/\/paintingqueen.art\/#\/schema\/logo\/image\/"}}]}},"_links":{"self":[{"href":"https:\/\/paintingqueen.art\/fr\/wp-json\/wp\/v2\/product\/4864","targetHints":{"allow":["GET"]}}],"collection":[{"href":"https:\/\/paintingqueen.art\/fr\/wp-json\/wp\/v2\/product"}],"about":[{"href":"https:\/\/paintingqueen.art\/fr\/wp-json\/wp\/v2\/types\/product"}],"wp:featuredmedia":[{"embeddable":true,"href":"https:\/\/paintingqueen.art\/fr\/wp-json\/wp\/v2\/media\/4862"}],"wp:attachment":[{"href":"https:\/\/paintingqueen.art\/fr\/wp-json\/wp\/v2\/media?parent=4864"}],"wp:term":[{"taxonomy":"product_brand","embeddable":true,"href":"https:\/\/paintingqueen.art\/fr\/wp-json\/wp\/v2\/product_brand?post=4864"},{"taxonomy":"product_cat","embeddable":true,"href":"https:\/\/paintingqueen.art\/fr\/wp-json\/wp\/v2\/product_cat?post=4864"},{"taxonomy":"product_tag","embeddable":true,"href":"https:\/\/paintingqueen.art\/fr\/wp-json\/wp\/v2\/product_tag?post=4864"}],"curies":[{"name":"wp","href":"https:\/\/api.w.org\/{rel}","templated":true}]}}