{"id":4668,"date":"2025-03-06T20:50:28","date_gmt":"2025-03-06T20:50:28","guid":{"rendered":"https:\/\/paintingqueen.art\/?post_type=product&#038;p=4668"},"modified":"2026-02-10T07:36:20","modified_gmt":"2026-02-10T07:36:20","slug":"cloud-study-2","status":"publish","type":"product","link":"https:\/\/paintingqueen.art\/fr\/tienda\/year\/2024\/cloud-study-2\/","title":{"rendered":"Cloud Study #2"},"content":{"rendered":"<h3 data-start=\"1436\" data-end=\"1460\"><strong data-start=\"1440\" data-end=\"1458\">Cloud Study #2<\/strong><\/h3>\n<p data-start=\"1461\" data-end=\"1568\"><strong data-start=\"1461\" data-end=\"1472\">Technique :<\/strong> Oil on canvas<br data-start=\"1486\" data-end=\"1489\" \/><strong data-start=\"1489\" data-end=\"1504\">Dimensions :<\/strong> 80 x 80 cm<br data-start=\"1515\" data-end=\"1518\" \/><strong data-start=\"1518\" data-end=\"1527\">Ann\u00e9e :<\/strong> 2024<br data-start=\"1532\" data-end=\"1535\" \/><strong data-start=\"1535\" data-end=\"1545\">Style :<\/strong> Baroque, sky studies<\/p>\n<p data-start=\"1570\" data-end=\"1736\"><strong data-start=\"1570\" data-end=\"1586\">Description<\/strong><br data-start=\"1586\" data-end=\"1589\" \/>Dans le cadre de l\u2019exploration continue du ciel par l\u2019artiste, cette \u0153uvre saisit l\u2019atmosph\u00e8re en perp\u00e9tuelle transformation \u00e0 travers des textures riches et une lumi\u00e8re dramatique.<\/p>\n<p data-start=\"1738\" data-end=\"1921\"><strong data-start=\"1738\" data-end=\"1765\">Signification et importance<\/strong><br data-start=\"1765\" data-end=\"1768\" \/>Le ciel symbolise depuis longtemps le divin et l\u2019inatteignable, et cette peinture \u00e9voque ce sentiment d\u2019\u00e9merveillement avec une force visuelle qui invite \u00e0 la contemplation.<\/p>","protected":false},"excerpt":{"rendered":"<h3 data-start=\"1436\" data-end=\"1460\"><strong data-start=\"1440\" data-end=\"1458\">Cloud Study #2<\/strong><\/h3>\n<p data-start=\"1461\" data-end=\"1568\"><strong data-start=\"1461\" data-end=\"1472\">Technique :<\/strong> Oil on canvas<br data-start=\"1486\" data-end=\"1489\" \/><strong data-start=\"1489\" data-end=\"1504\">Dimensions :<\/strong> 80 x 80 cm<br data-start=\"1515\" data-end=\"1518\" \/><strong data-start=\"1518\" data-end=\"1527\">Ann\u00e9e :<\/strong> 2024<br data-start=\"1532\" data-end=\"1535\" \/><strong data-start=\"1535\" data-end=\"1545\">Style :<\/strong> Baroque, sky studies<\/p>\n<p data-start=\"1570\" data-end=\"1736\"><strong data-start=\"1570\" data-end=\"1586\">Description<\/strong><br data-start=\"1586\" data-end=\"1589\" \/>Dans le cadre de l\u2019exploration continue du ciel par l\u2019artiste, cette \u0153uvre saisit l\u2019atmosph\u00e8re en perp\u00e9tuelle transformation \u00e0 travers des textures riches et une lumi\u00e8re dramatique.<\/p>\n<p data-start=\"1738\" data-end=\"1921\"><strong data-start=\"1738\" data-end=\"1765\">Signification et importance<\/strong><br data-start=\"1765\" data-end=\"1768\" \/>Le ciel symbolise depuis longtemps le divin et l\u2019inatteignable, et cette peinture \u00e9voque ce sentiment d\u2019\u00e9merveillement avec une force visuelle qui invite \u00e0 la contemplation.<\/p>","protected":false},"featured_media":4654,"template":"","meta":{"site-sidebar-layout":"default","site-content-layout":"","ast-site-content-layout":"default","site-content-style":"default","site-sidebar-style":"default","ast-global-header-display":"","ast-banner-title-visibility":"","ast-main-header-display":"","ast-hfb-above-header-display":"","ast-hfb-below-header-display":"","ast-hfb-mobile-header-display":"","site-post-title":"","ast-breadcrumbs-content":"","ast-featured-img":"","footer-sml-layout":"","ast-disable-related-posts":"","theme-transparent-header-meta":"default","adv-header-id-meta":"","stick-header-meta":"","header-above-stick-meta":"","header-main-stick-meta":"","header-below-stick-meta":"","astra-migrate-meta-layouts":"set","ast-page-background-enabled":"default","ast-page-background-meta":{"desktop":{"background-color":"","background-image":"","background-repeat":"repeat","background-position":"center center","background-size":"auto","background-attachment":"scroll","background-type":"","background-media":"","overlay-type":"","overlay-color":"","overlay-opacity":"","overlay-gradient":""},"tablet":{"background-color":"","background-image":"","background-repeat":"repeat","background-position":"center center","background-size":"auto","background-attachment":"scroll","background-type":"","background-media":"","overlay-type":"","overlay-color":"","overlay-opacity":"","overlay-gradient":""},"mobile":{"background-color":"","background-image":"","background-repeat":"repeat","background-position":"center center","background-size":"auto","background-attachment":"scroll","background-type":"","background-media":"","overlay-type":"","overlay-color":"","overlay-opacity":"","overlay-gradient":""}},"ast-content-background-meta":{"desktop":{"background-color":"var(--ast-global-color-5)","background-image":"","background-repeat":"repeat","background-position":"center center","background-size":"auto","background-attachment":"scroll","background-type":"","background-media":"","overlay-type":"","overlay-color":"","overlay-opacity":"","overlay-gradient":""},"tablet":{"background-color":"var(--ast-global-color-5)","background-image":"","background-repeat":"repeat","background-position":"center center","background-size":"auto","background-attachment":"scroll","background-type":"","background-media":"","overlay-type":"","overlay-color":"","overlay-opacity":"","overlay-gradient":""},"mobile":{"background-color":"var(--ast-global-color-5)","background-image":"","background-repeat":"repeat","background-position":"center center","background-size":"auto","background-attachment":"scroll","background-type":"","background-media":"","overlay-type":"","overlay-color":"","overlay-opacity":"","overlay-gradient":""}},"_joinchat":[]},"product_brand":[],"product_cat":[343,325,318,331,15],"product_tag":[],"class_list":{"0":"post-4668","1":"product","2":"type-product","3":"status-publish","4":"has-post-thumbnail","6":"product_cat-343","7":"product_cat-baroque","8":"product_cat-oil","9":"product_cat-sky-studies","10":"product_cat-technique","11":"desktop-align-left","12":"tablet-align-left","13":"mobile-align-left","15":"first","16":"instock","17":"taxable","18":"shipping-taxable","19":"purchasable","20":"product-type-simple"},"yoast_head":"<!-- This site is optimized with the Yoast SEO plugin v27.5 - https:\/\/yoast.com\/product\/yoast-seo-wordpress\/ -->\n<title>Cloud Study #2 - Painting Queen<\/title>\n<meta name=\"description\" content=\"Cloud Study #2Medium: Oil on canvasDimensions: 80 x 80 cmYear: 2024Style: Baroque, sky studiesDescription:As part of the artist\u2019s ongoing exploration of the sky, this work captures the ever-changing atmosphere with rich textures and dramatic lighting.Meaning &amp; Significance:The sky has long symbolized the divine and the unattainable, and this painting evokes that sense of awe with a visual force that invites contemplation.\" \/>\n<meta name=\"robots\" content=\"index, follow, max-snippet:-1, max-image-preview:large, max-video-preview:-1\" \/>\n<link rel=\"canonical\" href=\"https:\/\/paintingqueen.art\/fr\/tienda\/year\/2024\/cloud-study-2\/\" \/>\n<meta property=\"og:locale\" content=\"fr_FR\" \/>\n<meta property=\"og:type\" content=\"article\" \/>\n<meta property=\"og:title\" content=\"Cloud Study #2 - Painting Queen\" \/>\n<meta property=\"og:description\" content=\"Cloud Study #2Medium: Oil on canvasDimensions: 80 x 80 cmYear: 2024Style: Baroque, sky studiesDescription:As part of the artist\u2019s ongoing exploration of the sky, this work captures the ever-changing atmosphere with rich textures and dramatic lighting.Meaning &amp; Significance:The sky has long symbolized the divine and the unattainable, and this painting evokes that sense of awe with a visual force that invites contemplation.\" \/>\n<meta property=\"og:url\" content=\"https:\/\/paintingqueen.art\/fr\/tienda\/year\/2024\/cloud-study-2\/\" \/>\n<meta property=\"og:site_name\" content=\"Painting Queen\" \/>\n<meta property=\"article:modified_time\" content=\"2026-02-10T07:36:20+00:00\" \/>\n<meta property=\"og:image\" content=\"https:\/\/paintingqueen.art\/wp-content\/uploads\/2025\/03\/IMG_5352-scaled.jpeg\" \/>\n\t<meta property=\"og:image:width\" content=\"2557\" \/>\n\t<meta property=\"og:image:height\" content=\"2560\" \/>\n\t<meta property=\"og:image:type\" content=\"image\/jpeg\" \/>\n<meta name=\"twitter:card\" content=\"summary_large_image\" \/>\n<meta name=\"twitter:label1\" content=\"Dur\u00e9e de lecture estim\u00e9e\" \/>\n\t<meta name=\"twitter:data1\" content=\"1 minute\" \/>\n<script type=\"application\/ld+json\" class=\"yoast-schema-graph\">{\"@context\":\"https:\\\/\\\/schema.org\",\"@graph\":[{\"@type\":\"WebPage\",\"@id\":\"https:\\\/\\\/paintingqueen.art\\\/tienda\\\/year\\\/2024\\\/cloud-study-2\\\/\",\"url\":\"https:\\\/\\\/paintingqueen.art\\\/tienda\\\/year\\\/2024\\\/cloud-study-2\\\/\",\"name\":\"Cloud Study #2 - Painting Queen\",\"isPartOf\":{\"@id\":\"https:\\\/\\\/paintingqueen.art\\\/#website\"},\"primaryImageOfPage\":{\"@id\":\"https:\\\/\\\/paintingqueen.art\\\/tienda\\\/year\\\/2024\\\/cloud-study-2\\\/#primaryimage\"},\"image\":{\"@id\":\"https:\\\/\\\/paintingqueen.art\\\/tienda\\\/year\\\/2024\\\/cloud-study-2\\\/#primaryimage\"},\"thumbnailUrl\":\"https:\\\/\\\/paintingqueen.art\\\/wp-content\\\/uploads\\\/2025\\\/03\\\/IMG_5352-scaled.jpeg\",\"datePublished\":\"2025-03-06T20:50:28+00:00\",\"dateModified\":\"2026-02-10T07:36:20+00:00\",\"description\":\"Cloud Study #2Medium: Oil on canvasDimensions: 80 x 80 cmYear: 2024Style: Baroque, sky studiesDescription:As part of the artist\u2019s ongoing exploration of the sky, this work captures the ever-changing atmosphere with rich textures and dramatic lighting.Meaning & Significance:The sky has long symbolized the divine and the unattainable, and this painting evokes that sense of awe with a visual force that invites contemplation.\",\"breadcrumb\":{\"@id\":\"https:\\\/\\\/paintingqueen.art\\\/tienda\\\/year\\\/2024\\\/cloud-study-2\\\/#breadcrumb\"},\"inLanguage\":\"fr-FR\",\"potentialAction\":[{\"@type\":\"ReadAction\",\"target\":[\"https:\\\/\\\/paintingqueen.art\\\/tienda\\\/year\\\/2024\\\/cloud-study-2\\\/\"]}]},{\"@type\":\"ImageObject\",\"inLanguage\":\"fr-FR\",\"@id\":\"https:\\\/\\\/paintingqueen.art\\\/tienda\\\/year\\\/2024\\\/cloud-study-2\\\/#primaryimage\",\"url\":\"https:\\\/\\\/paintingqueen.art\\\/wp-content\\\/uploads\\\/2025\\\/03\\\/IMG_5352-scaled.jpeg\",\"contentUrl\":\"https:\\\/\\\/paintingqueen.art\\\/wp-content\\\/uploads\\\/2025\\\/03\\\/IMG_5352-scaled.jpeg\",\"width\":2557,\"height\":2560},{\"@type\":\"BreadcrumbList\",\"@id\":\"https:\\\/\\\/paintingqueen.art\\\/tienda\\\/year\\\/2024\\\/cloud-study-2\\\/#breadcrumb\",\"itemListElement\":[{\"@type\":\"ListItem\",\"position\":1,\"name\":\"Portada\",\"item\":\"https:\\\/\\\/paintingqueen.art\\\/\"},{\"@type\":\"ListItem\",\"position\":2,\"name\":\"Produkte\",\"item\":\"https:\\\/\\\/paintingqueen.art\\\/de\\\/shop\\\/\"},{\"@type\":\"ListItem\",\"position\":3,\"name\":\"Cloud Study #2\"}]},{\"@type\":\"WebSite\",\"@id\":\"https:\\\/\\\/paintingqueen.art\\\/#website\",\"url\":\"https:\\\/\\\/paintingqueen.art\\\/\",\"name\":\"Painting Queen\",\"description\":\"Visual Artist\",\"publisher\":{\"@id\":\"https:\\\/\\\/paintingqueen.art\\\/#organization\"},\"potentialAction\":[{\"@type\":\"SearchAction\",\"target\":{\"@type\":\"EntryPoint\",\"urlTemplate\":\"https:\\\/\\\/paintingqueen.art\\\/?s={search_term_string}\"},\"query-input\":{\"@type\":\"PropertyValueSpecification\",\"valueRequired\":true,\"valueName\":\"search_term_string\"}}],\"inLanguage\":\"fr-FR\"},{\"@type\":\"Organization\",\"@id\":\"https:\\\/\\\/paintingqueen.art\\\/#organization\",\"name\":\"Painting Queen\",\"url\":\"https:\\\/\\\/paintingqueen.art\\\/\",\"logo\":{\"@type\":\"ImageObject\",\"inLanguage\":\"fr-FR\",\"@id\":\"https:\\\/\\\/paintingqueen.art\\\/#\\\/schema\\\/logo\\\/image\\\/\",\"url\":\"https:\\\/\\\/paintingqueen.art\\\/wp-content\\\/uploads\\\/2021\\\/04\\\/cropped-ONDA.-1-1.jpg\",\"contentUrl\":\"https:\\\/\\\/paintingqueen.art\\\/wp-content\\\/uploads\\\/2021\\\/04\\\/cropped-ONDA.-1-1.jpg\",\"width\":459,\"height\":118,\"caption\":\"Painting Queen\"},\"image\":{\"@id\":\"https:\\\/\\\/paintingqueen.art\\\/#\\\/schema\\\/logo\\\/image\\\/\"}}]}<\/script>\n<!-- \/ Yoast SEO plugin. -->","yoast_head_json":{"title":"Cloud Study #2 - Painting Queen","description":"Cloud Study #2Medium: Oil on canvasDimensions: 80 x 80 cmYear: 2024Style: Baroque, sky studiesDescription:As part of the artist\u2019s ongoing exploration of the sky, this work captures the ever-changing atmosphere with rich textures and dramatic lighting.Meaning & Significance:The sky has long symbolized the divine and the unattainable, and this painting evokes that sense of awe with a visual force that invites contemplation.","robots":{"index":"index","follow":"follow","max-snippet":"max-snippet:-1","max-image-preview":"max-image-preview:large","max-video-preview":"max-video-preview:-1"},"canonical":"https:\/\/paintingqueen.art\/fr\/tienda\/year\/2024\/cloud-study-2\/","og_locale":"fr_FR","og_type":"article","og_title":"Cloud Study #2 - Painting Queen","og_description":"Cloud Study #2Medium: Oil on canvasDimensions: 80 x 80 cmYear: 2024Style: Baroque, sky studiesDescription:As part of the artist\u2019s ongoing exploration of the sky, this work captures the ever-changing atmosphere with rich textures and dramatic lighting.Meaning & Significance:The sky has long symbolized the divine and the unattainable, and this painting evokes that sense of awe with a visual force that invites contemplation.","og_url":"https:\/\/paintingqueen.art\/fr\/tienda\/year\/2024\/cloud-study-2\/","og_site_name":"Painting Queen","article_modified_time":"2026-02-10T07:36:20+00:00","og_image":[{"width":2557,"height":2560,"url":"https:\/\/paintingqueen.art\/wp-content\/uploads\/2025\/03\/IMG_5352-scaled.jpeg","type":"image\/jpeg"}],"twitter_card":"summary_large_image","twitter_misc":{"Dur\u00e9e de lecture estim\u00e9e":"1 minute"},"schema":{"@context":"https:\/\/schema.org","@graph":[{"@type":"WebPage","@id":"https:\/\/paintingqueen.art\/tienda\/year\/2024\/cloud-study-2\/","url":"https:\/\/paintingqueen.art\/tienda\/year\/2024\/cloud-study-2\/","name":"Cloud Study #2 - Painting Queen","isPartOf":{"@id":"https:\/\/paintingqueen.art\/#website"},"primaryImageOfPage":{"@id":"https:\/\/paintingqueen.art\/tienda\/year\/2024\/cloud-study-2\/#primaryimage"},"image":{"@id":"https:\/\/paintingqueen.art\/tienda\/year\/2024\/cloud-study-2\/#primaryimage"},"thumbnailUrl":"https:\/\/paintingqueen.art\/wp-content\/uploads\/2025\/03\/IMG_5352-scaled.jpeg","datePublished":"2025-03-06T20:50:28+00:00","dateModified":"2026-02-10T07:36:20+00:00","description":"Cloud Study #2Medium: Oil on canvasDimensions: 80 x 80 cmYear: 2024Style: Baroque, sky studiesDescription:As part of the artist\u2019s ongoing exploration of the sky, this work captures the ever-changing atmosphere with rich textures and dramatic lighting.Meaning & Significance:The sky has long symbolized the divine and the unattainable, and this painting evokes that sense of awe with a visual force that invites contemplation.","breadcrumb":{"@id":"https:\/\/paintingqueen.art\/tienda\/year\/2024\/cloud-study-2\/#breadcrumb"},"inLanguage":"fr-FR","potentialAction":[{"@type":"ReadAction","target":["https:\/\/paintingqueen.art\/tienda\/year\/2024\/cloud-study-2\/"]}]},{"@type":"ImageObject","inLanguage":"fr-FR","@id":"https:\/\/paintingqueen.art\/tienda\/year\/2024\/cloud-study-2\/#primaryimage","url":"https:\/\/paintingqueen.art\/wp-content\/uploads\/2025\/03\/IMG_5352-scaled.jpeg","contentUrl":"https:\/\/paintingqueen.art\/wp-content\/uploads\/2025\/03\/IMG_5352-scaled.jpeg","width":2557,"height":2560},{"@type":"BreadcrumbList","@id":"https:\/\/paintingqueen.art\/tienda\/year\/2024\/cloud-study-2\/#breadcrumb","itemListElement":[{"@type":"ListItem","position":1,"name":"Portada","item":"https:\/\/paintingqueen.art\/"},{"@type":"ListItem","position":2,"name":"Produkte","item":"https:\/\/paintingqueen.art\/de\/shop\/"},{"@type":"ListItem","position":3,"name":"Cloud Study #2"}]},{"@type":"WebSite","@id":"https:\/\/paintingqueen.art\/#website","url":"https:\/\/paintingqueen.art\/","name":"Painting Queen","description":"Visual Artist","publisher":{"@id":"https:\/\/paintingqueen.art\/#organization"},"potentialAction":[{"@type":"SearchAction","target":{"@type":"EntryPoint","urlTemplate":"https:\/\/paintingqueen.art\/?s={search_term_string}"},"query-input":{"@type":"PropertyValueSpecification","valueRequired":true,"valueName":"search_term_string"}}],"inLanguage":"fr-FR"},{"@type":"Organization","@id":"https:\/\/paintingqueen.art\/#organization","name":"Painting Queen","url":"https:\/\/paintingqueen.art\/","logo":{"@type":"ImageObject","inLanguage":"fr-FR","@id":"https:\/\/paintingqueen.art\/#\/schema\/logo\/image\/","url":"https:\/\/paintingqueen.art\/wp-content\/uploads\/2021\/04\/cropped-ONDA.-1-1.jpg","contentUrl":"https:\/\/paintingqueen.art\/wp-content\/uploads\/2021\/04\/cropped-ONDA.-1-1.jpg","width":459,"height":118,"caption":"Painting Queen"},"image":{"@id":"https:\/\/paintingqueen.art\/#\/schema\/logo\/image\/"}}]}},"_links":{"self":[{"href":"https:\/\/paintingqueen.art\/fr\/wp-json\/wp\/v2\/product\/4668","targetHints":{"allow":["GET"]}}],"collection":[{"href":"https:\/\/paintingqueen.art\/fr\/wp-json\/wp\/v2\/product"}],"about":[{"href":"https:\/\/paintingqueen.art\/fr\/wp-json\/wp\/v2\/types\/product"}],"wp:featuredmedia":[{"embeddable":true,"href":"https:\/\/paintingqueen.art\/fr\/wp-json\/wp\/v2\/media\/4654"}],"wp:attachment":[{"href":"https:\/\/paintingqueen.art\/fr\/wp-json\/wp\/v2\/media?parent=4668"}],"wp:term":[{"taxonomy":"product_brand","embeddable":true,"href":"https:\/\/paintingqueen.art\/fr\/wp-json\/wp\/v2\/product_brand?post=4668"},{"taxonomy":"product_cat","embeddable":true,"href":"https:\/\/paintingqueen.art\/fr\/wp-json\/wp\/v2\/product_cat?post=4668"},{"taxonomy":"product_tag","embeddable":true,"href":"https:\/\/paintingqueen.art\/fr\/wp-json\/wp\/v2\/product_tag?post=4668"}],"curies":[{"name":"wp","href":"https:\/\/api.w.org\/{rel}","templated":true}]}}