{"id":4660,"date":"2025-03-06T20:30:41","date_gmt":"2025-03-06T20:30:41","guid":{"rendered":"https:\/\/paintingqueen.art\/?post_type=product&#038;p=4660"},"modified":"2026-04-07T07:33:55","modified_gmt":"2026-04-07T07:33:55","slug":"baroque-coquette","status":"publish","type":"product","link":"https:\/\/paintingqueen.art\/fr\/tienda\/year\/2025\/baroque-coquette\/","title":{"rendered":"Baroque Coquette"},"content":{"rendered":"<h3 data-start=\"3371\" data-end=\"3397\"><strong data-start=\"3375\" data-end=\"3395\">Baroque Coquette<\/strong><\/h3>\n<p data-start=\"3398\" data-end=\"3501\"><strong data-start=\"3398\" data-end=\"3409\">Technique :<\/strong> Oil on canvas<br data-start=\"3423\" data-end=\"3426\" \/><strong data-start=\"3426\" data-end=\"3441\">Dimensions :<\/strong> 50 x 50 cm<br data-start=\"3452\" data-end=\"3455\" \/><strong data-start=\"3455\" data-end=\"3464\">Ann\u00e9e :<\/strong> 2025<br data-start=\"3469\" data-end=\"3472\" \/><strong data-start=\"3472\" data-end=\"3482\">Style :<\/strong> Baroque, animals<\/p>\n<p data-start=\"3503\" data-end=\"3624\"><strong data-start=\"3503\" data-end=\"3519\">Description<\/strong><br data-start=\"3519\" data-end=\"3522\" \/>Une interpr\u00e9tation ludique mais raffin\u00e9e de la s\u00e9duction aristocratique, avec une touche d\u2019humour et d\u2019\u00e9l\u00e9gance.<\/p>\n<p data-start=\"3626\" data-end=\"3745\"><strong data-start=\"3626\" data-end=\"3653\">Signification et importance<\/strong><br data-start=\"3653\" data-end=\"3656\" \/>Un m\u00e9lange charmant d\u2019histoire, de personnalit\u00e9 et d\u2019une pointe d\u2019ironie dans le style baroque.<\/p>\n<p>&nbsp;<\/p>\n<p>&nbsp;<\/p>\n<p>&nbsp;<\/p>","protected":false},"excerpt":{"rendered":"<h3 data-start=\"3371\" data-end=\"3397\"><strong data-start=\"3375\" data-end=\"3395\">Baroque Coquette<\/strong><\/h3>\n<p data-start=\"3398\" data-end=\"3501\"><strong data-start=\"3398\" data-end=\"3409\">Technique :<\/strong> Oil on canvas<br data-start=\"3423\" data-end=\"3426\" \/><strong data-start=\"3426\" data-end=\"3441\">Dimensions :<\/strong> 50 x 50 cm<br data-start=\"3452\" data-end=\"3455\" \/><strong data-start=\"3455\" data-end=\"3464\">Ann\u00e9e :<\/strong> 2025<br data-start=\"3469\" data-end=\"3472\" \/><strong data-start=\"3472\" data-end=\"3482\">Style :<\/strong> Baroque, animals<\/p>\n<p data-start=\"3503\" data-end=\"3624\"><strong data-start=\"3503\" data-end=\"3519\">Description<\/strong><br data-start=\"3519\" data-end=\"3522\" \/>Une interpr\u00e9tation ludique mais raffin\u00e9e de la s\u00e9duction aristocratique, avec une touche d\u2019humour et d\u2019\u00e9l\u00e9gance.<\/p>\n<p data-start=\"3626\" data-end=\"3745\"><strong data-start=\"3626\" data-end=\"3653\">Signification et importance<\/strong><br data-start=\"3653\" data-end=\"3656\" \/>Un m\u00e9lange charmant d\u2019histoire, de personnalit\u00e9 et d\u2019une pointe d\u2019ironie dans le style baroque.<\/p>","protected":false},"featured_media":4650,"template":"","meta":{"site-sidebar-layout":"default","site-content-layout":"","ast-site-content-layout":"default","site-content-style":"default","site-sidebar-style":"default","ast-global-header-display":"","ast-banner-title-visibility":"","ast-main-header-display":"","ast-hfb-above-header-display":"","ast-hfb-below-header-display":"","ast-hfb-mobile-header-display":"","site-post-title":"","ast-breadcrumbs-content":"","ast-featured-img":"","footer-sml-layout":"","ast-disable-related-posts":"","theme-transparent-header-meta":"default","adv-header-id-meta":"","stick-header-meta":"","header-above-stick-meta":"","header-main-stick-meta":"","header-below-stick-meta":"","astra-migrate-meta-layouts":"set","ast-page-background-enabled":"default","ast-page-background-meta":{"desktop":{"background-color":"","background-image":"","background-repeat":"repeat","background-position":"center center","background-size":"auto","background-attachment":"scroll","background-type":"","background-media":"","overlay-type":"","overlay-color":"","overlay-opacity":"","overlay-gradient":""},"tablet":{"background-color":"","background-image":"","background-repeat":"repeat","background-position":"center center","background-size":"auto","background-attachment":"scroll","background-type":"","background-media":"","overlay-type":"","overlay-color":"","overlay-opacity":"","overlay-gradient":""},"mobile":{"background-color":"","background-image":"","background-repeat":"repeat","background-position":"center center","background-size":"auto","background-attachment":"scroll","background-type":"","background-media":"","overlay-type":"","overlay-color":"","overlay-opacity":"","overlay-gradient":""}},"ast-content-background-meta":{"desktop":{"background-color":"var(--ast-global-color-5)","background-image":"","background-repeat":"repeat","background-position":"center center","background-size":"auto","background-attachment":"scroll","background-type":"","background-media":"","overlay-type":"","overlay-color":"","overlay-opacity":"","overlay-gradient":""},"tablet":{"background-color":"var(--ast-global-color-5)","background-image":"","background-repeat":"repeat","background-position":"center center","background-size":"auto","background-attachment":"scroll","background-type":"","background-media":"","overlay-type":"","overlay-color":"","overlay-opacity":"","overlay-gradient":""},"mobile":{"background-color":"var(--ast-global-color-5)","background-image":"","background-repeat":"repeat","background-position":"center center","background-size":"auto","background-attachment":"scroll","background-type":"","background-media":"","overlay-type":"","overlay-color":"","overlay-opacity":"","overlay-gradient":""}},"_joinchat":[]},"product_brand":[],"product_cat":[344,325,318,332,15],"product_tag":[],"class_list":{"0":"post-4660","1":"product","2":"type-product","3":"status-publish","4":"has-post-thumbnail","6":"product_cat-344","7":"product_cat-baroque","8":"product_cat-oil","9":"product_cat-pets","10":"product_cat-technique","11":"desktop-align-left","12":"tablet-align-left","13":"mobile-align-left","15":"first","16":"instock","17":"taxable","18":"shipping-taxable","19":"purchasable","20":"product-type-simple"},"yoast_head":"<!-- This site is optimized with the Yoast SEO plugin v27.5 - https:\/\/yoast.com\/product\/yoast-seo-wordpress\/ -->\n<title>Baroque Coquette - Painting Queen<\/title>\n<meta name=\"description\" content=\"Baroque Coquette Medium: Oil on canvasDimensions: 50 x 50 cmYear: 2025Style: Baroque, animalsDescription:A playful yet refined interpretation of aristocratic flirtation, with a touch of humor and elegance.Meaning &amp; Significance:A charming blend of history, personality, and a hint of irony within the Baroque style.\" \/>\n<meta name=\"robots\" content=\"index, follow, max-snippet:-1, max-image-preview:large, max-video-preview:-1\" \/>\n<link rel=\"canonical\" href=\"https:\/\/paintingqueen.art\/fr\/tienda\/year\/2025\/baroque-coquette\/\" \/>\n<meta property=\"og:locale\" content=\"fr_FR\" \/>\n<meta property=\"og:type\" content=\"article\" \/>\n<meta property=\"og:title\" content=\"Baroque Coquette - Painting Queen\" \/>\n<meta property=\"og:description\" content=\"Baroque Coquette Medium: Oil on canvasDimensions: 50 x 50 cmYear: 2025Style: Baroque, animalsDescription:A playful yet refined interpretation of aristocratic flirtation, with a touch of humor and elegance.Meaning &amp; Significance:A charming blend of history, personality, and a hint of irony within the Baroque style.\" \/>\n<meta property=\"og:url\" content=\"https:\/\/paintingqueen.art\/fr\/tienda\/year\/2025\/baroque-coquette\/\" \/>\n<meta property=\"og:site_name\" content=\"Painting Queen\" \/>\n<meta property=\"article:modified_time\" content=\"2026-04-07T07:33:55+00:00\" \/>\n<meta property=\"og:image\" content=\"https:\/\/paintingqueen.art\/wp-content\/uploads\/2025\/03\/IMG_6197-scaled.jpeg\" \/>\n\t<meta property=\"og:image:width\" content=\"2557\" \/>\n\t<meta property=\"og:image:height\" content=\"2560\" \/>\n\t<meta property=\"og:image:type\" content=\"image\/jpeg\" \/>\n<meta name=\"twitter:card\" content=\"summary_large_image\" \/>\n<meta name=\"twitter:label1\" content=\"Dur\u00e9e de lecture estim\u00e9e\" \/>\n\t<meta name=\"twitter:data1\" content=\"1 minute\" \/>\n<script type=\"application\/ld+json\" class=\"yoast-schema-graph\">{\"@context\":\"https:\\\/\\\/schema.org\",\"@graph\":[{\"@type\":\"WebPage\",\"@id\":\"https:\\\/\\\/paintingqueen.art\\\/tienda\\\/year\\\/2025\\\/baroque-coquette\\\/\",\"url\":\"https:\\\/\\\/paintingqueen.art\\\/tienda\\\/year\\\/2025\\\/baroque-coquette\\\/\",\"name\":\"Baroque Coquette - Painting Queen\",\"isPartOf\":{\"@id\":\"https:\\\/\\\/paintingqueen.art\\\/#website\"},\"primaryImageOfPage\":{\"@id\":\"https:\\\/\\\/paintingqueen.art\\\/tienda\\\/year\\\/2025\\\/baroque-coquette\\\/#primaryimage\"},\"image\":{\"@id\":\"https:\\\/\\\/paintingqueen.art\\\/tienda\\\/year\\\/2025\\\/baroque-coquette\\\/#primaryimage\"},\"thumbnailUrl\":\"https:\\\/\\\/paintingqueen.art\\\/wp-content\\\/uploads\\\/2025\\\/03\\\/IMG_6197-scaled.jpeg\",\"datePublished\":\"2025-03-06T20:30:41+00:00\",\"dateModified\":\"2026-04-07T07:33:55+00:00\",\"description\":\"Baroque Coquette Medium: Oil on canvasDimensions: 50 x 50 cmYear: 2025Style: Baroque, animalsDescription:A playful yet refined interpretation of aristocratic flirtation, with a touch of humor and elegance.Meaning & Significance:A charming blend of history, personality, and a hint of irony within the Baroque style.\",\"breadcrumb\":{\"@id\":\"https:\\\/\\\/paintingqueen.art\\\/tienda\\\/year\\\/2025\\\/baroque-coquette\\\/#breadcrumb\"},\"inLanguage\":\"fr-FR\",\"potentialAction\":[{\"@type\":\"ReadAction\",\"target\":[\"https:\\\/\\\/paintingqueen.art\\\/tienda\\\/year\\\/2025\\\/baroque-coquette\\\/\"]}]},{\"@type\":\"ImageObject\",\"inLanguage\":\"fr-FR\",\"@id\":\"https:\\\/\\\/paintingqueen.art\\\/tienda\\\/year\\\/2025\\\/baroque-coquette\\\/#primaryimage\",\"url\":\"https:\\\/\\\/paintingqueen.art\\\/wp-content\\\/uploads\\\/2025\\\/03\\\/IMG_6197-scaled.jpeg\",\"contentUrl\":\"https:\\\/\\\/paintingqueen.art\\\/wp-content\\\/uploads\\\/2025\\\/03\\\/IMG_6197-scaled.jpeg\",\"width\":2557,\"height\":2560},{\"@type\":\"BreadcrumbList\",\"@id\":\"https:\\\/\\\/paintingqueen.art\\\/tienda\\\/year\\\/2025\\\/baroque-coquette\\\/#breadcrumb\",\"itemListElement\":[{\"@type\":\"ListItem\",\"position\":1,\"name\":\"Portada\",\"item\":\"https:\\\/\\\/paintingqueen.art\\\/\"},{\"@type\":\"ListItem\",\"position\":2,\"name\":\"Produkte\",\"item\":\"https:\\\/\\\/paintingqueen.art\\\/de\\\/shop\\\/\"},{\"@type\":\"ListItem\",\"position\":3,\"name\":\"Baroque Coquette\"}]},{\"@type\":\"WebSite\",\"@id\":\"https:\\\/\\\/paintingqueen.art\\\/#website\",\"url\":\"https:\\\/\\\/paintingqueen.art\\\/\",\"name\":\"Painting Queen\",\"description\":\"Visual Artist\",\"publisher\":{\"@id\":\"https:\\\/\\\/paintingqueen.art\\\/#organization\"},\"potentialAction\":[{\"@type\":\"SearchAction\",\"target\":{\"@type\":\"EntryPoint\",\"urlTemplate\":\"https:\\\/\\\/paintingqueen.art\\\/?s={search_term_string}\"},\"query-input\":{\"@type\":\"PropertyValueSpecification\",\"valueRequired\":true,\"valueName\":\"search_term_string\"}}],\"inLanguage\":\"fr-FR\"},{\"@type\":\"Organization\",\"@id\":\"https:\\\/\\\/paintingqueen.art\\\/#organization\",\"name\":\"Painting Queen\",\"url\":\"https:\\\/\\\/paintingqueen.art\\\/\",\"logo\":{\"@type\":\"ImageObject\",\"inLanguage\":\"fr-FR\",\"@id\":\"https:\\\/\\\/paintingqueen.art\\\/#\\\/schema\\\/logo\\\/image\\\/\",\"url\":\"https:\\\/\\\/paintingqueen.art\\\/wp-content\\\/uploads\\\/2021\\\/04\\\/cropped-ONDA.-1-1.jpg\",\"contentUrl\":\"https:\\\/\\\/paintingqueen.art\\\/wp-content\\\/uploads\\\/2021\\\/04\\\/cropped-ONDA.-1-1.jpg\",\"width\":459,\"height\":118,\"caption\":\"Painting Queen\"},\"image\":{\"@id\":\"https:\\\/\\\/paintingqueen.art\\\/#\\\/schema\\\/logo\\\/image\\\/\"}}]}<\/script>\n<!-- \/ Yoast SEO plugin. -->","yoast_head_json":{"title":"Baroque Coquette - Painting Queen","description":"Baroque Coquette Medium: Oil on canvasDimensions: 50 x 50 cmYear: 2025Style: Baroque, animalsDescription:A playful yet refined interpretation of aristocratic flirtation, with a touch of humor and elegance.Meaning & Significance:A charming blend of history, personality, and a hint of irony within the Baroque style.","robots":{"index":"index","follow":"follow","max-snippet":"max-snippet:-1","max-image-preview":"max-image-preview:large","max-video-preview":"max-video-preview:-1"},"canonical":"https:\/\/paintingqueen.art\/fr\/tienda\/year\/2025\/baroque-coquette\/","og_locale":"fr_FR","og_type":"article","og_title":"Baroque Coquette - Painting Queen","og_description":"Baroque Coquette Medium: Oil on canvasDimensions: 50 x 50 cmYear: 2025Style: Baroque, animalsDescription:A playful yet refined interpretation of aristocratic flirtation, with a touch of humor and elegance.Meaning & Significance:A charming blend of history, personality, and a hint of irony within the Baroque style.","og_url":"https:\/\/paintingqueen.art\/fr\/tienda\/year\/2025\/baroque-coquette\/","og_site_name":"Painting Queen","article_modified_time":"2026-04-07T07:33:55+00:00","og_image":[{"width":2557,"height":2560,"url":"https:\/\/paintingqueen.art\/wp-content\/uploads\/2025\/03\/IMG_6197-scaled.jpeg","type":"image\/jpeg"}],"twitter_card":"summary_large_image","twitter_misc":{"Dur\u00e9e de lecture estim\u00e9e":"1 minute"},"schema":{"@context":"https:\/\/schema.org","@graph":[{"@type":"WebPage","@id":"https:\/\/paintingqueen.art\/tienda\/year\/2025\/baroque-coquette\/","url":"https:\/\/paintingqueen.art\/tienda\/year\/2025\/baroque-coquette\/","name":"Baroque Coquette - Painting Queen","isPartOf":{"@id":"https:\/\/paintingqueen.art\/#website"},"primaryImageOfPage":{"@id":"https:\/\/paintingqueen.art\/tienda\/year\/2025\/baroque-coquette\/#primaryimage"},"image":{"@id":"https:\/\/paintingqueen.art\/tienda\/year\/2025\/baroque-coquette\/#primaryimage"},"thumbnailUrl":"https:\/\/paintingqueen.art\/wp-content\/uploads\/2025\/03\/IMG_6197-scaled.jpeg","datePublished":"2025-03-06T20:30:41+00:00","dateModified":"2026-04-07T07:33:55+00:00","description":"Baroque Coquette Medium: Oil on canvasDimensions: 50 x 50 cmYear: 2025Style: Baroque, animalsDescription:A playful yet refined interpretation of aristocratic flirtation, with a touch of humor and elegance.Meaning & Significance:A charming blend of history, personality, and a hint of irony within the Baroque style.","breadcrumb":{"@id":"https:\/\/paintingqueen.art\/tienda\/year\/2025\/baroque-coquette\/#breadcrumb"},"inLanguage":"fr-FR","potentialAction":[{"@type":"ReadAction","target":["https:\/\/paintingqueen.art\/tienda\/year\/2025\/baroque-coquette\/"]}]},{"@type":"ImageObject","inLanguage":"fr-FR","@id":"https:\/\/paintingqueen.art\/tienda\/year\/2025\/baroque-coquette\/#primaryimage","url":"https:\/\/paintingqueen.art\/wp-content\/uploads\/2025\/03\/IMG_6197-scaled.jpeg","contentUrl":"https:\/\/paintingqueen.art\/wp-content\/uploads\/2025\/03\/IMG_6197-scaled.jpeg","width":2557,"height":2560},{"@type":"BreadcrumbList","@id":"https:\/\/paintingqueen.art\/tienda\/year\/2025\/baroque-coquette\/#breadcrumb","itemListElement":[{"@type":"ListItem","position":1,"name":"Portada","item":"https:\/\/paintingqueen.art\/"},{"@type":"ListItem","position":2,"name":"Produkte","item":"https:\/\/paintingqueen.art\/de\/shop\/"},{"@type":"ListItem","position":3,"name":"Baroque Coquette"}]},{"@type":"WebSite","@id":"https:\/\/paintingqueen.art\/#website","url":"https:\/\/paintingqueen.art\/","name":"Painting Queen","description":"Visual Artist","publisher":{"@id":"https:\/\/paintingqueen.art\/#organization"},"potentialAction":[{"@type":"SearchAction","target":{"@type":"EntryPoint","urlTemplate":"https:\/\/paintingqueen.art\/?s={search_term_string}"},"query-input":{"@type":"PropertyValueSpecification","valueRequired":true,"valueName":"search_term_string"}}],"inLanguage":"fr-FR"},{"@type":"Organization","@id":"https:\/\/paintingqueen.art\/#organization","name":"Painting Queen","url":"https:\/\/paintingqueen.art\/","logo":{"@type":"ImageObject","inLanguage":"fr-FR","@id":"https:\/\/paintingqueen.art\/#\/schema\/logo\/image\/","url":"https:\/\/paintingqueen.art\/wp-content\/uploads\/2021\/04\/cropped-ONDA.-1-1.jpg","contentUrl":"https:\/\/paintingqueen.art\/wp-content\/uploads\/2021\/04\/cropped-ONDA.-1-1.jpg","width":459,"height":118,"caption":"Painting Queen"},"image":{"@id":"https:\/\/paintingqueen.art\/#\/schema\/logo\/image\/"}}]}},"_links":{"self":[{"href":"https:\/\/paintingqueen.art\/fr\/wp-json\/wp\/v2\/product\/4660","targetHints":{"allow":["GET"]}}],"collection":[{"href":"https:\/\/paintingqueen.art\/fr\/wp-json\/wp\/v2\/product"}],"about":[{"href":"https:\/\/paintingqueen.art\/fr\/wp-json\/wp\/v2\/types\/product"}],"wp:featuredmedia":[{"embeddable":true,"href":"https:\/\/paintingqueen.art\/fr\/wp-json\/wp\/v2\/media\/4650"}],"wp:attachment":[{"href":"https:\/\/paintingqueen.art\/fr\/wp-json\/wp\/v2\/media?parent=4660"}],"wp:term":[{"taxonomy":"product_brand","embeddable":true,"href":"https:\/\/paintingqueen.art\/fr\/wp-json\/wp\/v2\/product_brand?post=4660"},{"taxonomy":"product_cat","embeddable":true,"href":"https:\/\/paintingqueen.art\/fr\/wp-json\/wp\/v2\/product_cat?post=4660"},{"taxonomy":"product_tag","embeddable":true,"href":"https:\/\/paintingqueen.art\/fr\/wp-json\/wp\/v2\/product_tag?post=4660"}],"curies":[{"name":"wp","href":"https:\/\/api.w.org\/{rel}","templated":true}]}}