{"id":1329,"date":"2022-08-09T15:18:23","date_gmt":"2022-08-09T15:18:23","guid":{"rendered":"https:\/\/paintingqueen.art\/?post_type=product&#038;p=1329"},"modified":"2025-11-06T14:29:13","modified_gmt":"2025-11-06T14:29:13","slug":"art-nouveau-girl-nr-3","status":"publish","type":"product","link":"https:\/\/paintingqueen.art\/fr\/tienda\/year\/2022\/art-nouveau-girl-nr-3\/","title":{"rendered":"Art Nouveau Girl Nr. 3"},"content":{"rendered":"","protected":false},"excerpt":{"rendered":"<p class=\"\" data-start=\"347\" data-end=\"558\"><strong data-start=\"347\" data-end=\"358\">Technique :<\/strong> Acrylique sur bois<br data-start=\"374\" data-end=\"377\" \/><strong data-start=\"377\" data-end=\"392\">Dimensions :<\/strong> 60 x 30 cm<br data-start=\"403\" data-end=\"406\" \/><strong data-start=\"406\" data-end=\"415\">Ann\u00e9e :<\/strong> 2022<br data-start=\"420\" data-end=\"423\" \/><strong data-start=\"423\" data-end=\"433\">Style :<\/strong> R\u00e9interpr\u00e9tation contemporaine de l\u2019Art nouveau avec des influences graphiques, une esth\u00e9tique r\u00e9tro et une c\u00e9l\u00e9bration du pouvoir f\u00e9minin.<\/p>\n<p class=\"\" data-start=\"1365\" data-end=\"1663\"><strong data-start=\"1365\" data-end=\"1381\">Description<\/strong><br data-start=\"1381\" data-end=\"1384\" \/>Avec son afro bleu imposant et ses lunettes surdimensionn\u00e9es, <em data-start=\"1437\" data-end=\"1458\">Art Nouveau Girl #3<\/em> allie \u00e9l\u00e9gance, ironie et affirmation de soi. Son regard assur\u00e9 et son geste d\u00e9licat d\u00e9peignent une femme ma\u00eetresse de son image, red\u00e9finissant les standards de beaut\u00e9 traditionnels avec audace.<\/p>\n<p class=\"\" data-start=\"1665\" data-end=\"1974\"><strong data-start=\"1665\" data-end=\"1692\">Signification et importance<\/strong><br data-start=\"1692\" data-end=\"1695\" \/>Cette \u0153uvre c\u00e9l\u00e8bre l\u2019identit\u00e9, la mode et l\u2019individualit\u00e9 comme formes de pouvoir. L\u2019esprit ornemental de l\u2019Art nouveau est ici revisit\u00e9 avec une esth\u00e9tique contemporaine et inclusive, affirmant que la beaut\u00e9 peut \u2014 et doit \u2014 repr\u00e9senter toutes les formes. Une d\u00e9claration visuelle forte pour un avenir pluriel.<\/p>","protected":false},"featured_media":1425,"template":"","meta":{"site-sidebar-layout":"default","site-content-layout":"default","ast-site-content-layout":"default","site-content-style":"default","site-sidebar-style":"default","ast-global-header-display":"","ast-banner-title-visibility":"","ast-main-header-display":"","ast-hfb-above-header-display":"","ast-hfb-below-header-display":"","ast-hfb-mobile-header-display":"","site-post-title":"","ast-breadcrumbs-content":"","ast-featured-img":"","footer-sml-layout":"","ast-disable-related-posts":"","theme-transparent-header-meta":"default","adv-header-id-meta":"","stick-header-meta":"","header-above-stick-meta":"","header-main-stick-meta":"","header-below-stick-meta":"","astra-migrate-meta-layouts":"set","ast-page-background-enabled":"default","ast-page-background-meta":{"desktop":{"background-color":"","background-image":"","background-repeat":"repeat","background-position":"center center","background-size":"auto","background-attachment":"scroll","background-type":"","background-media":"","overlay-type":"","overlay-color":"","overlay-opacity":"","overlay-gradient":""},"tablet":{"background-color":"","background-image":"","background-repeat":"repeat","background-position":"center center","background-size":"auto","background-attachment":"scroll","background-type":"","background-media":"","overlay-type":"","overlay-color":"","overlay-opacity":"","overlay-gradient":""},"mobile":{"background-color":"","background-image":"","background-repeat":"repeat","background-position":"center center","background-size":"auto","background-attachment":"scroll","background-type":"","background-media":"","overlay-type":"","overlay-color":"","overlay-opacity":"","overlay-gradient":""}},"ast-content-background-meta":{"desktop":{"background-color":"var(--ast-global-color-5)","background-image":"","background-repeat":"repeat","background-position":"center center","background-size":"auto","background-attachment":"scroll","background-type":"","background-media":"","overlay-type":"","overlay-color":"","overlay-opacity":"","overlay-gradient":""},"tablet":{"background-color":"var(--ast-global-color-5)","background-image":"","background-repeat":"repeat","background-position":"center center","background-size":"auto","background-attachment":"scroll","background-type":"","background-media":"","overlay-type":"","overlay-color":"","overlay-opacity":"","overlay-gradient":""},"mobile":{"background-color":"var(--ast-global-color-5)","background-image":"","background-repeat":"repeat","background-position":"center center","background-size":"auto","background-attachment":"scroll","background-type":"","background-media":"","overlay-type":"","overlay-color":"","overlay-opacity":"","overlay-gradient":""}},"_joinchat":[]},"product_brand":[],"product_cat":[341,319,326,15],"product_tag":[],"class_list":{"0":"post-1329","1":"product","2":"type-product","3":"status-publish","4":"has-post-thumbnail","6":"product_cat-341","7":"product_cat-acrylic","8":"product_cat-contemporary","9":"product_cat-technique","10":"desktop-align-left","11":"tablet-align-left","12":"mobile-align-left","14":"first","15":"instock","16":"taxable","17":"shipping-taxable","18":"purchasable","19":"product-type-simple"},"yoast_head":"<!-- This site is optimized with the Yoast SEO plugin v27.5 - https:\/\/yoast.com\/product\/yoast-seo-wordpress\/ -->\n<title>Art Nouveau Girl Nr. 3 - Painting Queen<\/title>\n<meta name=\"robots\" content=\"index, follow, max-snippet:-1, max-image-preview:large, max-video-preview:-1\" \/>\n<link rel=\"canonical\" href=\"https:\/\/paintingqueen.art\/fr\/tienda\/year\/2022\/art-nouveau-girl-nr-3\/\" \/>\n<meta property=\"og:locale\" content=\"fr_FR\" \/>\n<meta property=\"og:type\" content=\"article\" \/>\n<meta property=\"og:title\" content=\"Art Nouveau Girl Nr. 3 - Painting Queen\" \/>\n<meta property=\"og:description\" content=\"Medium: Acrylic on woodDimensions: 60 x 30 cmYear: 2022Style: Contemporary reinterpretation of Art Nouveau with graphic influences, retro aesthetics, and a celebration of feminine power. Description:With her voluminous blue afro and oversized glasses, Art Nouveau Girl #3 blends elegance, irony, and self-assurance. Her steady gaze and poised gesture convey a woman in full control of her image \u2014 challenging Eurocentric ideals and transforming them into a new, stylized icon. Meaning &amp; Significance:This piece celebrates identity, fashion, and individuality as sources of power. The ornamental spirit of Art Nouveau is reinterpreted through a modern and inclusive lens, affirming that beauty and representation can\u2014and must\u2014coexist. A bold visual statement for a diverse future.\" \/>\n<meta property=\"og:url\" content=\"https:\/\/paintingqueen.art\/fr\/tienda\/year\/2022\/art-nouveau-girl-nr-3\/\" \/>\n<meta property=\"og:site_name\" content=\"Painting Queen\" \/>\n<meta property=\"article:modified_time\" content=\"2025-11-06T14:29:13+00:00\" \/>\n<meta property=\"og:image\" content=\"https:\/\/paintingqueen.art\/wp-content\/uploads\/2022\/08\/unnamed-1-scaled.jpg\" \/>\n\t<meta property=\"og:image:width\" content=\"1282\" \/>\n\t<meta property=\"og:image:height\" content=\"2560\" \/>\n\t<meta property=\"og:image:type\" content=\"image\/jpeg\" \/>\n<meta name=\"twitter:card\" content=\"summary_large_image\" \/>\n<meta name=\"twitter:label1\" content=\"Dur\u00e9e de lecture estim\u00e9e\" \/>\n\t<meta name=\"twitter:data1\" content=\"1 minute\" \/>\n<script type=\"application\/ld+json\" class=\"yoast-schema-graph\">{\"@context\":\"https:\\\/\\\/schema.org\",\"@graph\":[{\"@type\":\"WebPage\",\"@id\":\"https:\\\/\\\/paintingqueen.art\\\/tienda\\\/year\\\/2022\\\/art-nouveau-girl-nr-3\\\/\",\"url\":\"https:\\\/\\\/paintingqueen.art\\\/tienda\\\/year\\\/2022\\\/art-nouveau-girl-nr-3\\\/\",\"name\":\"Art Nouveau Girl Nr. 3 - Painting Queen\",\"isPartOf\":{\"@id\":\"https:\\\/\\\/paintingqueen.art\\\/#website\"},\"primaryImageOfPage\":{\"@id\":\"https:\\\/\\\/paintingqueen.art\\\/tienda\\\/year\\\/2022\\\/art-nouveau-girl-nr-3\\\/#primaryimage\"},\"image\":{\"@id\":\"https:\\\/\\\/paintingqueen.art\\\/tienda\\\/year\\\/2022\\\/art-nouveau-girl-nr-3\\\/#primaryimage\"},\"thumbnailUrl\":\"https:\\\/\\\/paintingqueen.art\\\/wp-content\\\/uploads\\\/2022\\\/08\\\/unnamed-1-scaled.jpg\",\"datePublished\":\"2022-08-09T15:18:23+00:00\",\"dateModified\":\"2025-11-06T14:29:13+00:00\",\"breadcrumb\":{\"@id\":\"https:\\\/\\\/paintingqueen.art\\\/tienda\\\/year\\\/2022\\\/art-nouveau-girl-nr-3\\\/#breadcrumb\"},\"inLanguage\":\"fr-FR\",\"potentialAction\":[{\"@type\":\"ReadAction\",\"target\":[\"https:\\\/\\\/paintingqueen.art\\\/tienda\\\/year\\\/2022\\\/art-nouveau-girl-nr-3\\\/\"]}]},{\"@type\":\"ImageObject\",\"inLanguage\":\"fr-FR\",\"@id\":\"https:\\\/\\\/paintingqueen.art\\\/tienda\\\/year\\\/2022\\\/art-nouveau-girl-nr-3\\\/#primaryimage\",\"url\":\"https:\\\/\\\/paintingqueen.art\\\/wp-content\\\/uploads\\\/2022\\\/08\\\/unnamed-1-scaled.jpg\",\"contentUrl\":\"https:\\\/\\\/paintingqueen.art\\\/wp-content\\\/uploads\\\/2022\\\/08\\\/unnamed-1-scaled.jpg\",\"width\":1282,\"height\":2560},{\"@type\":\"BreadcrumbList\",\"@id\":\"https:\\\/\\\/paintingqueen.art\\\/tienda\\\/year\\\/2022\\\/art-nouveau-girl-nr-3\\\/#breadcrumb\",\"itemListElement\":[{\"@type\":\"ListItem\",\"position\":1,\"name\":\"Portada\",\"item\":\"https:\\\/\\\/paintingqueen.art\\\/\"},{\"@type\":\"ListItem\",\"position\":2,\"name\":\"Produkte\",\"item\":\"https:\\\/\\\/paintingqueen.art\\\/de\\\/shop\\\/\"},{\"@type\":\"ListItem\",\"position\":3,\"name\":\"Art Nouveau Girl Nr. 3\"}]},{\"@type\":\"WebSite\",\"@id\":\"https:\\\/\\\/paintingqueen.art\\\/#website\",\"url\":\"https:\\\/\\\/paintingqueen.art\\\/\",\"name\":\"Painting Queen\",\"description\":\"Visual Artist\",\"publisher\":{\"@id\":\"https:\\\/\\\/paintingqueen.art\\\/#organization\"},\"potentialAction\":[{\"@type\":\"SearchAction\",\"target\":{\"@type\":\"EntryPoint\",\"urlTemplate\":\"https:\\\/\\\/paintingqueen.art\\\/?s={search_term_string}\"},\"query-input\":{\"@type\":\"PropertyValueSpecification\",\"valueRequired\":true,\"valueName\":\"search_term_string\"}}],\"inLanguage\":\"fr-FR\"},{\"@type\":\"Organization\",\"@id\":\"https:\\\/\\\/paintingqueen.art\\\/#organization\",\"name\":\"Painting Queen\",\"url\":\"https:\\\/\\\/paintingqueen.art\\\/\",\"logo\":{\"@type\":\"ImageObject\",\"inLanguage\":\"fr-FR\",\"@id\":\"https:\\\/\\\/paintingqueen.art\\\/#\\\/schema\\\/logo\\\/image\\\/\",\"url\":\"https:\\\/\\\/paintingqueen.art\\\/wp-content\\\/uploads\\\/2021\\\/04\\\/cropped-ONDA.-1-1.jpg\",\"contentUrl\":\"https:\\\/\\\/paintingqueen.art\\\/wp-content\\\/uploads\\\/2021\\\/04\\\/cropped-ONDA.-1-1.jpg\",\"width\":459,\"height\":118,\"caption\":\"Painting Queen\"},\"image\":{\"@id\":\"https:\\\/\\\/paintingqueen.art\\\/#\\\/schema\\\/logo\\\/image\\\/\"}}]}<\/script>\n<!-- \/ Yoast SEO plugin. -->","yoast_head_json":{"title":"Art Nouveau Girl Nr. 3 - Painting Queen","robots":{"index":"index","follow":"follow","max-snippet":"max-snippet:-1","max-image-preview":"max-image-preview:large","max-video-preview":"max-video-preview:-1"},"canonical":"https:\/\/paintingqueen.art\/fr\/tienda\/year\/2022\/art-nouveau-girl-nr-3\/","og_locale":"fr_FR","og_type":"article","og_title":"Art Nouveau Girl Nr. 3 - Painting Queen","og_description":"Medium: Acrylic on woodDimensions: 60 x 30 cmYear: 2022Style: Contemporary reinterpretation of Art Nouveau with graphic influences, retro aesthetics, and a celebration of feminine power. Description:With her voluminous blue afro and oversized glasses, Art Nouveau Girl #3 blends elegance, irony, and self-assurance. Her steady gaze and poised gesture convey a woman in full control of her image \u2014 challenging Eurocentric ideals and transforming them into a new, stylized icon. Meaning &amp; Significance:This piece celebrates identity, fashion, and individuality as sources of power. The ornamental spirit of Art Nouveau is reinterpreted through a modern and inclusive lens, affirming that beauty and representation can\u2014and must\u2014coexist. A bold visual statement for a diverse future.","og_url":"https:\/\/paintingqueen.art\/fr\/tienda\/year\/2022\/art-nouveau-girl-nr-3\/","og_site_name":"Painting Queen","article_modified_time":"2025-11-06T14:29:13+00:00","og_image":[{"width":1282,"height":2560,"url":"https:\/\/paintingqueen.art\/wp-content\/uploads\/2022\/08\/unnamed-1-scaled.jpg","type":"image\/jpeg"}],"twitter_card":"summary_large_image","twitter_misc":{"Dur\u00e9e de lecture estim\u00e9e":"1 minute"},"schema":{"@context":"https:\/\/schema.org","@graph":[{"@type":"WebPage","@id":"https:\/\/paintingqueen.art\/tienda\/year\/2022\/art-nouveau-girl-nr-3\/","url":"https:\/\/paintingqueen.art\/tienda\/year\/2022\/art-nouveau-girl-nr-3\/","name":"Art Nouveau Girl Nr. 3 - Painting Queen","isPartOf":{"@id":"https:\/\/paintingqueen.art\/#website"},"primaryImageOfPage":{"@id":"https:\/\/paintingqueen.art\/tienda\/year\/2022\/art-nouveau-girl-nr-3\/#primaryimage"},"image":{"@id":"https:\/\/paintingqueen.art\/tienda\/year\/2022\/art-nouveau-girl-nr-3\/#primaryimage"},"thumbnailUrl":"https:\/\/paintingqueen.art\/wp-content\/uploads\/2022\/08\/unnamed-1-scaled.jpg","datePublished":"2022-08-09T15:18:23+00:00","dateModified":"2025-11-06T14:29:13+00:00","breadcrumb":{"@id":"https:\/\/paintingqueen.art\/tienda\/year\/2022\/art-nouveau-girl-nr-3\/#breadcrumb"},"inLanguage":"fr-FR","potentialAction":[{"@type":"ReadAction","target":["https:\/\/paintingqueen.art\/tienda\/year\/2022\/art-nouveau-girl-nr-3\/"]}]},{"@type":"ImageObject","inLanguage":"fr-FR","@id":"https:\/\/paintingqueen.art\/tienda\/year\/2022\/art-nouveau-girl-nr-3\/#primaryimage","url":"https:\/\/paintingqueen.art\/wp-content\/uploads\/2022\/08\/unnamed-1-scaled.jpg","contentUrl":"https:\/\/paintingqueen.art\/wp-content\/uploads\/2022\/08\/unnamed-1-scaled.jpg","width":1282,"height":2560},{"@type":"BreadcrumbList","@id":"https:\/\/paintingqueen.art\/tienda\/year\/2022\/art-nouveau-girl-nr-3\/#breadcrumb","itemListElement":[{"@type":"ListItem","position":1,"name":"Portada","item":"https:\/\/paintingqueen.art\/"},{"@type":"ListItem","position":2,"name":"Produkte","item":"https:\/\/paintingqueen.art\/de\/shop\/"},{"@type":"ListItem","position":3,"name":"Art Nouveau Girl Nr. 3"}]},{"@type":"WebSite","@id":"https:\/\/paintingqueen.art\/#website","url":"https:\/\/paintingqueen.art\/","name":"Painting Queen","description":"Visual Artist","publisher":{"@id":"https:\/\/paintingqueen.art\/#organization"},"potentialAction":[{"@type":"SearchAction","target":{"@type":"EntryPoint","urlTemplate":"https:\/\/paintingqueen.art\/?s={search_term_string}"},"query-input":{"@type":"PropertyValueSpecification","valueRequired":true,"valueName":"search_term_string"}}],"inLanguage":"fr-FR"},{"@type":"Organization","@id":"https:\/\/paintingqueen.art\/#organization","name":"Painting Queen","url":"https:\/\/paintingqueen.art\/","logo":{"@type":"ImageObject","inLanguage":"fr-FR","@id":"https:\/\/paintingqueen.art\/#\/schema\/logo\/image\/","url":"https:\/\/paintingqueen.art\/wp-content\/uploads\/2021\/04\/cropped-ONDA.-1-1.jpg","contentUrl":"https:\/\/paintingqueen.art\/wp-content\/uploads\/2021\/04\/cropped-ONDA.-1-1.jpg","width":459,"height":118,"caption":"Painting Queen"},"image":{"@id":"https:\/\/paintingqueen.art\/#\/schema\/logo\/image\/"}}]}},"_links":{"self":[{"href":"https:\/\/paintingqueen.art\/fr\/wp-json\/wp\/v2\/product\/1329","targetHints":{"allow":["GET"]}}],"collection":[{"href":"https:\/\/paintingqueen.art\/fr\/wp-json\/wp\/v2\/product"}],"about":[{"href":"https:\/\/paintingqueen.art\/fr\/wp-json\/wp\/v2\/types\/product"}],"wp:featuredmedia":[{"embeddable":true,"href":"https:\/\/paintingqueen.art\/fr\/wp-json\/wp\/v2\/media\/1425"}],"wp:attachment":[{"href":"https:\/\/paintingqueen.art\/fr\/wp-json\/wp\/v2\/media?parent=1329"}],"wp:term":[{"taxonomy":"product_brand","embeddable":true,"href":"https:\/\/paintingqueen.art\/fr\/wp-json\/wp\/v2\/product_brand?post=1329"},{"taxonomy":"product_cat","embeddable":true,"href":"https:\/\/paintingqueen.art\/fr\/wp-json\/wp\/v2\/product_cat?post=1329"},{"taxonomy":"product_tag","embeddable":true,"href":"https:\/\/paintingqueen.art\/fr\/wp-json\/wp\/v2\/product_tag?post=1329"}],"curies":[{"name":"wp","href":"https:\/\/api.w.org\/{rel}","templated":true}]}}