{"id":1319,"date":"2022-08-09T15:09:29","date_gmt":"2022-08-09T15:09:29","guid":{"rendered":"https:\/\/paintingqueen.art\/?post_type=product&#038;p=1319"},"modified":"2025-11-17T13:57:22","modified_gmt":"2025-11-17T13:57:22","slug":"art-nouveau-girl-nr-2","status":"publish","type":"product","link":"https:\/\/paintingqueen.art\/fr\/tienda\/year\/2022\/art-nouveau-girl-nr-2\/","title":{"rendered":"Art Nouveau Girl Nr. 2 \u2022 acrylic on wooden board 2022"},"content":{"rendered":"","protected":false},"excerpt":{"rendered":"<p><strong data-start=\"361\" data-end=\"372\">Technique :<\/strong> Acrylique sur bois<br data-start=\"388\" data-end=\"391\" \/><strong data-start=\"391\" data-end=\"406\">Dimensions :<\/strong> 30 x 41 cm<br data-start=\"417\" data-end=\"420\" \/><strong data-start=\"420\" data-end=\"429\">Ann\u00e9e :<\/strong> 2022<br data-start=\"434\" data-end=\"437\" \/><strong data-start=\"437\" data-end=\"447\">Style :<\/strong> R\u00e9interpr\u00e9tation contemporaine de l\u2019Art nouveau avec une approche graphique et minimaliste, affirmant la diversit\u00e9 esth\u00e9tique de la f\u00e9minit\u00e9.<\/p>\n<p class=\"\" data-start=\"1445\" data-end=\"1742\"><strong data-start=\"1445\" data-end=\"1461\">Description<\/strong><br data-start=\"1461\" data-end=\"1464\" \/><em data-start=\"1464\" data-end=\"1485\">Art Nouveau Girl #2<\/em> s\u2019\u00e9carte du drame ornemental des cheveux pour pr\u00e9senter une figure f\u00e9minine chauve, au regard tourn\u00e9 vers le ciel, coiff\u00e9e d\u2019un chapeau rayonnant en cercles color\u00e9s. Le choix de la repr\u00e9senter sans cheveux est intentionnel : un message affirmant que toutes les femmes sont belles \u2014 avec ou sans chevelure abondante.<\/p>\n<p class=\"\" data-start=\"1744\" data-end=\"2066\"><strong data-start=\"1744\" data-end=\"1771\">Signification et importance<\/strong><br data-start=\"1771\" data-end=\"1774\" \/>L\u2019\u0153uvre c\u00e9l\u00e8bre l\u2019autonomie esth\u00e9tique et remet en question l\u2019id\u00e9e que la f\u00e9minit\u00e9 n\u00e9cessite des attributs traditionnels. Les tons froids et la structure graphique \u00e9voquent la s\u00e9r\u00e9nit\u00e9 et la puissance silencieuse. L\u2019absence de cheveux n\u2019est pas un manque, mais une forme alternative de beaut\u00e9 assum\u00e9e, forte et contemporaine.<\/p>","protected":false},"featured_media":1320,"template":"","meta":{"site-sidebar-layout":"default","site-content-layout":"default","ast-site-content-layout":"default","site-content-style":"default","site-sidebar-style":"default","ast-global-header-display":"","ast-banner-title-visibility":"","ast-main-header-display":"","ast-hfb-above-header-display":"","ast-hfb-below-header-display":"","ast-hfb-mobile-header-display":"","site-post-title":"","ast-breadcrumbs-content":"","ast-featured-img":"","footer-sml-layout":"","ast-disable-related-posts":"","theme-transparent-header-meta":"default","adv-header-id-meta":"","stick-header-meta":"","header-above-stick-meta":"","header-main-stick-meta":"","header-below-stick-meta":"","astra-migrate-meta-layouts":"set","ast-page-background-enabled":"default","ast-page-background-meta":{"desktop":{"background-color":"","background-image":"","background-repeat":"repeat","background-position":"center center","background-size":"auto","background-attachment":"scroll","background-type":"","background-media":"","overlay-type":"","overlay-color":"","overlay-opacity":"","overlay-gradient":""},"tablet":{"background-color":"","background-image":"","background-repeat":"repeat","background-position":"center center","background-size":"auto","background-attachment":"scroll","background-type":"","background-media":"","overlay-type":"","overlay-color":"","overlay-opacity":"","overlay-gradient":""},"mobile":{"background-color":"","background-image":"","background-repeat":"repeat","background-position":"center center","background-size":"auto","background-attachment":"scroll","background-type":"","background-media":"","overlay-type":"","overlay-color":"","overlay-opacity":"","overlay-gradient":""}},"ast-content-background-meta":{"desktop":{"background-color":"var(--ast-global-color-5)","background-image":"","background-repeat":"repeat","background-position":"center center","background-size":"auto","background-attachment":"scroll","background-type":"","background-media":"","overlay-type":"","overlay-color":"","overlay-opacity":"","overlay-gradient":""},"tablet":{"background-color":"var(--ast-global-color-5)","background-image":"","background-repeat":"repeat","background-position":"center center","background-size":"auto","background-attachment":"scroll","background-type":"","background-media":"","overlay-type":"","overlay-color":"","overlay-opacity":"","overlay-gradient":""},"mobile":{"background-color":"var(--ast-global-color-5)","background-image":"","background-repeat":"repeat","background-position":"center center","background-size":"auto","background-attachment":"scroll","background-type":"","background-media":"","overlay-type":"","overlay-color":"","overlay-opacity":"","overlay-gradient":""}},"_joinchat":[]},"product_brand":[],"product_cat":[341,319,326,15],"product_tag":[],"class_list":{"0":"post-1319","1":"product","2":"type-product","3":"status-publish","4":"has-post-thumbnail","6":"product_cat-341","7":"product_cat-acrylic","8":"product_cat-contemporary","9":"product_cat-technique","10":"desktop-align-left","11":"tablet-align-left","12":"mobile-align-left","14":"first","15":"instock","16":"taxable","17":"shipping-taxable","18":"purchasable","19":"product-type-simple"},"yoast_head":"<!-- This site is optimized with the Yoast SEO plugin v27.5 - https:\/\/yoast.com\/product\/yoast-seo-wordpress\/ -->\n<title>Art Nouveau Girl Nr. 2 \u2022 acrylic on wooden board 2022 - Painting Queen<\/title>\n<meta name=\"robots\" content=\"index, follow, max-snippet:-1, max-image-preview:large, max-video-preview:-1\" \/>\n<link rel=\"canonical\" href=\"https:\/\/paintingqueen.art\/fr\/tienda\/year\/2022\/art-nouveau-girl-nr-2\/\" \/>\n<meta property=\"og:locale\" content=\"fr_FR\" \/>\n<meta property=\"og:type\" content=\"article\" \/>\n<meta property=\"og:title\" content=\"Art Nouveau Girl Nr. 2 \u2022 acrylic on wooden board 2022 - Painting Queen\" \/>\n<meta property=\"og:description\" content=\"Medium: Acrylic on woodDimensions: 30 x 41 cmYear: 2022Style: Contemporary reinterpretation of Art Nouveau with a graphic, minimalist approach and an affirmation of aesthetic diversity in femininity. Description:Art Nouveau Girl #2 departs from the ornamental drama of hair, portraying a bald female figure with an upward gaze and a radiating halo-like hat. The choice to depict her without hair is deliberate \u2014 a statement that all women are beautiful, with or without exaggerated locks. Meaning &amp; Significance:This work celebrates aesthetic autonomy and challenges the idea that femininity depends on traditional attributes. The cool tones and graphic structure convey calmness and quiet power. Hairlessness here is not a lack, but an alternative expression of beauty \u2014 proud, unapologetic, and modern.\" \/>\n<meta property=\"og:url\" content=\"https:\/\/paintingqueen.art\/fr\/tienda\/year\/2022\/art-nouveau-girl-nr-2\/\" \/>\n<meta property=\"og:site_name\" content=\"Painting Queen\" \/>\n<meta property=\"article:modified_time\" content=\"2025-11-17T13:57:22+00:00\" \/>\n<meta property=\"og:image\" content=\"https:\/\/paintingqueen.art\/wp-content\/uploads\/2022\/08\/Art-Nouveau-Girl-Nr.-2-.jpeg\" \/>\n\t<meta property=\"og:image:width\" content=\"2088\" \/>\n\t<meta property=\"og:image:height\" content=\"1504\" \/>\n\t<meta property=\"og:image:type\" content=\"image\/jpeg\" \/>\n<meta name=\"twitter:card\" content=\"summary_large_image\" \/>\n<meta name=\"twitter:label1\" content=\"Dur\u00e9e de lecture estim\u00e9e\" \/>\n\t<meta name=\"twitter:data1\" content=\"1 minute\" \/>\n<script type=\"application\/ld+json\" class=\"yoast-schema-graph\">{\"@context\":\"https:\\\/\\\/schema.org\",\"@graph\":[{\"@type\":\"WebPage\",\"@id\":\"https:\\\/\\\/paintingqueen.art\\\/tienda\\\/year\\\/2022\\\/art-nouveau-girl-nr-2\\\/\",\"url\":\"https:\\\/\\\/paintingqueen.art\\\/tienda\\\/year\\\/2022\\\/art-nouveau-girl-nr-2\\\/\",\"name\":\"Art Nouveau Girl Nr. 2 \u2022 acrylic on wooden board 2022 - Painting Queen\",\"isPartOf\":{\"@id\":\"https:\\\/\\\/paintingqueen.art\\\/#website\"},\"primaryImageOfPage\":{\"@id\":\"https:\\\/\\\/paintingqueen.art\\\/tienda\\\/year\\\/2022\\\/art-nouveau-girl-nr-2\\\/#primaryimage\"},\"image\":{\"@id\":\"https:\\\/\\\/paintingqueen.art\\\/tienda\\\/year\\\/2022\\\/art-nouveau-girl-nr-2\\\/#primaryimage\"},\"thumbnailUrl\":\"https:\\\/\\\/paintingqueen.art\\\/wp-content\\\/uploads\\\/2022\\\/08\\\/Art-Nouveau-Girl-Nr.-2-.jpeg\",\"datePublished\":\"2022-08-09T15:09:29+00:00\",\"dateModified\":\"2025-11-17T13:57:22+00:00\",\"breadcrumb\":{\"@id\":\"https:\\\/\\\/paintingqueen.art\\\/tienda\\\/year\\\/2022\\\/art-nouveau-girl-nr-2\\\/#breadcrumb\"},\"inLanguage\":\"fr-FR\",\"potentialAction\":[{\"@type\":\"ReadAction\",\"target\":[\"https:\\\/\\\/paintingqueen.art\\\/tienda\\\/year\\\/2022\\\/art-nouveau-girl-nr-2\\\/\"]}]},{\"@type\":\"ImageObject\",\"inLanguage\":\"fr-FR\",\"@id\":\"https:\\\/\\\/paintingqueen.art\\\/tienda\\\/year\\\/2022\\\/art-nouveau-girl-nr-2\\\/#primaryimage\",\"url\":\"https:\\\/\\\/paintingqueen.art\\\/wp-content\\\/uploads\\\/2022\\\/08\\\/Art-Nouveau-Girl-Nr.-2-.jpeg\",\"contentUrl\":\"https:\\\/\\\/paintingqueen.art\\\/wp-content\\\/uploads\\\/2022\\\/08\\\/Art-Nouveau-Girl-Nr.-2-.jpeg\",\"width\":2088,\"height\":1504},{\"@type\":\"BreadcrumbList\",\"@id\":\"https:\\\/\\\/paintingqueen.art\\\/tienda\\\/year\\\/2022\\\/art-nouveau-girl-nr-2\\\/#breadcrumb\",\"itemListElement\":[{\"@type\":\"ListItem\",\"position\":1,\"name\":\"Portada\",\"item\":\"https:\\\/\\\/paintingqueen.art\\\/\"},{\"@type\":\"ListItem\",\"position\":2,\"name\":\"Produkte\",\"item\":\"https:\\\/\\\/paintingqueen.art\\\/de\\\/shop\\\/\"},{\"@type\":\"ListItem\",\"position\":3,\"name\":\"Art Nouveau Girl Nr. 2 \u2022 acrylic on wooden board 2022\"}]},{\"@type\":\"WebSite\",\"@id\":\"https:\\\/\\\/paintingqueen.art\\\/#website\",\"url\":\"https:\\\/\\\/paintingqueen.art\\\/\",\"name\":\"Painting Queen\",\"description\":\"Visual Artist\",\"publisher\":{\"@id\":\"https:\\\/\\\/paintingqueen.art\\\/#organization\"},\"potentialAction\":[{\"@type\":\"SearchAction\",\"target\":{\"@type\":\"EntryPoint\",\"urlTemplate\":\"https:\\\/\\\/paintingqueen.art\\\/?s={search_term_string}\"},\"query-input\":{\"@type\":\"PropertyValueSpecification\",\"valueRequired\":true,\"valueName\":\"search_term_string\"}}],\"inLanguage\":\"fr-FR\"},{\"@type\":\"Organization\",\"@id\":\"https:\\\/\\\/paintingqueen.art\\\/#organization\",\"name\":\"Painting Queen\",\"url\":\"https:\\\/\\\/paintingqueen.art\\\/\",\"logo\":{\"@type\":\"ImageObject\",\"inLanguage\":\"fr-FR\",\"@id\":\"https:\\\/\\\/paintingqueen.art\\\/#\\\/schema\\\/logo\\\/image\\\/\",\"url\":\"https:\\\/\\\/paintingqueen.art\\\/wp-content\\\/uploads\\\/2021\\\/04\\\/cropped-ONDA.-1-1.jpg\",\"contentUrl\":\"https:\\\/\\\/paintingqueen.art\\\/wp-content\\\/uploads\\\/2021\\\/04\\\/cropped-ONDA.-1-1.jpg\",\"width\":459,\"height\":118,\"caption\":\"Painting Queen\"},\"image\":{\"@id\":\"https:\\\/\\\/paintingqueen.art\\\/#\\\/schema\\\/logo\\\/image\\\/\"}}]}<\/script>\n<!-- \/ Yoast SEO plugin. -->","yoast_head_json":{"title":"Art Nouveau Girl Nr. 2 \u2022 acrylic on wooden board 2022 - Painting Queen","robots":{"index":"index","follow":"follow","max-snippet":"max-snippet:-1","max-image-preview":"max-image-preview:large","max-video-preview":"max-video-preview:-1"},"canonical":"https:\/\/paintingqueen.art\/fr\/tienda\/year\/2022\/art-nouveau-girl-nr-2\/","og_locale":"fr_FR","og_type":"article","og_title":"Art Nouveau Girl Nr. 2 \u2022 acrylic on wooden board 2022 - Painting Queen","og_description":"Medium: Acrylic on woodDimensions: 30 x 41 cmYear: 2022Style: Contemporary reinterpretation of Art Nouveau with a graphic, minimalist approach and an affirmation of aesthetic diversity in femininity. Description:Art Nouveau Girl #2 departs from the ornamental drama of hair, portraying a bald female figure with an upward gaze and a radiating halo-like hat. The choice to depict her without hair is deliberate \u2014 a statement that all women are beautiful, with or without exaggerated locks. Meaning &amp; Significance:This work celebrates aesthetic autonomy and challenges the idea that femininity depends on traditional attributes. The cool tones and graphic structure convey calmness and quiet power. Hairlessness here is not a lack, but an alternative expression of beauty \u2014 proud, unapologetic, and modern.","og_url":"https:\/\/paintingqueen.art\/fr\/tienda\/year\/2022\/art-nouveau-girl-nr-2\/","og_site_name":"Painting Queen","article_modified_time":"2025-11-17T13:57:22+00:00","og_image":[{"width":2088,"height":1504,"url":"https:\/\/paintingqueen.art\/wp-content\/uploads\/2022\/08\/Art-Nouveau-Girl-Nr.-2-.jpeg","type":"image\/jpeg"}],"twitter_card":"summary_large_image","twitter_misc":{"Dur\u00e9e de lecture estim\u00e9e":"1 minute"},"schema":{"@context":"https:\/\/schema.org","@graph":[{"@type":"WebPage","@id":"https:\/\/paintingqueen.art\/tienda\/year\/2022\/art-nouveau-girl-nr-2\/","url":"https:\/\/paintingqueen.art\/tienda\/year\/2022\/art-nouveau-girl-nr-2\/","name":"Art Nouveau Girl Nr. 2 \u2022 acrylic on wooden board 2022 - Painting Queen","isPartOf":{"@id":"https:\/\/paintingqueen.art\/#website"},"primaryImageOfPage":{"@id":"https:\/\/paintingqueen.art\/tienda\/year\/2022\/art-nouveau-girl-nr-2\/#primaryimage"},"image":{"@id":"https:\/\/paintingqueen.art\/tienda\/year\/2022\/art-nouveau-girl-nr-2\/#primaryimage"},"thumbnailUrl":"https:\/\/paintingqueen.art\/wp-content\/uploads\/2022\/08\/Art-Nouveau-Girl-Nr.-2-.jpeg","datePublished":"2022-08-09T15:09:29+00:00","dateModified":"2025-11-17T13:57:22+00:00","breadcrumb":{"@id":"https:\/\/paintingqueen.art\/tienda\/year\/2022\/art-nouveau-girl-nr-2\/#breadcrumb"},"inLanguage":"fr-FR","potentialAction":[{"@type":"ReadAction","target":["https:\/\/paintingqueen.art\/tienda\/year\/2022\/art-nouveau-girl-nr-2\/"]}]},{"@type":"ImageObject","inLanguage":"fr-FR","@id":"https:\/\/paintingqueen.art\/tienda\/year\/2022\/art-nouveau-girl-nr-2\/#primaryimage","url":"https:\/\/paintingqueen.art\/wp-content\/uploads\/2022\/08\/Art-Nouveau-Girl-Nr.-2-.jpeg","contentUrl":"https:\/\/paintingqueen.art\/wp-content\/uploads\/2022\/08\/Art-Nouveau-Girl-Nr.-2-.jpeg","width":2088,"height":1504},{"@type":"BreadcrumbList","@id":"https:\/\/paintingqueen.art\/tienda\/year\/2022\/art-nouveau-girl-nr-2\/#breadcrumb","itemListElement":[{"@type":"ListItem","position":1,"name":"Portada","item":"https:\/\/paintingqueen.art\/"},{"@type":"ListItem","position":2,"name":"Produkte","item":"https:\/\/paintingqueen.art\/de\/shop\/"},{"@type":"ListItem","position":3,"name":"Art Nouveau Girl Nr. 2 \u2022 acrylic on wooden board 2022"}]},{"@type":"WebSite","@id":"https:\/\/paintingqueen.art\/#website","url":"https:\/\/paintingqueen.art\/","name":"Painting Queen","description":"Visual Artist","publisher":{"@id":"https:\/\/paintingqueen.art\/#organization"},"potentialAction":[{"@type":"SearchAction","target":{"@type":"EntryPoint","urlTemplate":"https:\/\/paintingqueen.art\/?s={search_term_string}"},"query-input":{"@type":"PropertyValueSpecification","valueRequired":true,"valueName":"search_term_string"}}],"inLanguage":"fr-FR"},{"@type":"Organization","@id":"https:\/\/paintingqueen.art\/#organization","name":"Painting Queen","url":"https:\/\/paintingqueen.art\/","logo":{"@type":"ImageObject","inLanguage":"fr-FR","@id":"https:\/\/paintingqueen.art\/#\/schema\/logo\/image\/","url":"https:\/\/paintingqueen.art\/wp-content\/uploads\/2021\/04\/cropped-ONDA.-1-1.jpg","contentUrl":"https:\/\/paintingqueen.art\/wp-content\/uploads\/2021\/04\/cropped-ONDA.-1-1.jpg","width":459,"height":118,"caption":"Painting Queen"},"image":{"@id":"https:\/\/paintingqueen.art\/#\/schema\/logo\/image\/"}}]}},"_links":{"self":[{"href":"https:\/\/paintingqueen.art\/fr\/wp-json\/wp\/v2\/product\/1319","targetHints":{"allow":["GET"]}}],"collection":[{"href":"https:\/\/paintingqueen.art\/fr\/wp-json\/wp\/v2\/product"}],"about":[{"href":"https:\/\/paintingqueen.art\/fr\/wp-json\/wp\/v2\/types\/product"}],"wp:featuredmedia":[{"embeddable":true,"href":"https:\/\/paintingqueen.art\/fr\/wp-json\/wp\/v2\/media\/1320"}],"wp:attachment":[{"href":"https:\/\/paintingqueen.art\/fr\/wp-json\/wp\/v2\/media?parent=1319"}],"wp:term":[{"taxonomy":"product_brand","embeddable":true,"href":"https:\/\/paintingqueen.art\/fr\/wp-json\/wp\/v2\/product_brand?post=1319"},{"taxonomy":"product_cat","embeddable":true,"href":"https:\/\/paintingqueen.art\/fr\/wp-json\/wp\/v2\/product_cat?post=1319"},{"taxonomy":"product_tag","embeddable":true,"href":"https:\/\/paintingqueen.art\/fr\/wp-json\/wp\/v2\/product_tag?post=1319"}],"curies":[{"name":"wp","href":"https:\/\/api.w.org\/{rel}","templated":true}]}}