{"id":5254,"date":"2025-12-17T15:30:18","date_gmt":"2025-12-17T15:30:18","guid":{"rendered":"https:\/\/paintingqueen.art\/?post_type=product&#038;p=5254"},"modified":"2025-12-17T15:30:18","modified_gmt":"2025-12-17T15:30:18","slug":"celeste-blanca-polyptychon","status":"publish","type":"product","link":"https:\/\/paintingqueen.art\/es\/tienda\/year\/2022\/celeste-blanca-polyptychon\/","title":{"rendered":"CELESTE &#038; BLANCA POLYPTYCHON"},"content":{"rendered":"<p data-start=\"3746\" data-end=\"4003\"><em data-start=\"3746\" data-end=\"3764\">Celeste &amp; Blanca<\/em> es un pol\u00edptico abstracto que explora el color como ritmo, repetici\u00f3n y variaci\u00f3n. A trav\u00e9s de una paleta dominada por azules y blancos, la obra evoca cielos, superficies erosionadas y paisajes emocionales, proponiendo una lectura fragmentada y contemplativa.<\/p>\n<p data-start=\"4005\" data-end=\"4237\">Cada panel funciona como una unidad aut\u00f3noma y, al mismo tiempo, como parte de un sistema mayor. La relaci\u00f3n entre los formatos crea una cadencia visual que invita a una observaci\u00f3n pausada, donde el gesto pict\u00f3rico y la textura cobran protagonismo.<\/p>\n<p data-start=\"4239\" data-end=\"4343\">La obra se presenta completamente enmarcada seg\u00fan el concepto art\u00edstico, lista para ser instalada como conjunto.<\/p>\n<p data-start=\"4345\" data-end=\"4594\"><strong data-start=\"4345\" data-end=\"4366\">Especificaciones:<\/strong><br data-start=\"4366\" data-end=\"4369\" \/>Artista: Painting Queen<br data-start=\"4391\" data-end=\"4394\" \/>A\u00f1o: 2022<br data-start=\"4404\" data-end=\"4407\" \/>Technique: Acrylic on canvas<br data-start=\"4435\" data-end=\"4438\" \/>Format: Polyptych (4 panels)<br data-start=\"4466\" data-end=\"4469\" \/>Dimensiones:<br data-start=\"4480\" data-end=\"4483\" \/>\u2013 2 obras de 29 \u00d7 23 cm<br data-start=\"4506\" data-end=\"4509\" \/>\u2013 2 obras de 29 \u00d7 35 cm<br data-start=\"4532\" data-end=\"4535\" \/>Marco: Incluido, dise\u00f1ado seg\u00fan el concepto art\u00edstico<br data-start=\"4567\" data-end=\"4570\" \/>Precio del conjunto: CHF 1,900<\/p>\n<p data-start=\"4596\" data-end=\"4751\"><strong data-start=\"4596\" data-end=\"4612\">Disponibilidad<\/strong><br data-start=\"4612\" data-end=\"4615\" \/>Esta obra est\u00e1 a la venta como conjunto.<br data-start=\"4662\" data-end=\"4665\" \/>Obra original, pol\u00edptico \u00fanico.<br data-start=\"4698\" data-end=\"4701\" \/>Para consultas, precios o adquisici\u00f3n, por favor contactar directamente con la artista o agregar al carrito y finalizar compra.<\/p>","protected":false},"excerpt":{"rendered":"<p data-start=\"3746\" data-end=\"4003\"><em data-start=\"3746\" data-end=\"3764\">Celeste &amp; Blanca<\/em> es un pol\u00edptico abstracto que explora el color como ritmo, repetici\u00f3n y variaci\u00f3n. A trav\u00e9s de una paleta dominada por azules y blancos, la obra evoca cielos, superficies erosionadas y paisajes emocionales, proponiendo una lectura fragmentada y contemplativa.<\/p>\n<p data-start=\"4005\" data-end=\"4237\">Cada panel funciona como una unidad aut\u00f3noma y, al mismo tiempo, como parte de un sistema mayor. La relaci\u00f3n entre los formatos crea una cadencia visual que invita a una observaci\u00f3n pausada, donde el gesto pict\u00f3rico y la textura cobran protagonismo.<\/p>\n<p data-start=\"4239\" data-end=\"4343\">La obra se presenta completamente enmarcada seg\u00fan el concepto art\u00edstico, lista para ser instalada como conjunto.<\/p>\n<p data-start=\"4345\" data-end=\"4594\"><strong data-start=\"4345\" data-end=\"4366\">Especificaciones:<\/strong><br data-start=\"4366\" data-end=\"4369\" \/>Artista: Painting Queen<br data-start=\"4391\" data-end=\"4394\" \/>A\u00f1o: 2022<br data-start=\"4404\" data-end=\"4407\" \/>Technique: Acrylic on canvas<br data-start=\"4435\" data-end=\"4438\" \/>Format: Polyptych (4 panels)<br data-start=\"4466\" data-end=\"4469\" \/>Dimensiones:<br data-start=\"4480\" data-end=\"4483\" \/>\u2013 2 obras de 29 \u00d7 23 cm<br data-start=\"4506\" data-end=\"4509\" \/>\u2013 2 obras de 29 \u00d7 35 cm<br data-start=\"4532\" data-end=\"4535\" \/>Marco: Incluido, dise\u00f1ado seg\u00fan el concepto art\u00edstico<br data-start=\"4567\" data-end=\"4570\" \/>Precio del conjunto: CHF 1,900<\/p>\n<p data-start=\"4596\" data-end=\"4751\"><strong data-start=\"4596\" data-end=\"4612\">Disponibilidad<\/strong><br data-start=\"4612\" data-end=\"4615\" \/>Esta obra est\u00e1 a la venta como conjunto.<br data-start=\"4662\" data-end=\"4665\" \/>Obra original, pol\u00edptico \u00fanico.<br data-start=\"4698\" data-end=\"4701\" \/>Para consultas, precios o adquisici\u00f3n, por favor contactar directamente con la artista o agregar al carrito y finalizar compra.<\/p>","protected":false},"featured_media":5255,"template":"","meta":{"site-sidebar-layout":"default","site-content-layout":"","ast-site-content-layout":"default","site-content-style":"default","site-sidebar-style":"default","ast-global-header-display":"","ast-banner-title-visibility":"","ast-main-header-display":"","ast-hfb-above-header-display":"","ast-hfb-below-header-display":"","ast-hfb-mobile-header-display":"","site-post-title":"","ast-breadcrumbs-content":"","ast-featured-img":"","footer-sml-layout":"","ast-disable-related-posts":"","theme-transparent-header-meta":"default","adv-header-id-meta":"","stick-header-meta":"","header-above-stick-meta":"","header-main-stick-meta":"","header-below-stick-meta":"","astra-migrate-meta-layouts":"set","ast-page-background-enabled":"default","ast-page-background-meta":{"desktop":{"background-color":"","background-image":"","background-repeat":"repeat","background-position":"center center","background-size":"auto","background-attachment":"scroll","background-type":"","background-media":"","overlay-type":"","overlay-color":"","overlay-opacity":"","overlay-gradient":""},"tablet":{"background-color":"","background-image":"","background-repeat":"repeat","background-position":"center center","background-size":"auto","background-attachment":"scroll","background-type":"","background-media":"","overlay-type":"","overlay-color":"","overlay-opacity":"","overlay-gradient":""},"mobile":{"background-color":"","background-image":"","background-repeat":"repeat","background-position":"center center","background-size":"auto","background-attachment":"scroll","background-type":"","background-media":"","overlay-type":"","overlay-color":"","overlay-opacity":"","overlay-gradient":""}},"ast-content-background-meta":{"desktop":{"background-color":"var(--ast-global-color-5)","background-image":"","background-repeat":"repeat","background-position":"center center","background-size":"auto","background-attachment":"scroll","background-type":"","background-media":"","overlay-type":"","overlay-color":"","overlay-opacity":"","overlay-gradient":""},"tablet":{"background-color":"var(--ast-global-color-5)","background-image":"","background-repeat":"repeat","background-position":"center center","background-size":"auto","background-attachment":"scroll","background-type":"","background-media":"","overlay-type":"","overlay-color":"","overlay-opacity":"","overlay-gradient":""},"mobile":{"background-color":"var(--ast-global-color-5)","background-image":"","background-repeat":"repeat","background-position":"center center","background-size":"auto","background-attachment":"scroll","background-type":"","background-media":"","overlay-type":"","overlay-color":"","overlay-opacity":"","overlay-gradient":""}},"_joinchat":[]},"product_brand":[],"product_cat":[341,329,319,326,320,331],"product_tag":[],"class_list":{"0":"post-5254","1":"product","2":"type-product","3":"status-publish","4":"has-post-thumbnail","6":"product_cat-341","7":"product_cat-abstract","8":"product_cat-acrylic","9":"product_cat-contemporary","10":"product_cat-mixed-media","11":"product_cat-sky-studies","12":"desktop-align-left","13":"tablet-align-left","14":"mobile-align-left","16":"first","17":"instock","18":"taxable","19":"shipping-taxable","20":"purchasable","21":"product-type-simple"},"yoast_head":"<!-- This site is optimized with the Yoast SEO plugin v27.4 - https:\/\/yoast.com\/product\/yoast-seo-wordpress\/ -->\n<title>CELESTE &amp; BLANCA POLYPTYCHON - Painting Queen<\/title>\n<meta name=\"robots\" content=\"index, follow, max-snippet:-1, max-image-preview:large, max-video-preview:-1\" \/>\n<link rel=\"canonical\" href=\"https:\/\/paintingqueen.art\/es\/tienda\/year\/2022\/celeste-blanca-polyptychon\/\" \/>\n<meta property=\"og:locale\" content=\"es_ES\" \/>\n<meta property=\"og:type\" content=\"article\" \/>\n<meta property=\"og:title\" content=\"CELESTE &amp; BLANCA POLYPTYCHON - Painting Queen\" \/>\n<meta property=\"og:description\" content=\"Celeste &amp; Blanca is an abstract polyptych exploring color as rhythm, repetition, and variation. Dominated by blue and white tones, the work evokes skies, eroded surfaces, and emotional landscapes, offering a fragmented yet contemplative visual experience. Each panel functions both independently and as part of a larger system. The relationship between the different formats creates a visual cadence that encourages slow and attentive viewing, where gesture and texture take center stage. The work is fully framed according to the artistic concept and ready for installation as a complete set. Technical detailsArtist: Painting QueenYear: 2022Technique: Acrylic on canvasFormat: Polyptych (4 panels)Dimensions:\u2013 2 works of 29 \u00d7 23 cm\u2013 2 works of 29 \u00d7 35 cmFrame: Included, artist-designedPrice (set): CHF 1,900 AvailabilityThis artwork is for sale as a complete set.Original polyptych, unique piece.Please contact the artist for acquisition details or add it to the cart.\" \/>\n<meta property=\"og:url\" content=\"https:\/\/paintingqueen.art\/es\/tienda\/year\/2022\/celeste-blanca-polyptychon\/\" \/>\n<meta property=\"og:site_name\" content=\"Painting Queen\" \/>\n<meta property=\"og:image\" content=\"https:\/\/paintingqueen.art\/wp-content\/uploads\/2025\/12\/Karina-21-scaled.jpg\" \/>\n\t<meta property=\"og:image:width\" content=\"2560\" \/>\n\t<meta property=\"og:image:height\" content=\"1707\" \/>\n\t<meta property=\"og:image:type\" content=\"image\/jpeg\" \/>\n<meta name=\"twitter:card\" content=\"summary_large_image\" \/>\n<meta name=\"twitter:label1\" content=\"Tiempo de lectura\" \/>\n\t<meta name=\"twitter:data1\" content=\"1 minuto\" \/>\n<script type=\"application\/ld+json\" class=\"yoast-schema-graph\">{\"@context\":\"https:\\\/\\\/schema.org\",\"@graph\":[{\"@type\":\"WebPage\",\"@id\":\"https:\\\/\\\/paintingqueen.art\\\/tienda\\\/year\\\/2022\\\/celeste-blanca-polyptychon\\\/\",\"url\":\"https:\\\/\\\/paintingqueen.art\\\/tienda\\\/year\\\/2022\\\/celeste-blanca-polyptychon\\\/\",\"name\":\"CELESTE & BLANCA POLYPTYCHON - Painting Queen\",\"isPartOf\":{\"@id\":\"https:\\\/\\\/paintingqueen.art\\\/#website\"},\"primaryImageOfPage\":{\"@id\":\"https:\\\/\\\/paintingqueen.art\\\/tienda\\\/year\\\/2022\\\/celeste-blanca-polyptychon\\\/#primaryimage\"},\"image\":{\"@id\":\"https:\\\/\\\/paintingqueen.art\\\/tienda\\\/year\\\/2022\\\/celeste-blanca-polyptychon\\\/#primaryimage\"},\"thumbnailUrl\":\"https:\\\/\\\/paintingqueen.art\\\/wp-content\\\/uploads\\\/2025\\\/12\\\/Karina-21-scaled.jpg\",\"datePublished\":\"2025-12-17T15:30:18+00:00\",\"breadcrumb\":{\"@id\":\"https:\\\/\\\/paintingqueen.art\\\/tienda\\\/year\\\/2022\\\/celeste-blanca-polyptychon\\\/#breadcrumb\"},\"inLanguage\":\"es\",\"potentialAction\":[{\"@type\":\"ReadAction\",\"target\":[\"https:\\\/\\\/paintingqueen.art\\\/tienda\\\/year\\\/2022\\\/celeste-blanca-polyptychon\\\/\"]}]},{\"@type\":\"ImageObject\",\"inLanguage\":\"es\",\"@id\":\"https:\\\/\\\/paintingqueen.art\\\/tienda\\\/year\\\/2022\\\/celeste-blanca-polyptychon\\\/#primaryimage\",\"url\":\"https:\\\/\\\/paintingqueen.art\\\/wp-content\\\/uploads\\\/2025\\\/12\\\/Karina-21-scaled.jpg\",\"contentUrl\":\"https:\\\/\\\/paintingqueen.art\\\/wp-content\\\/uploads\\\/2025\\\/12\\\/Karina-21-scaled.jpg\",\"width\":2560,\"height\":1707},{\"@type\":\"BreadcrumbList\",\"@id\":\"https:\\\/\\\/paintingqueen.art\\\/tienda\\\/year\\\/2022\\\/celeste-blanca-polyptychon\\\/#breadcrumb\",\"itemListElement\":[{\"@type\":\"ListItem\",\"position\":1,\"name\":\"Portada\",\"item\":\"https:\\\/\\\/paintingqueen.art\\\/\"},{\"@type\":\"ListItem\",\"position\":2,\"name\":\"Produkte\",\"item\":\"https:\\\/\\\/paintingqueen.art\\\/de\\\/shop\\\/\"},{\"@type\":\"ListItem\",\"position\":3,\"name\":\"CELESTE &#038; BLANCA POLYPTYCHON\"}]},{\"@type\":\"WebSite\",\"@id\":\"https:\\\/\\\/paintingqueen.art\\\/#website\",\"url\":\"https:\\\/\\\/paintingqueen.art\\\/\",\"name\":\"Painting Queen\",\"description\":\"Visual Artist\",\"publisher\":{\"@id\":\"https:\\\/\\\/paintingqueen.art\\\/#organization\"},\"potentialAction\":[{\"@type\":\"SearchAction\",\"target\":{\"@type\":\"EntryPoint\",\"urlTemplate\":\"https:\\\/\\\/paintingqueen.art\\\/?s={search_term_string}\"},\"query-input\":{\"@type\":\"PropertyValueSpecification\",\"valueRequired\":true,\"valueName\":\"search_term_string\"}}],\"inLanguage\":\"es\"},{\"@type\":\"Organization\",\"@id\":\"https:\\\/\\\/paintingqueen.art\\\/#organization\",\"name\":\"Painting Queen\",\"url\":\"https:\\\/\\\/paintingqueen.art\\\/\",\"logo\":{\"@type\":\"ImageObject\",\"inLanguage\":\"es\",\"@id\":\"https:\\\/\\\/paintingqueen.art\\\/#\\\/schema\\\/logo\\\/image\\\/\",\"url\":\"https:\\\/\\\/paintingqueen.art\\\/wp-content\\\/uploads\\\/2021\\\/04\\\/cropped-ONDA.-1-1.jpg\",\"contentUrl\":\"https:\\\/\\\/paintingqueen.art\\\/wp-content\\\/uploads\\\/2021\\\/04\\\/cropped-ONDA.-1-1.jpg\",\"width\":459,\"height\":118,\"caption\":\"Painting Queen\"},\"image\":{\"@id\":\"https:\\\/\\\/paintingqueen.art\\\/#\\\/schema\\\/logo\\\/image\\\/\"}}]}<\/script>\n<!-- \/ Yoast SEO plugin. -->","yoast_head_json":{"title":"CELESTE & BLANCA POLYPTYCHON - Painting Queen","robots":{"index":"index","follow":"follow","max-snippet":"max-snippet:-1","max-image-preview":"max-image-preview:large","max-video-preview":"max-video-preview:-1"},"canonical":"https:\/\/paintingqueen.art\/es\/tienda\/year\/2022\/celeste-blanca-polyptychon\/","og_locale":"es_ES","og_type":"article","og_title":"CELESTE & BLANCA POLYPTYCHON - Painting Queen","og_description":"Celeste &amp; Blanca is an abstract polyptych exploring color as rhythm, repetition, and variation. Dominated by blue and white tones, the work evokes skies, eroded surfaces, and emotional landscapes, offering a fragmented yet contemplative visual experience. Each panel functions both independently and as part of a larger system. The relationship between the different formats creates a visual cadence that encourages slow and attentive viewing, where gesture and texture take center stage. The work is fully framed according to the artistic concept and ready for installation as a complete set. Technical detailsArtist: Painting QueenYear: 2022Technique: Acrylic on canvasFormat: Polyptych (4 panels)Dimensions:\u2013 2 works of 29 \u00d7 23 cm\u2013 2 works of 29 \u00d7 35 cmFrame: Included, artist-designedPrice (set): CHF 1,900 AvailabilityThis artwork is for sale as a complete set.Original polyptych, unique piece.Please contact the artist for acquisition details or add it to the cart.","og_url":"https:\/\/paintingqueen.art\/es\/tienda\/year\/2022\/celeste-blanca-polyptychon\/","og_site_name":"Painting Queen","og_image":[{"width":2560,"height":1707,"url":"https:\/\/paintingqueen.art\/wp-content\/uploads\/2025\/12\/Karina-21-scaled.jpg","type":"image\/jpeg"}],"twitter_card":"summary_large_image","twitter_misc":{"Tiempo de lectura":"1 minuto"},"schema":{"@context":"https:\/\/schema.org","@graph":[{"@type":"WebPage","@id":"https:\/\/paintingqueen.art\/tienda\/year\/2022\/celeste-blanca-polyptychon\/","url":"https:\/\/paintingqueen.art\/tienda\/year\/2022\/celeste-blanca-polyptychon\/","name":"CELESTE & BLANCA POLYPTYCHON - Painting Queen","isPartOf":{"@id":"https:\/\/paintingqueen.art\/#website"},"primaryImageOfPage":{"@id":"https:\/\/paintingqueen.art\/tienda\/year\/2022\/celeste-blanca-polyptychon\/#primaryimage"},"image":{"@id":"https:\/\/paintingqueen.art\/tienda\/year\/2022\/celeste-blanca-polyptychon\/#primaryimage"},"thumbnailUrl":"https:\/\/paintingqueen.art\/wp-content\/uploads\/2025\/12\/Karina-21-scaled.jpg","datePublished":"2025-12-17T15:30:18+00:00","breadcrumb":{"@id":"https:\/\/paintingqueen.art\/tienda\/year\/2022\/celeste-blanca-polyptychon\/#breadcrumb"},"inLanguage":"es","potentialAction":[{"@type":"ReadAction","target":["https:\/\/paintingqueen.art\/tienda\/year\/2022\/celeste-blanca-polyptychon\/"]}]},{"@type":"ImageObject","inLanguage":"es","@id":"https:\/\/paintingqueen.art\/tienda\/year\/2022\/celeste-blanca-polyptychon\/#primaryimage","url":"https:\/\/paintingqueen.art\/wp-content\/uploads\/2025\/12\/Karina-21-scaled.jpg","contentUrl":"https:\/\/paintingqueen.art\/wp-content\/uploads\/2025\/12\/Karina-21-scaled.jpg","width":2560,"height":1707},{"@type":"BreadcrumbList","@id":"https:\/\/paintingqueen.art\/tienda\/year\/2022\/celeste-blanca-polyptychon\/#breadcrumb","itemListElement":[{"@type":"ListItem","position":1,"name":"Portada","item":"https:\/\/paintingqueen.art\/"},{"@type":"ListItem","position":2,"name":"Produkte","item":"https:\/\/paintingqueen.art\/de\/shop\/"},{"@type":"ListItem","position":3,"name":"CELESTE &#038; BLANCA POLYPTYCHON"}]},{"@type":"WebSite","@id":"https:\/\/paintingqueen.art\/#website","url":"https:\/\/paintingqueen.art\/","name":"Painting Queen","description":"Visual Artist","publisher":{"@id":"https:\/\/paintingqueen.art\/#organization"},"potentialAction":[{"@type":"SearchAction","target":{"@type":"EntryPoint","urlTemplate":"https:\/\/paintingqueen.art\/?s={search_term_string}"},"query-input":{"@type":"PropertyValueSpecification","valueRequired":true,"valueName":"search_term_string"}}],"inLanguage":"es"},{"@type":"Organization","@id":"https:\/\/paintingqueen.art\/#organization","name":"Painting Queen","url":"https:\/\/paintingqueen.art\/","logo":{"@type":"ImageObject","inLanguage":"es","@id":"https:\/\/paintingqueen.art\/#\/schema\/logo\/image\/","url":"https:\/\/paintingqueen.art\/wp-content\/uploads\/2021\/04\/cropped-ONDA.-1-1.jpg","contentUrl":"https:\/\/paintingqueen.art\/wp-content\/uploads\/2021\/04\/cropped-ONDA.-1-1.jpg","width":459,"height":118,"caption":"Painting Queen"},"image":{"@id":"https:\/\/paintingqueen.art\/#\/schema\/logo\/image\/"}}]}},"_links":{"self":[{"href":"https:\/\/paintingqueen.art\/es\/wp-json\/wp\/v2\/product\/5254","targetHints":{"allow":["GET"]}}],"collection":[{"href":"https:\/\/paintingqueen.art\/es\/wp-json\/wp\/v2\/product"}],"about":[{"href":"https:\/\/paintingqueen.art\/es\/wp-json\/wp\/v2\/types\/product"}],"wp:featuredmedia":[{"embeddable":true,"href":"https:\/\/paintingqueen.art\/es\/wp-json\/wp\/v2\/media\/5255"}],"wp:attachment":[{"href":"https:\/\/paintingqueen.art\/es\/wp-json\/wp\/v2\/media?parent=5254"}],"wp:term":[{"taxonomy":"product_brand","embeddable":true,"href":"https:\/\/paintingqueen.art\/es\/wp-json\/wp\/v2\/product_brand?post=5254"},{"taxonomy":"product_cat","embeddable":true,"href":"https:\/\/paintingqueen.art\/es\/wp-json\/wp\/v2\/product_cat?post=5254"},{"taxonomy":"product_tag","embeddable":true,"href":"https:\/\/paintingqueen.art\/es\/wp-json\/wp\/v2\/product_tag?post=5254"}],"curies":[{"name":"wp","href":"https:\/\/api.w.org\/{rel}","templated":true}]}}