{"id":4865,"date":"2025-04-08T07:27:30","date_gmt":"2025-04-08T07:27:30","guid":{"rendered":"https:\/\/paintingqueen.art\/?post_type=product&#038;p=4865"},"modified":"2025-06-09T08:53:04","modified_gmt":"2025-06-09T08:53:04","slug":"poulet-baroque","status":"publish","type":"product","link":"https:\/\/paintingqueen.art\/es\/tienda\/year\/2025\/poulet-baroque\/","title":{"rendered":"Poulet Baroque"},"content":{"rendered":"<p class=\"\" data-start=\"226\" data-end=\"421\">Oil on canvas, 30 x 30 cm<\/p>\n<p class=\"\" data-start=\"226\" data-end=\"421\">Draped in opulence and feathers, <em data-start=\"259\" data-end=\"275\">Poulet Baroque<\/em> is no ordinary bird. \ud83d\udc13<br data-start=\"299\" data-end=\"302\" \/>Envuelto en opulencia y plumas, Poulet Baroque no es un ave cualquiera. \ud83d\udc13\nEste pollo aristocr\u00e1tico, vestido para la corte, devuelve la mirada con serena dignidad\u2026 \u00bfo ser\u00e1 una silenciosa rebeli\u00f3n?\n\nLa pintura es una oda humor\u00edstica a la vanidad, el poder y lo absurdo del estatus. En un mundo donde las pelucas son m\u00e1s grandes que las coronas y las gallinas llevan perlas, Poulet Baroque desdibuja la l\u00ednea entre la nobleza y el disparate. Inspirada en el retrato del siglo XVIII, la obra une el mundo animal y humano en una mascarada teatral.\n\nComo en todas las obras de Painting Queen, aqu\u00ed se invita tanto a la risa como a la reflexi\u00f3n. Porque al final\u2026 \u00bfno somos todos aves con peluca?<\/p>\n<p class=\"\" data-start=\"423\" data-end=\"749\">The painting is a humorous ode to vanity, power, and the absurdity of status. In a world where wigs are bigger than crowns and poultry wears pearls, <em data-start=\"572\" data-end=\"588\">Poulet Baroque<\/em> blurs the line between nobility and nonsense. Inspired by 18th-century portraiture, the work brings animal and human worlds together in a theatrical masquerade.<\/p>\n<p class=\"\" data-start=\"751\" data-end=\"902\">As with all works by Painting Queen, the piece invites laughter and reflection in equal measure. Because in the end \u2014 aren\u2019t we all just birds in wigs?<\/p>","protected":false},"excerpt":{"rendered":"<p class=\"\" data-start=\"226\" data-end=\"421\">Draped in opulence and feathers, <em data-start=\"259\" data-end=\"275\">Poulet Baroque<\/em> is no ordinary bird. \ud83d\udc13<br data-start=\"299\" data-end=\"302\" \/>Envuelto en opulencia y plumas, Poulet Baroque no es un ave cualquiera. \ud83d\udc13\nEste pollo aristocr\u00e1tico, vestido para la corte, devuelve la mirada con serena dignidad\u2026 \u00bfo ser\u00e1 una silenciosa rebeli\u00f3n?\n\nLa pintura es una oda humor\u00edstica a la vanidad, el poder y lo absurdo del estatus. En un mundo donde las pelucas son m\u00e1s grandes que las coronas y las gallinas llevan perlas, Poulet Baroque desdibuja la l\u00ednea entre la nobleza y el disparate. Inspirada en el retrato del siglo XVIII, la obra une el mundo animal y humano en una mascarada teatral.\n\nComo en todas las obras de Painting Queen, aqu\u00ed se invita tanto a la risa como a la reflexi\u00f3n. Porque al final\u2026 \u00bfno somos todos aves con peluca?<\/p>\n<p class=\"\" data-start=\"423\" data-end=\"749\">The painting is a humorous ode to vanity, power, and the absurdity of status. In a world where wigs are bigger than crowns and poultry wears pearls, <em data-start=\"572\" data-end=\"588\">Poulet Baroque<\/em> blurs the line between nobility and nonsense. Inspired by 18th-century portraiture, the work brings animal and human worlds together in a theatrical masquerade.<\/p>\n<p class=\"\" data-start=\"751\" data-end=\"902\">As with all works by Painting Queen, the piece invites laughter and reflection in equal measure. Because in the end, aren\u2019t we all just birds in wigs?<\/p>","protected":false},"featured_media":4863,"template":"","meta":{"site-sidebar-layout":"default","site-content-layout":"","ast-site-content-layout":"default","site-content-style":"default","site-sidebar-style":"default","ast-global-header-display":"","ast-banner-title-visibility":"","ast-main-header-display":"","ast-hfb-above-header-display":"","ast-hfb-below-header-display":"","ast-hfb-mobile-header-display":"","site-post-title":"","ast-breadcrumbs-content":"","ast-featured-img":"","footer-sml-layout":"","ast-disable-related-posts":"","theme-transparent-header-meta":"default","adv-header-id-meta":"","stick-header-meta":"","header-above-stick-meta":"","header-main-stick-meta":"","header-below-stick-meta":"","astra-migrate-meta-layouts":"set","ast-page-background-enabled":"default","ast-page-background-meta":{"desktop":{"background-color":"","background-image":"","background-repeat":"repeat","background-position":"center center","background-size":"auto","background-attachment":"scroll","background-type":"","background-media":"","overlay-type":"","overlay-color":"","overlay-opacity":"","overlay-gradient":""},"tablet":{"background-color":"","background-image":"","background-repeat":"repeat","background-position":"center center","background-size":"auto","background-attachment":"scroll","background-type":"","background-media":"","overlay-type":"","overlay-color":"","overlay-opacity":"","overlay-gradient":""},"mobile":{"background-color":"","background-image":"","background-repeat":"repeat","background-position":"center center","background-size":"auto","background-attachment":"scroll","background-type":"","background-media":"","overlay-type":"","overlay-color":"","overlay-opacity":"","overlay-gradient":""}},"ast-content-background-meta":{"desktop":{"background-color":"var(--ast-global-color-5)","background-image":"","background-repeat":"repeat","background-position":"center center","background-size":"auto","background-attachment":"scroll","background-type":"","background-media":"","overlay-type":"","overlay-color":"","overlay-opacity":"","overlay-gradient":""},"tablet":{"background-color":"var(--ast-global-color-5)","background-image":"","background-repeat":"repeat","background-position":"center center","background-size":"auto","background-attachment":"scroll","background-type":"","background-media":"","overlay-type":"","overlay-color":"","overlay-opacity":"","overlay-gradient":""},"mobile":{"background-color":"var(--ast-global-color-5)","background-image":"","background-repeat":"repeat","background-position":"center center","background-size":"auto","background-attachment":"scroll","background-type":"","background-media":"","overlay-type":"","overlay-color":"","overlay-opacity":"","overlay-gradient":""}},"_joinchat":[]},"product_brand":[],"product_cat":[344,325,345,318,332,334],"product_tag":[351,352,348,349],"class_list":{"0":"post-4865","1":"product","2":"type-product","3":"status-publish","4":"has-post-thumbnail","6":"product_cat-344","7":"product_cat-baroque","8":"product_cat-easter","9":"product_cat-oil","10":"product_cat-pets","11":"product_cat-wigs-and-aristocracy","12":"product_tag-chicken","13":"product_tag-children","14":"product_tag-easter","15":"product_tag-egg","16":"desktop-align-left","17":"tablet-align-left","18":"mobile-align-left","20":"first","21":"outofstock","22":"taxable","23":"shipping-taxable","24":"product-type-simple"},"yoast_head":"<!-- This site is optimized with the Yoast SEO plugin v27.4 - https:\/\/yoast.com\/product\/yoast-seo-wordpress\/ -->\n<title>Poulet Baroque - Painting Queen<\/title>\n<meta name=\"robots\" content=\"index, follow, max-snippet:-1, max-image-preview:large, max-video-preview:-1\" \/>\n<link rel=\"canonical\" href=\"https:\/\/paintingqueen.art\/es\/tienda\/year\/2025\/poulet-baroque\/\" \/>\n<meta property=\"og:locale\" content=\"es_ES\" \/>\n<meta property=\"og:type\" content=\"article\" \/>\n<meta property=\"og:title\" content=\"Poulet Baroque - Painting Queen\" \/>\n<meta property=\"og:description\" content=\"Draped in opulence and feathers, Poulet Baroque is no ordinary bird. \ud83d\udc13This aristocratic chicken, dressed for court, stares back at the viewer with quiet dignity \u2014 or is it silent rebellion? The painting is a humorous ode to vanity, power, and the absurdity of status. In a world where wigs are bigger than crowns and poultry wears pearls, Poulet Baroque blurs the line between nobility and nonsense. Inspired by 18th-century portraiture, the work brings animal and human worlds together in a theatrical masquerade. As with all works by Painting Queen, the piece invites laughter and reflection in equal measure. Because in the end, aren\u2019t we all just birds in wigs?\" \/>\n<meta property=\"og:url\" content=\"https:\/\/paintingqueen.art\/es\/tienda\/year\/2025\/poulet-baroque\/\" \/>\n<meta property=\"og:site_name\" content=\"Painting Queen\" \/>\n<meta property=\"article:modified_time\" content=\"2025-06-09T08:53:04+00:00\" \/>\n<meta property=\"og:image\" content=\"https:\/\/paintingqueen.art\/wp-content\/uploads\/2025\/04\/IMG_0008.jpeg\" \/>\n\t<meta property=\"og:image:width\" content=\"2080\" \/>\n\t<meta property=\"og:image:height\" content=\"2117\" \/>\n\t<meta property=\"og:image:type\" content=\"image\/jpeg\" \/>\n<meta name=\"twitter:card\" content=\"summary_large_image\" \/>\n<meta name=\"twitter:label1\" content=\"Tiempo de lectura\" \/>\n\t<meta name=\"twitter:data1\" content=\"1 minuto\" \/>\n<script type=\"application\/ld+json\" class=\"yoast-schema-graph\">{\"@context\":\"https:\\\/\\\/schema.org\",\"@graph\":[{\"@type\":\"WebPage\",\"@id\":\"https:\\\/\\\/paintingqueen.art\\\/tienda\\\/year\\\/2025\\\/poulet-baroque\\\/\",\"url\":\"https:\\\/\\\/paintingqueen.art\\\/tienda\\\/year\\\/2025\\\/poulet-baroque\\\/\",\"name\":\"Poulet Baroque - Painting Queen\",\"isPartOf\":{\"@id\":\"https:\\\/\\\/paintingqueen.art\\\/#website\"},\"primaryImageOfPage\":{\"@id\":\"https:\\\/\\\/paintingqueen.art\\\/tienda\\\/year\\\/2025\\\/poulet-baroque\\\/#primaryimage\"},\"image\":{\"@id\":\"https:\\\/\\\/paintingqueen.art\\\/tienda\\\/year\\\/2025\\\/poulet-baroque\\\/#primaryimage\"},\"thumbnailUrl\":\"https:\\\/\\\/paintingqueen.art\\\/wp-content\\\/uploads\\\/2025\\\/04\\\/IMG_0008.jpeg\",\"datePublished\":\"2025-04-08T07:27:30+00:00\",\"dateModified\":\"2025-06-09T08:53:04+00:00\",\"breadcrumb\":{\"@id\":\"https:\\\/\\\/paintingqueen.art\\\/tienda\\\/year\\\/2025\\\/poulet-baroque\\\/#breadcrumb\"},\"inLanguage\":\"es\",\"potentialAction\":[{\"@type\":\"ReadAction\",\"target\":[\"https:\\\/\\\/paintingqueen.art\\\/tienda\\\/year\\\/2025\\\/poulet-baroque\\\/\"]}]},{\"@type\":\"ImageObject\",\"inLanguage\":\"es\",\"@id\":\"https:\\\/\\\/paintingqueen.art\\\/tienda\\\/year\\\/2025\\\/poulet-baroque\\\/#primaryimage\",\"url\":\"https:\\\/\\\/paintingqueen.art\\\/wp-content\\\/uploads\\\/2025\\\/04\\\/IMG_0008.jpeg\",\"contentUrl\":\"https:\\\/\\\/paintingqueen.art\\\/wp-content\\\/uploads\\\/2025\\\/04\\\/IMG_0008.jpeg\",\"width\":2080,\"height\":2117},{\"@type\":\"BreadcrumbList\",\"@id\":\"https:\\\/\\\/paintingqueen.art\\\/tienda\\\/year\\\/2025\\\/poulet-baroque\\\/#breadcrumb\",\"itemListElement\":[{\"@type\":\"ListItem\",\"position\":1,\"name\":\"Portada\",\"item\":\"https:\\\/\\\/paintingqueen.art\\\/\"},{\"@type\":\"ListItem\",\"position\":2,\"name\":\"Produkte\",\"item\":\"https:\\\/\\\/paintingqueen.art\\\/de\\\/shop\\\/\"},{\"@type\":\"ListItem\",\"position\":3,\"name\":\"Poulet Baroque\"}]},{\"@type\":\"WebSite\",\"@id\":\"https:\\\/\\\/paintingqueen.art\\\/#website\",\"url\":\"https:\\\/\\\/paintingqueen.art\\\/\",\"name\":\"Painting Queen\",\"description\":\"Visual Artist\",\"publisher\":{\"@id\":\"https:\\\/\\\/paintingqueen.art\\\/#organization\"},\"potentialAction\":[{\"@type\":\"SearchAction\",\"target\":{\"@type\":\"EntryPoint\",\"urlTemplate\":\"https:\\\/\\\/paintingqueen.art\\\/?s={search_term_string}\"},\"query-input\":{\"@type\":\"PropertyValueSpecification\",\"valueRequired\":true,\"valueName\":\"search_term_string\"}}],\"inLanguage\":\"es\"},{\"@type\":\"Organization\",\"@id\":\"https:\\\/\\\/paintingqueen.art\\\/#organization\",\"name\":\"Painting Queen\",\"url\":\"https:\\\/\\\/paintingqueen.art\\\/\",\"logo\":{\"@type\":\"ImageObject\",\"inLanguage\":\"es\",\"@id\":\"https:\\\/\\\/paintingqueen.art\\\/#\\\/schema\\\/logo\\\/image\\\/\",\"url\":\"https:\\\/\\\/paintingqueen.art\\\/wp-content\\\/uploads\\\/2021\\\/04\\\/cropped-ONDA.-1-1.jpg\",\"contentUrl\":\"https:\\\/\\\/paintingqueen.art\\\/wp-content\\\/uploads\\\/2021\\\/04\\\/cropped-ONDA.-1-1.jpg\",\"width\":459,\"height\":118,\"caption\":\"Painting Queen\"},\"image\":{\"@id\":\"https:\\\/\\\/paintingqueen.art\\\/#\\\/schema\\\/logo\\\/image\\\/\"}}]}<\/script>\n<!-- \/ Yoast SEO plugin. -->","yoast_head_json":{"title":"Poulet Baroque - Painting Queen","robots":{"index":"index","follow":"follow","max-snippet":"max-snippet:-1","max-image-preview":"max-image-preview:large","max-video-preview":"max-video-preview:-1"},"canonical":"https:\/\/paintingqueen.art\/es\/tienda\/year\/2025\/poulet-baroque\/","og_locale":"es_ES","og_type":"article","og_title":"Poulet Baroque - Painting Queen","og_description":"Draped in opulence and feathers, Poulet Baroque is no ordinary bird. \ud83d\udc13This aristocratic chicken, dressed for court, stares back at the viewer with quiet dignity \u2014 or is it silent rebellion? The painting is a humorous ode to vanity, power, and the absurdity of status. In a world where wigs are bigger than crowns and poultry wears pearls, Poulet Baroque blurs the line between nobility and nonsense. Inspired by 18th-century portraiture, the work brings animal and human worlds together in a theatrical masquerade. As with all works by Painting Queen, the piece invites laughter and reflection in equal measure. Because in the end, aren\u2019t we all just birds in wigs?","og_url":"https:\/\/paintingqueen.art\/es\/tienda\/year\/2025\/poulet-baroque\/","og_site_name":"Painting Queen","article_modified_time":"2025-06-09T08:53:04+00:00","og_image":[{"width":2080,"height":2117,"url":"https:\/\/paintingqueen.art\/wp-content\/uploads\/2025\/04\/IMG_0008.jpeg","type":"image\/jpeg"}],"twitter_card":"summary_large_image","twitter_misc":{"Tiempo de lectura":"1 minuto"},"schema":{"@context":"https:\/\/schema.org","@graph":[{"@type":"WebPage","@id":"https:\/\/paintingqueen.art\/tienda\/year\/2025\/poulet-baroque\/","url":"https:\/\/paintingqueen.art\/tienda\/year\/2025\/poulet-baroque\/","name":"Poulet Baroque - Painting Queen","isPartOf":{"@id":"https:\/\/paintingqueen.art\/#website"},"primaryImageOfPage":{"@id":"https:\/\/paintingqueen.art\/tienda\/year\/2025\/poulet-baroque\/#primaryimage"},"image":{"@id":"https:\/\/paintingqueen.art\/tienda\/year\/2025\/poulet-baroque\/#primaryimage"},"thumbnailUrl":"https:\/\/paintingqueen.art\/wp-content\/uploads\/2025\/04\/IMG_0008.jpeg","datePublished":"2025-04-08T07:27:30+00:00","dateModified":"2025-06-09T08:53:04+00:00","breadcrumb":{"@id":"https:\/\/paintingqueen.art\/tienda\/year\/2025\/poulet-baroque\/#breadcrumb"},"inLanguage":"es","potentialAction":[{"@type":"ReadAction","target":["https:\/\/paintingqueen.art\/tienda\/year\/2025\/poulet-baroque\/"]}]},{"@type":"ImageObject","inLanguage":"es","@id":"https:\/\/paintingqueen.art\/tienda\/year\/2025\/poulet-baroque\/#primaryimage","url":"https:\/\/paintingqueen.art\/wp-content\/uploads\/2025\/04\/IMG_0008.jpeg","contentUrl":"https:\/\/paintingqueen.art\/wp-content\/uploads\/2025\/04\/IMG_0008.jpeg","width":2080,"height":2117},{"@type":"BreadcrumbList","@id":"https:\/\/paintingqueen.art\/tienda\/year\/2025\/poulet-baroque\/#breadcrumb","itemListElement":[{"@type":"ListItem","position":1,"name":"Portada","item":"https:\/\/paintingqueen.art\/"},{"@type":"ListItem","position":2,"name":"Produkte","item":"https:\/\/paintingqueen.art\/de\/shop\/"},{"@type":"ListItem","position":3,"name":"Poulet Baroque"}]},{"@type":"WebSite","@id":"https:\/\/paintingqueen.art\/#website","url":"https:\/\/paintingqueen.art\/","name":"Painting Queen","description":"Visual Artist","publisher":{"@id":"https:\/\/paintingqueen.art\/#organization"},"potentialAction":[{"@type":"SearchAction","target":{"@type":"EntryPoint","urlTemplate":"https:\/\/paintingqueen.art\/?s={search_term_string}"},"query-input":{"@type":"PropertyValueSpecification","valueRequired":true,"valueName":"search_term_string"}}],"inLanguage":"es"},{"@type":"Organization","@id":"https:\/\/paintingqueen.art\/#organization","name":"Painting Queen","url":"https:\/\/paintingqueen.art\/","logo":{"@type":"ImageObject","inLanguage":"es","@id":"https:\/\/paintingqueen.art\/#\/schema\/logo\/image\/","url":"https:\/\/paintingqueen.art\/wp-content\/uploads\/2021\/04\/cropped-ONDA.-1-1.jpg","contentUrl":"https:\/\/paintingqueen.art\/wp-content\/uploads\/2021\/04\/cropped-ONDA.-1-1.jpg","width":459,"height":118,"caption":"Painting Queen"},"image":{"@id":"https:\/\/paintingqueen.art\/#\/schema\/logo\/image\/"}}]}},"_links":{"self":[{"href":"https:\/\/paintingqueen.art\/es\/wp-json\/wp\/v2\/product\/4865","targetHints":{"allow":["GET"]}}],"collection":[{"href":"https:\/\/paintingqueen.art\/es\/wp-json\/wp\/v2\/product"}],"about":[{"href":"https:\/\/paintingqueen.art\/es\/wp-json\/wp\/v2\/types\/product"}],"wp:featuredmedia":[{"embeddable":true,"href":"https:\/\/paintingqueen.art\/es\/wp-json\/wp\/v2\/media\/4863"}],"wp:attachment":[{"href":"https:\/\/paintingqueen.art\/es\/wp-json\/wp\/v2\/media?parent=4865"}],"wp:term":[{"taxonomy":"product_brand","embeddable":true,"href":"https:\/\/paintingqueen.art\/es\/wp-json\/wp\/v2\/product_brand?post=4865"},{"taxonomy":"product_cat","embeddable":true,"href":"https:\/\/paintingqueen.art\/es\/wp-json\/wp\/v2\/product_cat?post=4865"},{"taxonomy":"product_tag","embeddable":true,"href":"https:\/\/paintingqueen.art\/es\/wp-json\/wp\/v2\/product_tag?post=4865"}],"curies":[{"name":"wp","href":"https:\/\/api.w.org\/{rel}","templated":true}]}}