{"id":892,"date":"2021-05-06T15:37:11","date_gmt":"2021-05-06T15:37:11","guid":{"rendered":"https:\/\/paintingqueen.art\/?page_id=892"},"modified":"2026-01-06T21:52:03","modified_gmt":"2026-01-06T21:52:03","slug":"courses","status":"publish","type":"page","link":"https:\/\/paintingqueen.art\/es\/courses\/","title":{"rendered":"Presencia en los medios"},"content":{"rendered":"<div data-elementor-type=\"wp-page\" data-elementor-id=\"892\" class=\"elementor elementor-892\" data-elementor-post-type=\"page\">\n\t\t\t\t\t\t<section class=\"elementor-section elementor-top-section elementor-element elementor-element-6bbbd47 elementor-section-full_width elementor-section-height-default elementor-section-height-default\" data-id=\"6bbbd47\" data-element_type=\"section\" data-e-type=\"section\">\n\t\t\t\t\t\t<div class=\"elementor-container elementor-column-gap-default\">\n\t\t\t\t\t<div class=\"elementor-column elementor-col-100 elementor-top-column elementor-element elementor-element-0a90a7d\" data-id=\"0a90a7d\" data-element_type=\"column\" data-e-type=\"column\">\n\t\t\t<div class=\"elementor-widget-wrap elementor-element-populated\">\n\t\t\t\t\t\t<div class=\"elementor-element elementor-element-43d5ee7 elementor-widget elementor-widget-text-editor\" data-id=\"43d5ee7\" data-element_type=\"widget\" data-e-type=\"widget\" data-widget_type=\"text-editor.default\">\n\t\t\t\t<div class=\"elementor-widget-container\">\n\t\t\t\t\t\t\t\t\t<h3 data-start=\"3150\" data-end=\"3195\">Exposici\u00f3n y subasta<\/h3><p data-start=\"3196\" data-end=\"3235\"><strong data-start=\"3196\" data-end=\"3235\">KunstCluster Zug | 25 de octubre de 2025<\/strong><\/p><p data-start=\"3237\" data-end=\"3598\">La exposici\u00f3n y subasta \u201cMensch &amp; Natur\u201d (Ser humano y naturaleza) estuvo dedicada a explorar la compleja relaci\u00f3n entre las personas y su entorno natural. Organizada por el Departamento de Cultura de la ciudad de Zug, la muestra reuni\u00f3 28 obras \u00fanicas realizadas por artistas de entre 14 y 80 a\u00f1os, abarcando disciplinas como pintura, fotograf\u00eda, collage, ilustraci\u00f3n y escultura.<\/p><p data-start=\"3600\" data-end=\"3906\">El punto culminante del proyecto fue la subasta celebrada el 25 de octubre de 2025 en el KunstCluster Zug, cuyos ingresos fueron destinados \u00edntegramente a los artistas participantes. El evento se desarroll\u00f3 en un clima de reconocimiento art\u00edstico y reflexi\u00f3n colectiva en torno a la naturaleza, la responsabilidad humana y el futuro com\u00fan.<\/p><p data-start=\"3908\" data-end=\"4246\">Painting Queen particip\u00f3 con la obra \u201cCloud Study Nr. 1\u201d, una pieza que reflexiona sobre la fugacidad de los fen\u00f3menos naturales y el v\u00ednculo entre observaci\u00f3n, emoci\u00f3n y paisaje. Durante la subasta, la obra fue vendida con \u00e9xito, marcando un momento significativo de gratitud y validaci\u00f3n dentro de su trayectoria art\u00edstica.<\/p><p data-start=\"4248\" data-end=\"4439\">La exposici\u00f3n \u201cMensch &amp; Natur\u201d demostr\u00f3 c\u00f3mo el arte puede funcionar como un puente entre generaciones y como un espacio de di\u00e1logo sensible entre el ser humano y la naturaleza.<\/p>\t\t\t\t\t\t\t\t<\/div>\n\t\t\t\t<\/div>\n\t\t\t\t<div class=\"elementor-element elementor-element-41ccd24 elementor-widget-divider--view-line elementor-widget elementor-widget-divider\" data-id=\"41ccd24\" data-element_type=\"widget\" data-e-type=\"widget\" data-widget_type=\"divider.default\">\n\t\t\t\t<div class=\"elementor-widget-container\">\n\t\t\t\t\t\t\t<div class=\"elementor-divider\">\n\t\t\t<span class=\"elementor-divider-separator\">\n\t\t\t\t\t\t<\/span>\n\t\t<\/div>\n\t\t\t\t\t\t<\/div>\n\t\t\t\t<\/div>\n\t\t\t\t\t<\/div>\n\t\t<\/div>\n\t\t\t\t\t<\/div>\n\t\t<\/section>\n\t\t\t\t<section class=\"elementor-section elementor-top-section elementor-element elementor-element-3c05906 elementor-section-boxed elementor-section-height-default elementor-section-height-default\" data-id=\"3c05906\" data-element_type=\"section\" data-e-type=\"section\">\n\t\t\t\t\t\t<div class=\"elementor-container elementor-column-gap-default\">\n\t\t\t\t\t<div class=\"elementor-column elementor-col-100 elementor-top-column elementor-element elementor-element-285a0f1\" data-id=\"285a0f1\" data-element_type=\"column\" data-e-type=\"column\">\n\t\t\t<div class=\"elementor-widget-wrap elementor-element-populated\">\n\t\t\t\t\t\t<div class=\"elementor-element elementor-element-1308d10 elementor-widget elementor-widget-image\" data-id=\"1308d10\" data-element_type=\"widget\" data-e-type=\"widget\" data-widget_type=\"image.default\">\n\t\t\t\t<div class=\"elementor-widget-container\">\n\t\t\t\t\t\t\t\t\t\t\t\t\t\t\t<img fetchpriority=\"high\" decoding=\"async\" width=\"1024\" height=\"1024\" src=\"https:\/\/paintingqueen.art\/wp-content\/uploads\/2026\/01\/Afiche-mezclado.png\" class=\"attachment-large size-large wp-image-5293\" alt=\"\" srcset=\"https:\/\/paintingqueen.art\/wp-content\/uploads\/2026\/01\/Afiche-mezclado.png 1024w, https:\/\/paintingqueen.art\/wp-content\/uploads\/2026\/01\/Afiche-mezclado-300x300.png 300w, https:\/\/paintingqueen.art\/wp-content\/uploads\/2026\/01\/Afiche-mezclado-150x150.png 150w, https:\/\/paintingqueen.art\/wp-content\/uploads\/2026\/01\/Afiche-mezclado-768x768.png 768w, https:\/\/paintingqueen.art\/wp-content\/uploads\/2026\/01\/Afiche-mezclado-12x12.png 12w, https:\/\/paintingqueen.art\/wp-content\/uploads\/2026\/01\/Afiche-mezclado-600x600.png 600w, https:\/\/paintingqueen.art\/wp-content\/uploads\/2026\/01\/Afiche-mezclado-100x100.png 100w\" sizes=\"(max-width: 1024px) 100vw, 1024px\" \/>\t\t\t\t\t\t\t\t\t\t\t\t\t\t\t<\/div>\n\t\t\t\t<\/div>\n\t\t\t\t\t<\/div>\n\t\t<\/div>\n\t\t\t\t\t<\/div>\n\t\t<\/section>\n\t\t\t\t<section class=\"elementor-section elementor-top-section elementor-element elementor-element-fe4f8e3 elementor-section-boxed elementor-section-height-default elementor-section-height-default\" data-id=\"fe4f8e3\" data-element_type=\"section\" data-e-type=\"section\">\n\t\t\t\t\t\t<div class=\"elementor-container elementor-column-gap-default\">\n\t\t\t\t\t<div class=\"elementor-column elementor-col-50 elementor-top-column elementor-element elementor-element-072a5c4\" data-id=\"072a5c4\" data-element_type=\"column\" data-e-type=\"column\">\n\t\t\t<div class=\"elementor-widget-wrap elementor-element-populated\">\n\t\t\t\t\t\t<div class=\"elementor-element elementor-element-fd82f31 elementor-widget elementor-widget-image\" data-id=\"fd82f31\" data-element_type=\"widget\" data-e-type=\"widget\" data-widget_type=\"image.default\">\n\t\t\t\t<div class=\"elementor-widget-container\">\n\t\t\t\t\t\t\t\t\t\t\t\t\t\t\t<img decoding=\"async\" width=\"723\" height=\"1024\" src=\"https:\/\/paintingqueen.art\/wp-content\/uploads\/2026\/01\/Screenshot-2026-01-06-at-22.41.56-723x1024.png\" class=\"attachment-large size-large wp-image-5298\" alt=\"\" srcset=\"https:\/\/paintingqueen.art\/wp-content\/uploads\/2026\/01\/Screenshot-2026-01-06-at-22.41.56-723x1024.png 723w, https:\/\/paintingqueen.art\/wp-content\/uploads\/2026\/01\/Screenshot-2026-01-06-at-22.41.56-212x300.png 212w, https:\/\/paintingqueen.art\/wp-content\/uploads\/2026\/01\/Screenshot-2026-01-06-at-22.41.56-768x1088.png 768w, https:\/\/paintingqueen.art\/wp-content\/uploads\/2026\/01\/Screenshot-2026-01-06-at-22.41.56-1085x1536.png 1085w, https:\/\/paintingqueen.art\/wp-content\/uploads\/2026\/01\/Screenshot-2026-01-06-at-22.41.56-1446x2048.png 1446w, https:\/\/paintingqueen.art\/wp-content\/uploads\/2026\/01\/Screenshot-2026-01-06-at-22.41.56-8x12.png 8w, https:\/\/paintingqueen.art\/wp-content\/uploads\/2026\/01\/Screenshot-2026-01-06-at-22.41.56-600x850.png 600w, https:\/\/paintingqueen.art\/wp-content\/uploads\/2026\/01\/Screenshot-2026-01-06-at-22.41.56.png 1706w\" sizes=\"(max-width: 723px) 100vw, 723px\" \/>\t\t\t\t\t\t\t\t\t\t\t\t\t\t\t<\/div>\n\t\t\t\t<\/div>\n\t\t\t\t\t<\/div>\n\t\t<\/div>\n\t\t\t\t<div class=\"elementor-column elementor-col-50 elementor-top-column elementor-element elementor-element-3172328\" data-id=\"3172328\" data-element_type=\"column\" data-e-type=\"column\">\n\t\t\t<div class=\"elementor-widget-wrap elementor-element-populated\">\n\t\t\t\t\t\t<div class=\"elementor-element elementor-element-32e9c80 elementor-widget elementor-widget-image\" data-id=\"32e9c80\" data-element_type=\"widget\" data-e-type=\"widget\" data-widget_type=\"image.default\">\n\t\t\t\t<div class=\"elementor-widget-container\">\n\t\t\t\t\t\t\t\t\t\t\t\t\t\t\t<img decoding=\"async\" width=\"723\" height=\"1024\" src=\"https:\/\/paintingqueen.art\/wp-content\/uploads\/2026\/01\/Screenshot-2026-01-06-at-22.49.36-1-723x1024.png\" class=\"attachment-large size-large wp-image-5304\" alt=\"\" srcset=\"https:\/\/paintingqueen.art\/wp-content\/uploads\/2026\/01\/Screenshot-2026-01-06-at-22.49.36-1-723x1024.png 723w, https:\/\/paintingqueen.art\/wp-content\/uploads\/2026\/01\/Screenshot-2026-01-06-at-22.49.36-1-212x300.png 212w, https:\/\/paintingqueen.art\/wp-content\/uploads\/2026\/01\/Screenshot-2026-01-06-at-22.49.36-1-768x1087.png 768w, https:\/\/paintingqueen.art\/wp-content\/uploads\/2026\/01\/Screenshot-2026-01-06-at-22.49.36-1-1085x1536.png 1085w, https:\/\/paintingqueen.art\/wp-content\/uploads\/2026\/01\/Screenshot-2026-01-06-at-22.49.36-1-1446x2048.png 1446w, https:\/\/paintingqueen.art\/wp-content\/uploads\/2026\/01\/Screenshot-2026-01-06-at-22.49.36-1-8x12.png 8w, https:\/\/paintingqueen.art\/wp-content\/uploads\/2026\/01\/Screenshot-2026-01-06-at-22.49.36-1-600x850.png 600w, https:\/\/paintingqueen.art\/wp-content\/uploads\/2026\/01\/Screenshot-2026-01-06-at-22.49.36-1.png 1702w\" sizes=\"(max-width: 723px) 100vw, 723px\" \/>\t\t\t\t\t\t\t\t\t\t\t\t\t\t\t<\/div>\n\t\t\t\t<\/div>\n\t\t\t\t\t<\/div>\n\t\t<\/div>\n\t\t\t\t\t<\/div>\n\t\t<\/section>\n\t\t\t\t<\/div>","protected":false},"excerpt":{"rendered":"<p>Mensch &amp; Natur \u2013 Exhibition and Auction KunstCluster Zug | October 25, 2025 The exhibition and auction Mensch &amp; Natur (Human Being &amp; Nature) explored the multifaceted relationship between people and their natural environment. Organized by the Cultural Department of the city of Zug, the project brought together 28 unique works by artists aged 14 [&hellip;]<\/p>\n","protected":false},"author":1,"featured_media":0,"parent":0,"menu_order":0,"comment_status":"closed","ping_status":"closed","template":"","meta":{"site-sidebar-layout":"no-sidebar","site-content-layout":"page-builder","ast-site-content-layout":"full-width-container","site-content-style":"unboxed","site-sidebar-style":"unboxed","ast-global-header-display":"","ast-banner-title-visibility":"","ast-main-header-display":"","ast-hfb-above-header-display":"","ast-hfb-below-header-display":"","ast-hfb-mobile-header-display":"","site-post-title":"disabled","ast-breadcrumbs-content":"","ast-featured-img":"disabled","footer-sml-layout":"","ast-disable-related-posts":"","theme-transparent-header-meta":"default","adv-header-id-meta":"","stick-header-meta":"","header-above-stick-meta":"","header-main-stick-meta":"","header-below-stick-meta":"","astra-migrate-meta-layouts":"set","ast-page-background-enabled":"default","ast-page-background-meta":{"desktop":{"background-color":"","background-image":"","background-repeat":"repeat","background-position":"center center","background-size":"auto","background-attachment":"scroll","background-type":"","background-media":"","overlay-type":"","overlay-color":"","overlay-opacity":"","overlay-gradient":""},"tablet":{"background-color":"","background-image":"","background-repeat":"repeat","background-position":"center center","background-size":"auto","background-attachment":"scroll","background-type":"","background-media":"","overlay-type":"","overlay-color":"","overlay-opacity":"","overlay-gradient":""},"mobile":{"background-color":"","background-image":"","background-repeat":"repeat","background-position":"center center","background-size":"auto","background-attachment":"scroll","background-type":"","background-media":"","overlay-type":"","overlay-color":"","overlay-opacity":"","overlay-gradient":""}},"ast-content-background-meta":{"desktop":{"background-color":"var(--ast-global-color-5)","background-image":"","background-repeat":"repeat","background-position":"center center","background-size":"auto","background-attachment":"scroll","background-type":"","background-media":"","overlay-type":"","overlay-color":"","overlay-opacity":"","overlay-gradient":""},"tablet":{"background-color":"var(--ast-global-color-5)","background-image":"","background-repeat":"repeat","background-position":"center center","background-size":"auto","background-attachment":"scroll","background-type":"","background-media":"","overlay-type":"","overlay-color":"","overlay-opacity":"","overlay-gradient":""},"mobile":{"background-color":"var(--ast-global-color-5)","background-image":"","background-repeat":"repeat","background-position":"center center","background-size":"auto","background-attachment":"scroll","background-type":"","background-media":"","overlay-type":"","overlay-color":"","overlay-opacity":"","overlay-gradient":""}},"_joinchat":[],"footnotes":""},"class_list":["post-892","page","type-page","status-publish","hentry"],"yoast_head":"<!-- This site is optimized with the Yoast SEO plugin v27.5 - https:\/\/yoast.com\/product\/yoast-seo-wordpress\/ -->\n<title>Media Presence - Painting Queen<\/title>\n<meta name=\"robots\" content=\"index, follow, max-snippet:-1, max-image-preview:large, max-video-preview:-1\" \/>\n<link rel=\"canonical\" href=\"https:\/\/paintingqueen.art\/es\/courses\/\" \/>\n<meta property=\"og:locale\" content=\"es_ES\" \/>\n<meta property=\"og:type\" content=\"article\" \/>\n<meta property=\"og:title\" content=\"Media Presence - Painting Queen\" \/>\n<meta property=\"og:description\" content=\"Mensch &amp; Natur \u2013 Exhibition and Auction KunstCluster Zug | October 25, 2025 The exhibition and auction Mensch &amp; Natur (Human Being &amp; Nature) explored the multifaceted relationship between people and their natural environment. Organized by the Cultural Department of the city of Zug, the project brought together 28 unique works by artists aged 14 [&hellip;]\" \/>\n<meta property=\"og:url\" content=\"https:\/\/paintingqueen.art\/es\/courses\/\" \/>\n<meta property=\"og:site_name\" content=\"Painting Queen\" \/>\n<meta property=\"article:modified_time\" content=\"2026-01-06T21:52:03+00:00\" \/>\n<meta property=\"og:image\" content=\"https:\/\/paintingqueen.art\/wp-content\/uploads\/2026\/01\/Afiche-mezclado.png\" \/>\n\t<meta property=\"og:image:width\" content=\"1024\" \/>\n\t<meta property=\"og:image:height\" content=\"1024\" \/>\n\t<meta property=\"og:image:type\" content=\"image\/png\" \/>\n<meta name=\"twitter:card\" content=\"summary_large_image\" \/>\n<meta name=\"twitter:label1\" content=\"Tiempo de lectura\" \/>\n\t<meta name=\"twitter:data1\" content=\"2 minutos\" \/>\n<script type=\"application\/ld+json\" class=\"yoast-schema-graph\">{\"@context\":\"https:\\\/\\\/schema.org\",\"@graph\":[{\"@type\":\"WebPage\",\"@id\":\"https:\\\/\\\/paintingqueen.art\\\/courses\\\/\",\"url\":\"https:\\\/\\\/paintingqueen.art\\\/courses\\\/\",\"name\":\"Media Presence - Painting Queen\",\"isPartOf\":{\"@id\":\"https:\\\/\\\/paintingqueen.art\\\/#website\"},\"primaryImageOfPage\":{\"@id\":\"https:\\\/\\\/paintingqueen.art\\\/courses\\\/#primaryimage\"},\"image\":{\"@id\":\"https:\\\/\\\/paintingqueen.art\\\/courses\\\/#primaryimage\"},\"thumbnailUrl\":\"https:\\\/\\\/paintingqueen.art\\\/wp-content\\\/uploads\\\/2026\\\/01\\\/Afiche-mezclado.png\",\"datePublished\":\"2021-05-06T15:37:11+00:00\",\"dateModified\":\"2026-01-06T21:52:03+00:00\",\"breadcrumb\":{\"@id\":\"https:\\\/\\\/paintingqueen.art\\\/courses\\\/#breadcrumb\"},\"inLanguage\":\"es\",\"potentialAction\":[{\"@type\":\"ReadAction\",\"target\":[\"https:\\\/\\\/paintingqueen.art\\\/courses\\\/\"]}]},{\"@type\":\"ImageObject\",\"inLanguage\":\"es\",\"@id\":\"https:\\\/\\\/paintingqueen.art\\\/courses\\\/#primaryimage\",\"url\":\"https:\\\/\\\/paintingqueen.art\\\/wp-content\\\/uploads\\\/2026\\\/01\\\/Afiche-mezclado.png\",\"contentUrl\":\"https:\\\/\\\/paintingqueen.art\\\/wp-content\\\/uploads\\\/2026\\\/01\\\/Afiche-mezclado.png\"},{\"@type\":\"BreadcrumbList\",\"@id\":\"https:\\\/\\\/paintingqueen.art\\\/courses\\\/#breadcrumb\",\"itemListElement\":[{\"@type\":\"ListItem\",\"position\":1,\"name\":\"Portada\",\"item\":\"https:\\\/\\\/paintingqueen.art\\\/\"},{\"@type\":\"ListItem\",\"position\":2,\"name\":\"Media Presence\"}]},{\"@type\":\"WebSite\",\"@id\":\"https:\\\/\\\/paintingqueen.art\\\/#website\",\"url\":\"https:\\\/\\\/paintingqueen.art\\\/\",\"name\":\"Painting Queen\",\"description\":\"Visual Artist\",\"publisher\":{\"@id\":\"https:\\\/\\\/paintingqueen.art\\\/#organization\"},\"potentialAction\":[{\"@type\":\"SearchAction\",\"target\":{\"@type\":\"EntryPoint\",\"urlTemplate\":\"https:\\\/\\\/paintingqueen.art\\\/?s={search_term_string}\"},\"query-input\":{\"@type\":\"PropertyValueSpecification\",\"valueRequired\":true,\"valueName\":\"search_term_string\"}}],\"inLanguage\":\"es\"},{\"@type\":\"Organization\",\"@id\":\"https:\\\/\\\/paintingqueen.art\\\/#organization\",\"name\":\"Painting Queen\",\"url\":\"https:\\\/\\\/paintingqueen.art\\\/\",\"logo\":{\"@type\":\"ImageObject\",\"inLanguage\":\"es\",\"@id\":\"https:\\\/\\\/paintingqueen.art\\\/#\\\/schema\\\/logo\\\/image\\\/\",\"url\":\"https:\\\/\\\/paintingqueen.art\\\/wp-content\\\/uploads\\\/2021\\\/04\\\/cropped-ONDA.-1-1.jpg\",\"contentUrl\":\"https:\\\/\\\/paintingqueen.art\\\/wp-content\\\/uploads\\\/2021\\\/04\\\/cropped-ONDA.-1-1.jpg\",\"width\":459,\"height\":118,\"caption\":\"Painting Queen\"},\"image\":{\"@id\":\"https:\\\/\\\/paintingqueen.art\\\/#\\\/schema\\\/logo\\\/image\\\/\"}}]}<\/script>\n<!-- \/ Yoast SEO plugin. -->","yoast_head_json":{"title":"Media Presence - Painting Queen","robots":{"index":"index","follow":"follow","max-snippet":"max-snippet:-1","max-image-preview":"max-image-preview:large","max-video-preview":"max-video-preview:-1"},"canonical":"https:\/\/paintingqueen.art\/es\/courses\/","og_locale":"es_ES","og_type":"article","og_title":"Media Presence - Painting Queen","og_description":"Mensch &amp; Natur \u2013 Exhibition and Auction KunstCluster Zug | October 25, 2025 The exhibition and auction Mensch &amp; Natur (Human Being &amp; Nature) explored the multifaceted relationship between people and their natural environment. Organized by the Cultural Department of the city of Zug, the project brought together 28 unique works by artists aged 14 [&hellip;]","og_url":"https:\/\/paintingqueen.art\/es\/courses\/","og_site_name":"Painting Queen","article_modified_time":"2026-01-06T21:52:03+00:00","og_image":[{"url":"https:\/\/paintingqueen.art\/wp-content\/uploads\/2026\/01\/Afiche-mezclado.png","width":1024,"height":1024,"type":"image\/png"}],"twitter_card":"summary_large_image","twitter_misc":{"Tiempo de lectura":"2 minutos"},"schema":{"@context":"https:\/\/schema.org","@graph":[{"@type":"WebPage","@id":"https:\/\/paintingqueen.art\/courses\/","url":"https:\/\/paintingqueen.art\/courses\/","name":"Media Presence - Painting Queen","isPartOf":{"@id":"https:\/\/paintingqueen.art\/#website"},"primaryImageOfPage":{"@id":"https:\/\/paintingqueen.art\/courses\/#primaryimage"},"image":{"@id":"https:\/\/paintingqueen.art\/courses\/#primaryimage"},"thumbnailUrl":"https:\/\/paintingqueen.art\/wp-content\/uploads\/2026\/01\/Afiche-mezclado.png","datePublished":"2021-05-06T15:37:11+00:00","dateModified":"2026-01-06T21:52:03+00:00","breadcrumb":{"@id":"https:\/\/paintingqueen.art\/courses\/#breadcrumb"},"inLanguage":"es","potentialAction":[{"@type":"ReadAction","target":["https:\/\/paintingqueen.art\/courses\/"]}]},{"@type":"ImageObject","inLanguage":"es","@id":"https:\/\/paintingqueen.art\/courses\/#primaryimage","url":"https:\/\/paintingqueen.art\/wp-content\/uploads\/2026\/01\/Afiche-mezclado.png","contentUrl":"https:\/\/paintingqueen.art\/wp-content\/uploads\/2026\/01\/Afiche-mezclado.png"},{"@type":"BreadcrumbList","@id":"https:\/\/paintingqueen.art\/courses\/#breadcrumb","itemListElement":[{"@type":"ListItem","position":1,"name":"Portada","item":"https:\/\/paintingqueen.art\/"},{"@type":"ListItem","position":2,"name":"Media Presence"}]},{"@type":"WebSite","@id":"https:\/\/paintingqueen.art\/#website","url":"https:\/\/paintingqueen.art\/","name":"Painting Queen","description":"Visual Artist","publisher":{"@id":"https:\/\/paintingqueen.art\/#organization"},"potentialAction":[{"@type":"SearchAction","target":{"@type":"EntryPoint","urlTemplate":"https:\/\/paintingqueen.art\/?s={search_term_string}"},"query-input":{"@type":"PropertyValueSpecification","valueRequired":true,"valueName":"search_term_string"}}],"inLanguage":"es"},{"@type":"Organization","@id":"https:\/\/paintingqueen.art\/#organization","name":"Painting Queen","url":"https:\/\/paintingqueen.art\/","logo":{"@type":"ImageObject","inLanguage":"es","@id":"https:\/\/paintingqueen.art\/#\/schema\/logo\/image\/","url":"https:\/\/paintingqueen.art\/wp-content\/uploads\/2021\/04\/cropped-ONDA.-1-1.jpg","contentUrl":"https:\/\/paintingqueen.art\/wp-content\/uploads\/2021\/04\/cropped-ONDA.-1-1.jpg","width":459,"height":118,"caption":"Painting Queen"},"image":{"@id":"https:\/\/paintingqueen.art\/#\/schema\/logo\/image\/"}}]}},"_links":{"self":[{"href":"https:\/\/paintingqueen.art\/es\/wp-json\/wp\/v2\/pages\/892","targetHints":{"allow":["GET"]}}],"collection":[{"href":"https:\/\/paintingqueen.art\/es\/wp-json\/wp\/v2\/pages"}],"about":[{"href":"https:\/\/paintingqueen.art\/es\/wp-json\/wp\/v2\/types\/page"}],"author":[{"embeddable":true,"href":"https:\/\/paintingqueen.art\/es\/wp-json\/wp\/v2\/users\/1"}],"replies":[{"embeddable":true,"href":"https:\/\/paintingqueen.art\/es\/wp-json\/wp\/v2\/comments?post=892"}],"version-history":[{"count":72,"href":"https:\/\/paintingqueen.art\/es\/wp-json\/wp\/v2\/pages\/892\/revisions"}],"predecessor-version":[{"id":5307,"href":"https:\/\/paintingqueen.art\/es\/wp-json\/wp\/v2\/pages\/892\/revisions\/5307"}],"wp:attachment":[{"href":"https:\/\/paintingqueen.art\/es\/wp-json\/wp\/v2\/media?parent=892"}],"curies":[{"name":"wp","href":"https:\/\/api.w.org\/{rel}","templated":true}]}}