{"id":690,"date":"2021-04-23T21:30:18","date_gmt":"2021-04-23T21:30:18","guid":{"rendered":"https:\/\/paintingqueen.art\/?post_type=product&#038;p=690"},"modified":"2026-02-10T07:38:09","modified_gmt":"2026-02-10T07:38:09","slug":"viva-natura","status":"publish","type":"product","link":"https:\/\/paintingqueen.art\/de\/tienda\/year\/2021\/viva-natura\/","title":{"rendered":"VIVA NATURA"},"content":{"rendered":"<div id='gallery-1' class='gallery galleryid-690 gallery-columns-3 gallery-size-medium'><figure class='gallery-item'>\n\t\t\t<div class='gallery-icon portrait'>\n\t\t\t\t<a href='https:\/\/paintingqueen.art\/de\/?attachment_id=1178'><img fetchpriority=\"high\" decoding=\"async\" width=\"201\" height=\"300\" src=\"https:\/\/paintingqueen.art\/wp-content\/uploads\/2021\/04\/Vintage_oak_paneled_bar_room-2-1-201x300.jpg\" class=\"attachment-medium size-medium\" alt=\"\" srcset=\"https:\/\/paintingqueen.art\/wp-content\/uploads\/2021\/04\/Vintage_oak_paneled_bar_room-2-1-201x300.jpg 201w, https:\/\/paintingqueen.art\/wp-content\/uploads\/2021\/04\/Vintage_oak_paneled_bar_room-2-1-8x12.jpg 8w, https:\/\/paintingqueen.art\/wp-content\/uploads\/2021\/04\/Vintage_oak_paneled_bar_room-2-1.jpg 537w\" sizes=\"(max-width: 201px) 100vw, 201px\" \/><\/a>\n\t\t\t<\/div><\/figure><figure class='gallery-item'>\n\t\t\t<div class='gallery-icon portrait'>\n\t\t\t\t<a href='https:\/\/paintingqueen.art\/de\/?attachment_id=1177'><img decoding=\"async\" width=\"209\" height=\"300\" src=\"https:\/\/paintingqueen.art\/wp-content\/uploads\/2021\/04\/The_antique_drawers-1-209x300.jpg\" class=\"attachment-medium size-medium\" alt=\"\" srcset=\"https:\/\/paintingqueen.art\/wp-content\/uploads\/2021\/04\/The_antique_drawers-1-209x300.jpg 209w, https:\/\/paintingqueen.art\/wp-content\/uploads\/2021\/04\/The_antique_drawers-1-8x12.jpg 8w, https:\/\/paintingqueen.art\/wp-content\/uploads\/2021\/04\/The_antique_drawers-1.jpg 556w\" sizes=\"(max-width: 209px) 100vw, 209px\" \/><\/a>\n\t\t\t<\/div><\/figure><figure class='gallery-item'>\n\t\t\t<div class='gallery-icon portrait'>\n\t\t\t\t<a href='https:\/\/paintingqueen.art\/de\/?attachment_id=1176'><img decoding=\"async\" width=\"170\" height=\"300\" src=\"https:\/\/paintingqueen.art\/wp-content\/uploads\/2021\/06\/Rustic_stool_and_teapot-170x300.jpg\" class=\"attachment-medium size-medium\" alt=\"\" srcset=\"https:\/\/paintingqueen.art\/wp-content\/uploads\/2021\/06\/Rustic_stool_and_teapot-170x300.jpg 170w, https:\/\/paintingqueen.art\/wp-content\/uploads\/2021\/06\/Rustic_stool_and_teapot-580x1024.jpg 580w, https:\/\/paintingqueen.art\/wp-content\/uploads\/2021\/06\/Rustic_stool_and_teapot-768x1357.jpg 768w, https:\/\/paintingqueen.art\/wp-content\/uploads\/2021\/06\/Rustic_stool_and_teapot-869x1536.jpg 869w, https:\/\/paintingqueen.art\/wp-content\/uploads\/2021\/06\/Rustic_stool_and_teapot-1159x2048.jpg 1159w, https:\/\/paintingqueen.art\/wp-content\/uploads\/2021\/06\/Rustic_stool_and_teapot-7x12.jpg 7w, https:\/\/paintingqueen.art\/wp-content\/uploads\/2021\/06\/Rustic_stool_and_teapot-600x1060.jpg 600w, https:\/\/paintingqueen.art\/wp-content\/uploads\/2021\/06\/Rustic_stool_and_teapot.jpg 1200w\" sizes=\"(max-width: 170px) 100vw, 170px\" \/><\/a>\n\t\t\t<\/div><\/figure>\n\t\t<\/div>\n\n<p>I enjoyed very much creating this still life painting, what in Spanish it is called bodeg\u00f3n or naturaleza muerta (dead nature). That is why I called it Viva Natura \ud83d\ude42<\/p>\n<p>OIL ON CANVA<br \/>\n30 X40 CM<br \/>\n2021<br \/>\nSWITZERLAND<\/p>","protected":false},"excerpt":{"rendered":"<p>OIL ON CANVA<br \/>\n30 X40 CM<br \/>\n2021<br \/>\nSWITZERLAND<\/p>\n<p>&nbsp;<\/p>\n<p class=\"\" data-start=\"341\" data-end=\"654\"><strong data-start=\"341\" data-end=\"357\">Beschreibung<\/strong><br data-start=\"357\" data-end=\"360\" \/><em data-start=\"360\" data-end=\"373\">Viva Natura<\/em> ist ein Stillleben im barocken Stil, das der verg\u00e4nglichen Sch\u00f6nheit und F\u00fclle der Natur gewidmet ist. Die fein ausgearbeitete Komposition zeigt Zitrusfr\u00fcchte, Trauben, Schmetterlinge und ein verziertes Weinglas, alles eingebettet in ein ausdrucksstarkes Spiel von Licht und Schatten.<\/p>\n<p class=\"\" data-start=\"656\" data-end=\"1003\"><strong data-start=\"656\" data-end=\"683\">Bedeutung und Relevanz<\/strong><br data-start=\"683\" data-end=\"686\" \/>Das Werk erinnert an die Tradition der Stillleben des 17. Jahrhunderts und regt zur Betrachtung von Verg\u00e4nglichkeit und Genuss an. Die gesch\u00e4lte Zitrone und die flatternden Schmetterlinge symbolisieren einen eingefrorenen Moment \u2013 eine Hommage an die Zerbrechlichkeit, Sinnlichkeit und stille Pracht des Lebens. Eine Feier der Lebendigkeit in klassischer Eleganz.<\/p>\n<p>&nbsp;<\/p>","protected":false},"featured_media":678,"template":"","meta":{"site-sidebar-layout":"default","site-content-layout":"default","ast-site-content-layout":"default","site-content-style":"default","site-sidebar-style":"default","ast-global-header-display":"","ast-banner-title-visibility":"","ast-main-header-display":"","ast-hfb-above-header-display":"","ast-hfb-below-header-display":"","ast-hfb-mobile-header-display":"","site-post-title":"","ast-breadcrumbs-content":"","ast-featured-img":"","footer-sml-layout":"","ast-disable-related-posts":"","theme-transparent-header-meta":"default","adv-header-id-meta":"","stick-header-meta":"","header-above-stick-meta":"","header-main-stick-meta":"","header-below-stick-meta":"","astra-migrate-meta-layouts":"set","ast-page-background-enabled":"default","ast-page-background-meta":{"desktop":{"background-color":"","background-image":"","background-repeat":"repeat","background-position":"center center","background-size":"auto","background-attachment":"scroll","background-type":"","background-media":"","overlay-type":"","overlay-color":"","overlay-opacity":"","overlay-gradient":""},"tablet":{"background-color":"","background-image":"","background-repeat":"repeat","background-position":"center center","background-size":"auto","background-attachment":"scroll","background-type":"","background-media":"","overlay-type":"","overlay-color":"","overlay-opacity":"","overlay-gradient":""},"mobile":{"background-color":"","background-image":"","background-repeat":"repeat","background-position":"center center","background-size":"auto","background-attachment":"scroll","background-type":"","background-media":"","overlay-type":"","overlay-color":"","overlay-opacity":"","overlay-gradient":""}},"ast-content-background-meta":{"desktop":{"background-color":"var(--ast-global-color-5)","background-image":"","background-repeat":"repeat","background-position":"center center","background-size":"auto","background-attachment":"scroll","background-type":"","background-media":"","overlay-type":"","overlay-color":"","overlay-opacity":"","overlay-gradient":""},"tablet":{"background-color":"var(--ast-global-color-5)","background-image":"","background-repeat":"repeat","background-position":"center center","background-size":"auto","background-attachment":"scroll","background-type":"","background-media":"","overlay-type":"","overlay-color":"","overlay-opacity":"","overlay-gradient":""},"mobile":{"background-color":"var(--ast-global-color-5)","background-image":"","background-repeat":"repeat","background-position":"center center","background-size":"auto","background-attachment":"scroll","background-type":"","background-media":"","overlay-type":"","overlay-color":"","overlay-opacity":"","overlay-gradient":""}},"_joinchat":[]},"product_brand":[],"product_cat":[340,325,318,336,15],"product_tag":[],"class_list":{"0":"post-690","1":"product","2":"type-product","3":"status-publish","4":"has-post-thumbnail","6":"product_cat-340","7":"product_cat-baroque","8":"product_cat-oil","9":"product_cat-still-life","10":"product_cat-technique","11":"desktop-align-left","12":"tablet-align-left","13":"mobile-align-left","15":"first","16":"instock","17":"taxable","18":"shipping-taxable","19":"purchasable","20":"product-type-simple"},"yoast_head":"<!-- This site is optimized with the Yoast SEO plugin v27.5 - https:\/\/yoast.com\/product\/yoast-seo-wordpress\/ -->\n<title>VIVA NATURA - Painting Queen<\/title>\n<meta name=\"description\" content=\"still life, bodeg\u00f3n, bodegon, naturaleza muerta, oil on canvas, pintura al \u00f3leo, painting queen, vino, fruits, frutas,\" \/>\n<meta name=\"robots\" content=\"index, follow, max-snippet:-1, max-image-preview:large, max-video-preview:-1\" \/>\n<link rel=\"canonical\" href=\"https:\/\/paintingqueen.art\/de\/tienda\/year\/2021\/viva-natura\/\" \/>\n<meta property=\"og:locale\" content=\"de_DE\" \/>\n<meta property=\"og:type\" content=\"article\" \/>\n<meta property=\"og:title\" content=\"VIVA NATURA - Painting Queen\" \/>\n<meta property=\"og:description\" content=\"still life, bodeg\u00f3n, bodegon, naturaleza muerta, oil on canvas, pintura al \u00f3leo, painting queen, vino, fruits, frutas,\" \/>\n<meta property=\"og:url\" content=\"https:\/\/paintingqueen.art\/de\/tienda\/year\/2021\/viva-natura\/\" \/>\n<meta property=\"og:site_name\" content=\"Painting Queen\" \/>\n<meta property=\"article:modified_time\" content=\"2026-02-10T07:38:09+00:00\" \/>\n<meta property=\"og:image\" content=\"https:\/\/paintingqueen.art\/wp-content\/uploads\/2021\/04\/DSC_2633-1-scaled.jpg\" \/>\n\t<meta property=\"og:image:width\" content=\"1709\" \/>\n\t<meta property=\"og:image:height\" content=\"2560\" \/>\n\t<meta property=\"og:image:type\" content=\"image\/jpeg\" \/>\n<meta name=\"twitter:card\" content=\"summary_large_image\" \/>\n<meta name=\"twitter:label1\" content=\"Gesch\u00e4tzte Lesezeit\" \/>\n\t<meta name=\"twitter:data1\" content=\"1\u00a0Minute\" \/>\n<script type=\"application\/ld+json\" class=\"yoast-schema-graph\">{\"@context\":\"https:\\\/\\\/schema.org\",\"@graph\":[{\"@type\":\"WebPage\",\"@id\":\"https:\\\/\\\/paintingqueen.art\\\/tienda\\\/year\\\/2021\\\/viva-natura\\\/\",\"url\":\"https:\\\/\\\/paintingqueen.art\\\/tienda\\\/year\\\/2021\\\/viva-natura\\\/\",\"name\":\"VIVA NATURA - Painting Queen\",\"isPartOf\":{\"@id\":\"https:\\\/\\\/paintingqueen.art\\\/#website\"},\"primaryImageOfPage\":{\"@id\":\"https:\\\/\\\/paintingqueen.art\\\/tienda\\\/year\\\/2021\\\/viva-natura\\\/#primaryimage\"},\"image\":{\"@id\":\"https:\\\/\\\/paintingqueen.art\\\/tienda\\\/year\\\/2021\\\/viva-natura\\\/#primaryimage\"},\"thumbnailUrl\":\"https:\\\/\\\/paintingqueen.art\\\/wp-content\\\/uploads\\\/2021\\\/04\\\/DSC_2633-1-scaled.jpg\",\"datePublished\":\"2021-04-23T21:30:18+00:00\",\"dateModified\":\"2026-02-10T07:38:09+00:00\",\"description\":\"still life, bodeg\u00f3n, bodegon, naturaleza muerta, oil on canvas, pintura al \u00f3leo, painting queen, vino, fruits, frutas,\",\"breadcrumb\":{\"@id\":\"https:\\\/\\\/paintingqueen.art\\\/tienda\\\/year\\\/2021\\\/viva-natura\\\/#breadcrumb\"},\"inLanguage\":\"de-CH\",\"potentialAction\":[{\"@type\":\"ReadAction\",\"target\":[\"https:\\\/\\\/paintingqueen.art\\\/tienda\\\/year\\\/2021\\\/viva-natura\\\/\"]}]},{\"@type\":\"ImageObject\",\"inLanguage\":\"de-CH\",\"@id\":\"https:\\\/\\\/paintingqueen.art\\\/tienda\\\/year\\\/2021\\\/viva-natura\\\/#primaryimage\",\"url\":\"https:\\\/\\\/paintingqueen.art\\\/wp-content\\\/uploads\\\/2021\\\/04\\\/DSC_2633-1-scaled.jpg\",\"contentUrl\":\"https:\\\/\\\/paintingqueen.art\\\/wp-content\\\/uploads\\\/2021\\\/04\\\/DSC_2633-1-scaled.jpg\",\"width\":1709,\"height\":2560},{\"@type\":\"BreadcrumbList\",\"@id\":\"https:\\\/\\\/paintingqueen.art\\\/tienda\\\/year\\\/2021\\\/viva-natura\\\/#breadcrumb\",\"itemListElement\":[{\"@type\":\"ListItem\",\"position\":1,\"name\":\"Portada\",\"item\":\"https:\\\/\\\/paintingqueen.art\\\/\"},{\"@type\":\"ListItem\",\"position\":2,\"name\":\"Produkte\",\"item\":\"https:\\\/\\\/paintingqueen.art\\\/de\\\/shop\\\/\"},{\"@type\":\"ListItem\",\"position\":3,\"name\":\"VIVA NATURA\"}]},{\"@type\":\"WebSite\",\"@id\":\"https:\\\/\\\/paintingqueen.art\\\/#website\",\"url\":\"https:\\\/\\\/paintingqueen.art\\\/\",\"name\":\"Painting Queen\",\"description\":\"Visual Artist\",\"publisher\":{\"@id\":\"https:\\\/\\\/paintingqueen.art\\\/#organization\"},\"potentialAction\":[{\"@type\":\"SearchAction\",\"target\":{\"@type\":\"EntryPoint\",\"urlTemplate\":\"https:\\\/\\\/paintingqueen.art\\\/?s={search_term_string}\"},\"query-input\":{\"@type\":\"PropertyValueSpecification\",\"valueRequired\":true,\"valueName\":\"search_term_string\"}}],\"inLanguage\":\"de-CH\"},{\"@type\":\"Organization\",\"@id\":\"https:\\\/\\\/paintingqueen.art\\\/#organization\",\"name\":\"Painting Queen\",\"url\":\"https:\\\/\\\/paintingqueen.art\\\/\",\"logo\":{\"@type\":\"ImageObject\",\"inLanguage\":\"de-CH\",\"@id\":\"https:\\\/\\\/paintingqueen.art\\\/#\\\/schema\\\/logo\\\/image\\\/\",\"url\":\"https:\\\/\\\/paintingqueen.art\\\/wp-content\\\/uploads\\\/2021\\\/04\\\/cropped-ONDA.-1-1.jpg\",\"contentUrl\":\"https:\\\/\\\/paintingqueen.art\\\/wp-content\\\/uploads\\\/2021\\\/04\\\/cropped-ONDA.-1-1.jpg\",\"width\":459,\"height\":118,\"caption\":\"Painting Queen\"},\"image\":{\"@id\":\"https:\\\/\\\/paintingqueen.art\\\/#\\\/schema\\\/logo\\\/image\\\/\"}}]}<\/script>\n<!-- \/ Yoast SEO plugin. -->","yoast_head_json":{"title":"VIVA NATURA - Painting Queen","description":"still life, bodeg\u00f3n, bodegon, naturaleza muerta, oil on canvas, pintura al \u00f3leo, painting queen, vino, fruits, frutas,","robots":{"index":"index","follow":"follow","max-snippet":"max-snippet:-1","max-image-preview":"max-image-preview:large","max-video-preview":"max-video-preview:-1"},"canonical":"https:\/\/paintingqueen.art\/de\/tienda\/year\/2021\/viva-natura\/","og_locale":"de_DE","og_type":"article","og_title":"VIVA NATURA - Painting Queen","og_description":"still life, bodeg\u00f3n, bodegon, naturaleza muerta, oil on canvas, pintura al \u00f3leo, painting queen, vino, fruits, frutas,","og_url":"https:\/\/paintingqueen.art\/de\/tienda\/year\/2021\/viva-natura\/","og_site_name":"Painting Queen","article_modified_time":"2026-02-10T07:38:09+00:00","og_image":[{"width":1709,"height":2560,"url":"https:\/\/paintingqueen.art\/wp-content\/uploads\/2021\/04\/DSC_2633-1-scaled.jpg","type":"image\/jpeg"}],"twitter_card":"summary_large_image","twitter_misc":{"Gesch\u00e4tzte Lesezeit":"1\u00a0Minute"},"schema":{"@context":"https:\/\/schema.org","@graph":[{"@type":"WebPage","@id":"https:\/\/paintingqueen.art\/tienda\/year\/2021\/viva-natura\/","url":"https:\/\/paintingqueen.art\/tienda\/year\/2021\/viva-natura\/","name":"VIVA NATURA - Painting Queen","isPartOf":{"@id":"https:\/\/paintingqueen.art\/#website"},"primaryImageOfPage":{"@id":"https:\/\/paintingqueen.art\/tienda\/year\/2021\/viva-natura\/#primaryimage"},"image":{"@id":"https:\/\/paintingqueen.art\/tienda\/year\/2021\/viva-natura\/#primaryimage"},"thumbnailUrl":"https:\/\/paintingqueen.art\/wp-content\/uploads\/2021\/04\/DSC_2633-1-scaled.jpg","datePublished":"2021-04-23T21:30:18+00:00","dateModified":"2026-02-10T07:38:09+00:00","description":"still life, bodeg\u00f3n, bodegon, naturaleza muerta, oil on canvas, pintura al \u00f3leo, painting queen, vino, fruits, frutas,","breadcrumb":{"@id":"https:\/\/paintingqueen.art\/tienda\/year\/2021\/viva-natura\/#breadcrumb"},"inLanguage":"de-CH","potentialAction":[{"@type":"ReadAction","target":["https:\/\/paintingqueen.art\/tienda\/year\/2021\/viva-natura\/"]}]},{"@type":"ImageObject","inLanguage":"de-CH","@id":"https:\/\/paintingqueen.art\/tienda\/year\/2021\/viva-natura\/#primaryimage","url":"https:\/\/paintingqueen.art\/wp-content\/uploads\/2021\/04\/DSC_2633-1-scaled.jpg","contentUrl":"https:\/\/paintingqueen.art\/wp-content\/uploads\/2021\/04\/DSC_2633-1-scaled.jpg","width":1709,"height":2560},{"@type":"BreadcrumbList","@id":"https:\/\/paintingqueen.art\/tienda\/year\/2021\/viva-natura\/#breadcrumb","itemListElement":[{"@type":"ListItem","position":1,"name":"Portada","item":"https:\/\/paintingqueen.art\/"},{"@type":"ListItem","position":2,"name":"Produkte","item":"https:\/\/paintingqueen.art\/de\/shop\/"},{"@type":"ListItem","position":3,"name":"VIVA NATURA"}]},{"@type":"WebSite","@id":"https:\/\/paintingqueen.art\/#website","url":"https:\/\/paintingqueen.art\/","name":"Painting Queen","description":"Visual Artist","publisher":{"@id":"https:\/\/paintingqueen.art\/#organization"},"potentialAction":[{"@type":"SearchAction","target":{"@type":"EntryPoint","urlTemplate":"https:\/\/paintingqueen.art\/?s={search_term_string}"},"query-input":{"@type":"PropertyValueSpecification","valueRequired":true,"valueName":"search_term_string"}}],"inLanguage":"de-CH"},{"@type":"Organization","@id":"https:\/\/paintingqueen.art\/#organization","name":"Painting Queen","url":"https:\/\/paintingqueen.art\/","logo":{"@type":"ImageObject","inLanguage":"de-CH","@id":"https:\/\/paintingqueen.art\/#\/schema\/logo\/image\/","url":"https:\/\/paintingqueen.art\/wp-content\/uploads\/2021\/04\/cropped-ONDA.-1-1.jpg","contentUrl":"https:\/\/paintingqueen.art\/wp-content\/uploads\/2021\/04\/cropped-ONDA.-1-1.jpg","width":459,"height":118,"caption":"Painting Queen"},"image":{"@id":"https:\/\/paintingqueen.art\/#\/schema\/logo\/image\/"}}]}},"_links":{"self":[{"href":"https:\/\/paintingqueen.art\/de\/wp-json\/wp\/v2\/product\/690","targetHints":{"allow":["GET"]}}],"collection":[{"href":"https:\/\/paintingqueen.art\/de\/wp-json\/wp\/v2\/product"}],"about":[{"href":"https:\/\/paintingqueen.art\/de\/wp-json\/wp\/v2\/types\/product"}],"wp:featuredmedia":[{"embeddable":true,"href":"https:\/\/paintingqueen.art\/de\/wp-json\/wp\/v2\/media\/678"}],"wp:attachment":[{"href":"https:\/\/paintingqueen.art\/de\/wp-json\/wp\/v2\/media?parent=690"}],"wp:term":[{"taxonomy":"product_brand","embeddable":true,"href":"https:\/\/paintingqueen.art\/de\/wp-json\/wp\/v2\/product_brand?post=690"},{"taxonomy":"product_cat","embeddable":true,"href":"https:\/\/paintingqueen.art\/de\/wp-json\/wp\/v2\/product_cat?post=690"},{"taxonomy":"product_tag","embeddable":true,"href":"https:\/\/paintingqueen.art\/de\/wp-json\/wp\/v2\/product_tag?post=690"}],"curies":[{"name":"wp","href":"https:\/\/api.w.org\/{rel}","templated":true}]}}