{"id":5277,"date":"2025-12-17T15:51:43","date_gmt":"2025-12-17T15:51:43","guid":{"rendered":"https:\/\/paintingqueen.art\/?post_type=product&#038;p=5277"},"modified":"2026-01-06T22:33:38","modified_gmt":"2026-01-06T22:33:38","slug":"invasion-extraterrestre-diptico","status":"publish","type":"product","link":"https:\/\/paintingqueen.art\/de\/tienda\/year\/2021\/invasion-extraterrestre-diptico\/","title":{"rendered":"INVASI\u00d3N EXTRATERRESTRE diptych"},"content":{"rendered":"<p>Acryl auf Leinwand<\/p>\n<p>67 x 40 cm<\/p>\n<p>2021<\/p>","protected":false},"excerpt":{"rendered":"<p data-start=\"1533\" data-end=\"1961\">Invasion Extraterrestrial ist ein Diptychon, das eine visuelle Erz\u00e4hlung pr\u00e4sentiert, die das Fantastische mit zeitgen\u00f6ssischer Introspektion verbindet. Durch den expressiven Einsatz von Farbe und Komposition verbindet das Werk Elemente des Unerwarteten mit dem Allt\u00e4glichen und l\u00e4dt den Betrachter dazu ein, die Grenzen zwischen dem Realen und dem Imaginierten zu hinterfragen. Das Format mit zwei Tafeln erzeugt einen dynamischen Dialog, der Gleichzeitigkeit, Spannung und Bewegung suggeriert.<\/p>\n<p data-start=\"1963\" data-end=\"2322\">Die in diesem Werk verwendete Palette verst\u00e4rkt die Wahrnehmung von unbekannten Kr\u00e4ften, w\u00e4hrend die offenen und dynamischen Formen zu einer offenen und pers\u00f6nlichen Interpretation anregen. \u00dcber eine einfache Anspielung auf fremde Welten hinaus regt Invasion Extraterrestrial zur Reflexion \u00fcber Wahrnehmung, Transformation und die Beziehung des Individuums zu Bereichen jenseits unmittelbarer Erfahrung an.<\/p>\n<p data-start=\"420\" data-end=\"862\"><span style=\"font-size: 16px;\">Acryl auf Leinwand<\/span><\/p>\n<p>40 x 40 cm<\/p>\n<p>27 x 35 cm<\/p>\n<p>2021<\/p>","protected":false},"featured_media":5272,"template":"","meta":{"site-sidebar-layout":"default","site-content-layout":"","ast-site-content-layout":"default","site-content-style":"default","site-sidebar-style":"default","ast-global-header-display":"","ast-banner-title-visibility":"","ast-main-header-display":"","ast-hfb-above-header-display":"","ast-hfb-below-header-display":"","ast-hfb-mobile-header-display":"","site-post-title":"","ast-breadcrumbs-content":"","ast-featured-img":"","footer-sml-layout":"","ast-disable-related-posts":"","theme-transparent-header-meta":"default","adv-header-id-meta":"","stick-header-meta":"","header-above-stick-meta":"","header-main-stick-meta":"","header-below-stick-meta":"","astra-migrate-meta-layouts":"set","ast-page-background-enabled":"default","ast-page-background-meta":{"desktop":{"background-color":"","background-image":"","background-repeat":"repeat","background-position":"center center","background-size":"auto","background-attachment":"scroll","background-type":"","background-media":"","overlay-type":"","overlay-color":"","overlay-opacity":"","overlay-gradient":""},"tablet":{"background-color":"","background-image":"","background-repeat":"repeat","background-position":"center center","background-size":"auto","background-attachment":"scroll","background-type":"","background-media":"","overlay-type":"","overlay-color":"","overlay-opacity":"","overlay-gradient":""},"mobile":{"background-color":"","background-image":"","background-repeat":"repeat","background-position":"center center","background-size":"auto","background-attachment":"scroll","background-type":"","background-media":"","overlay-type":"","overlay-color":"","overlay-opacity":"","overlay-gradient":""}},"ast-content-background-meta":{"desktop":{"background-color":"var(--ast-global-color-5)","background-image":"","background-repeat":"repeat","background-position":"center center","background-size":"auto","background-attachment":"scroll","background-type":"","background-media":"","overlay-type":"","overlay-color":"","overlay-opacity":"","overlay-gradient":""},"tablet":{"background-color":"var(--ast-global-color-5)","background-image":"","background-repeat":"repeat","background-position":"center center","background-size":"auto","background-attachment":"scroll","background-type":"","background-media":"","overlay-type":"","overlay-color":"","overlay-opacity":"","overlay-gradient":""},"mobile":{"background-color":"var(--ast-global-color-5)","background-image":"","background-repeat":"repeat","background-position":"center center","background-size":"auto","background-attachment":"scroll","background-type":"","background-media":"","overlay-type":"","overlay-color":"","overlay-opacity":"","overlay-gradient":""}},"_joinchat":[]},"product_brand":[],"product_cat":[340,329,319,326],"product_tag":[],"class_list":{"0":"post-5277","1":"product","2":"type-product","3":"status-publish","4":"has-post-thumbnail","6":"product_cat-340","7":"product_cat-abstract","8":"product_cat-acrylic","9":"product_cat-contemporary","10":"desktop-align-left","11":"tablet-align-left","12":"mobile-align-left","14":"first","15":"instock","16":"taxable","17":"shipping-taxable","18":"purchasable","19":"product-type-simple"},"yoast_head":"<!-- This site is optimized with the Yoast SEO plugin v27.4 - https:\/\/yoast.com\/product\/yoast-seo-wordpress\/ -->\n<title>INVASI\u00d3N EXTRATERRESTRE diptych - Painting Queen<\/title>\n<meta name=\"robots\" content=\"index, follow, max-snippet:-1, max-image-preview:large, max-video-preview:-1\" \/>\n<link rel=\"canonical\" href=\"https:\/\/paintingqueen.art\/de\/tienda\/year\/2021\/invasion-extraterrestre-diptico\/\" \/>\n<meta property=\"og:locale\" content=\"de_DE\" \/>\n<meta property=\"og:type\" content=\"article\" \/>\n<meta property=\"og:title\" content=\"INVASI\u00d3N EXTRATERRESTRE diptych - Painting Queen\" \/>\n<meta property=\"og:description\" content=\"Invasion Extraterrestrial is a diptych that presents a visual narrative balancing the fantastic with contemporary introspection. Through expressive use of color and composition, the work connects elements of the unexpected with everyday experience, inviting the viewer to question the boundaries between the real and the imagined. The two-panel format creates a dynamic dialogue that suggests simultaneity, tension and movement. The palette in this piece intensifies the sense of presence of unknown forces, while the open and dynamic forms encourage an open and personal interpretation. Beyond a simple allusion to alien worlds, Invasion Extraterrestrial invites reflection on perception, transformation and the relationship between the individual and realms beyond immediate experience. acrylic on canvas 40 x 40 cm  27 x 35 cm  2021\" \/>\n<meta property=\"og:url\" content=\"https:\/\/paintingqueen.art\/de\/tienda\/year\/2021\/invasion-extraterrestre-diptico\/\" \/>\n<meta property=\"og:site_name\" content=\"Painting Queen\" \/>\n<meta property=\"article:modified_time\" content=\"2026-01-06T22:33:38+00:00\" \/>\n<meta property=\"og:image\" content=\"https:\/\/paintingqueen.art\/wp-content\/uploads\/2025\/12\/DSC_2500-scaled.jpg\" \/>\n\t<meta property=\"og:image:width\" content=\"2560\" \/>\n\t<meta property=\"og:image:height\" content=\"1709\" \/>\n\t<meta property=\"og:image:type\" content=\"image\/jpeg\" \/>\n<meta name=\"twitter:card\" content=\"summary_large_image\" \/>\n<meta name=\"twitter:label1\" content=\"Gesch\u00e4tzte Lesezeit\" \/>\n\t<meta name=\"twitter:data1\" content=\"1\u00a0Minute\" \/>\n<script type=\"application\/ld+json\" class=\"yoast-schema-graph\">{\"@context\":\"https:\\\/\\\/schema.org\",\"@graph\":[{\"@type\":\"WebPage\",\"@id\":\"https:\\\/\\\/paintingqueen.art\\\/tienda\\\/year\\\/2021\\\/invasion-extraterrestre-diptico\\\/\",\"url\":\"https:\\\/\\\/paintingqueen.art\\\/tienda\\\/year\\\/2021\\\/invasion-extraterrestre-diptico\\\/\",\"name\":\"INVASI\u00d3N EXTRATERRESTRE diptych - Painting Queen\",\"isPartOf\":{\"@id\":\"https:\\\/\\\/paintingqueen.art\\\/#website\"},\"primaryImageOfPage\":{\"@id\":\"https:\\\/\\\/paintingqueen.art\\\/tienda\\\/year\\\/2021\\\/invasion-extraterrestre-diptico\\\/#primaryimage\"},\"image\":{\"@id\":\"https:\\\/\\\/paintingqueen.art\\\/tienda\\\/year\\\/2021\\\/invasion-extraterrestre-diptico\\\/#primaryimage\"},\"thumbnailUrl\":\"https:\\\/\\\/paintingqueen.art\\\/wp-content\\\/uploads\\\/2025\\\/12\\\/DSC_2500-scaled.jpg\",\"datePublished\":\"2025-12-17T15:51:43+00:00\",\"dateModified\":\"2026-01-06T22:33:38+00:00\",\"breadcrumb\":{\"@id\":\"https:\\\/\\\/paintingqueen.art\\\/tienda\\\/year\\\/2021\\\/invasion-extraterrestre-diptico\\\/#breadcrumb\"},\"inLanguage\":\"de-CH\",\"potentialAction\":[{\"@type\":\"ReadAction\",\"target\":[\"https:\\\/\\\/paintingqueen.art\\\/tienda\\\/year\\\/2021\\\/invasion-extraterrestre-diptico\\\/\"]}]},{\"@type\":\"ImageObject\",\"inLanguage\":\"de-CH\",\"@id\":\"https:\\\/\\\/paintingqueen.art\\\/tienda\\\/year\\\/2021\\\/invasion-extraterrestre-diptico\\\/#primaryimage\",\"url\":\"https:\\\/\\\/paintingqueen.art\\\/wp-content\\\/uploads\\\/2025\\\/12\\\/DSC_2500-scaled.jpg\",\"contentUrl\":\"https:\\\/\\\/paintingqueen.art\\\/wp-content\\\/uploads\\\/2025\\\/12\\\/DSC_2500-scaled.jpg\",\"width\":2560,\"height\":1709},{\"@type\":\"BreadcrumbList\",\"@id\":\"https:\\\/\\\/paintingqueen.art\\\/tienda\\\/year\\\/2021\\\/invasion-extraterrestre-diptico\\\/#breadcrumb\",\"itemListElement\":[{\"@type\":\"ListItem\",\"position\":1,\"name\":\"Portada\",\"item\":\"https:\\\/\\\/paintingqueen.art\\\/\"},{\"@type\":\"ListItem\",\"position\":2,\"name\":\"Produkte\",\"item\":\"https:\\\/\\\/paintingqueen.art\\\/de\\\/shop\\\/\"},{\"@type\":\"ListItem\",\"position\":3,\"name\":\"INVASI\u00d3N EXTRATERRESTRE diptych\"}]},{\"@type\":\"WebSite\",\"@id\":\"https:\\\/\\\/paintingqueen.art\\\/#website\",\"url\":\"https:\\\/\\\/paintingqueen.art\\\/\",\"name\":\"Painting Queen\",\"description\":\"Visual Artist\",\"publisher\":{\"@id\":\"https:\\\/\\\/paintingqueen.art\\\/#organization\"},\"potentialAction\":[{\"@type\":\"SearchAction\",\"target\":{\"@type\":\"EntryPoint\",\"urlTemplate\":\"https:\\\/\\\/paintingqueen.art\\\/?s={search_term_string}\"},\"query-input\":{\"@type\":\"PropertyValueSpecification\",\"valueRequired\":true,\"valueName\":\"search_term_string\"}}],\"inLanguage\":\"de-CH\"},{\"@type\":\"Organization\",\"@id\":\"https:\\\/\\\/paintingqueen.art\\\/#organization\",\"name\":\"Painting Queen\",\"url\":\"https:\\\/\\\/paintingqueen.art\\\/\",\"logo\":{\"@type\":\"ImageObject\",\"inLanguage\":\"de-CH\",\"@id\":\"https:\\\/\\\/paintingqueen.art\\\/#\\\/schema\\\/logo\\\/image\\\/\",\"url\":\"https:\\\/\\\/paintingqueen.art\\\/wp-content\\\/uploads\\\/2021\\\/04\\\/cropped-ONDA.-1-1.jpg\",\"contentUrl\":\"https:\\\/\\\/paintingqueen.art\\\/wp-content\\\/uploads\\\/2021\\\/04\\\/cropped-ONDA.-1-1.jpg\",\"width\":459,\"height\":118,\"caption\":\"Painting Queen\"},\"image\":{\"@id\":\"https:\\\/\\\/paintingqueen.art\\\/#\\\/schema\\\/logo\\\/image\\\/\"}}]}<\/script>\n<!-- \/ Yoast SEO plugin. -->","yoast_head_json":{"title":"INVASI\u00d3N EXTRATERRESTRE diptych - Painting Queen","robots":{"index":"index","follow":"follow","max-snippet":"max-snippet:-1","max-image-preview":"max-image-preview:large","max-video-preview":"max-video-preview:-1"},"canonical":"https:\/\/paintingqueen.art\/de\/tienda\/year\/2021\/invasion-extraterrestre-diptico\/","og_locale":"de_DE","og_type":"article","og_title":"INVASI\u00d3N EXTRATERRESTRE diptych - Painting Queen","og_description":"Invasion Extraterrestrial is a diptych that presents a visual narrative balancing the fantastic with contemporary introspection. Through expressive use of color and composition, the work connects elements of the unexpected with everyday experience, inviting the viewer to question the boundaries between the real and the imagined. The two-panel format creates a dynamic dialogue that suggests simultaneity, tension and movement. The palette in this piece intensifies the sense of presence of unknown forces, while the open and dynamic forms encourage an open and personal interpretation. Beyond a simple allusion to alien worlds, Invasion Extraterrestrial invites reflection on perception, transformation and the relationship between the individual and realms beyond immediate experience. acrylic on canvas 40 x 40 cm  27 x 35 cm  2021","og_url":"https:\/\/paintingqueen.art\/de\/tienda\/year\/2021\/invasion-extraterrestre-diptico\/","og_site_name":"Painting Queen","article_modified_time":"2026-01-06T22:33:38+00:00","og_image":[{"width":2560,"height":1709,"url":"https:\/\/paintingqueen.art\/wp-content\/uploads\/2025\/12\/DSC_2500-scaled.jpg","type":"image\/jpeg"}],"twitter_card":"summary_large_image","twitter_misc":{"Gesch\u00e4tzte Lesezeit":"1\u00a0Minute"},"schema":{"@context":"https:\/\/schema.org","@graph":[{"@type":"WebPage","@id":"https:\/\/paintingqueen.art\/tienda\/year\/2021\/invasion-extraterrestre-diptico\/","url":"https:\/\/paintingqueen.art\/tienda\/year\/2021\/invasion-extraterrestre-diptico\/","name":"INVASI\u00d3N EXTRATERRESTRE diptych - Painting Queen","isPartOf":{"@id":"https:\/\/paintingqueen.art\/#website"},"primaryImageOfPage":{"@id":"https:\/\/paintingqueen.art\/tienda\/year\/2021\/invasion-extraterrestre-diptico\/#primaryimage"},"image":{"@id":"https:\/\/paintingqueen.art\/tienda\/year\/2021\/invasion-extraterrestre-diptico\/#primaryimage"},"thumbnailUrl":"https:\/\/paintingqueen.art\/wp-content\/uploads\/2025\/12\/DSC_2500-scaled.jpg","datePublished":"2025-12-17T15:51:43+00:00","dateModified":"2026-01-06T22:33:38+00:00","breadcrumb":{"@id":"https:\/\/paintingqueen.art\/tienda\/year\/2021\/invasion-extraterrestre-diptico\/#breadcrumb"},"inLanguage":"de-CH","potentialAction":[{"@type":"ReadAction","target":["https:\/\/paintingqueen.art\/tienda\/year\/2021\/invasion-extraterrestre-diptico\/"]}]},{"@type":"ImageObject","inLanguage":"de-CH","@id":"https:\/\/paintingqueen.art\/tienda\/year\/2021\/invasion-extraterrestre-diptico\/#primaryimage","url":"https:\/\/paintingqueen.art\/wp-content\/uploads\/2025\/12\/DSC_2500-scaled.jpg","contentUrl":"https:\/\/paintingqueen.art\/wp-content\/uploads\/2025\/12\/DSC_2500-scaled.jpg","width":2560,"height":1709},{"@type":"BreadcrumbList","@id":"https:\/\/paintingqueen.art\/tienda\/year\/2021\/invasion-extraterrestre-diptico\/#breadcrumb","itemListElement":[{"@type":"ListItem","position":1,"name":"Portada","item":"https:\/\/paintingqueen.art\/"},{"@type":"ListItem","position":2,"name":"Produkte","item":"https:\/\/paintingqueen.art\/de\/shop\/"},{"@type":"ListItem","position":3,"name":"INVASI\u00d3N EXTRATERRESTRE diptych"}]},{"@type":"WebSite","@id":"https:\/\/paintingqueen.art\/#website","url":"https:\/\/paintingqueen.art\/","name":"Painting Queen","description":"Visual Artist","publisher":{"@id":"https:\/\/paintingqueen.art\/#organization"},"potentialAction":[{"@type":"SearchAction","target":{"@type":"EntryPoint","urlTemplate":"https:\/\/paintingqueen.art\/?s={search_term_string}"},"query-input":{"@type":"PropertyValueSpecification","valueRequired":true,"valueName":"search_term_string"}}],"inLanguage":"de-CH"},{"@type":"Organization","@id":"https:\/\/paintingqueen.art\/#organization","name":"Painting Queen","url":"https:\/\/paintingqueen.art\/","logo":{"@type":"ImageObject","inLanguage":"de-CH","@id":"https:\/\/paintingqueen.art\/#\/schema\/logo\/image\/","url":"https:\/\/paintingqueen.art\/wp-content\/uploads\/2021\/04\/cropped-ONDA.-1-1.jpg","contentUrl":"https:\/\/paintingqueen.art\/wp-content\/uploads\/2021\/04\/cropped-ONDA.-1-1.jpg","width":459,"height":118,"caption":"Painting Queen"},"image":{"@id":"https:\/\/paintingqueen.art\/#\/schema\/logo\/image\/"}}]}},"_links":{"self":[{"href":"https:\/\/paintingqueen.art\/de\/wp-json\/wp\/v2\/product\/5277","targetHints":{"allow":["GET"]}}],"collection":[{"href":"https:\/\/paintingqueen.art\/de\/wp-json\/wp\/v2\/product"}],"about":[{"href":"https:\/\/paintingqueen.art\/de\/wp-json\/wp\/v2\/types\/product"}],"wp:featuredmedia":[{"embeddable":true,"href":"https:\/\/paintingqueen.art\/de\/wp-json\/wp\/v2\/media\/5272"}],"wp:attachment":[{"href":"https:\/\/paintingqueen.art\/de\/wp-json\/wp\/v2\/media?parent=5277"}],"wp:term":[{"taxonomy":"product_brand","embeddable":true,"href":"https:\/\/paintingqueen.art\/de\/wp-json\/wp\/v2\/product_brand?post=5277"},{"taxonomy":"product_cat","embeddable":true,"href":"https:\/\/paintingqueen.art\/de\/wp-json\/wp\/v2\/product_cat?post=5277"},{"taxonomy":"product_tag","embeddable":true,"href":"https:\/\/paintingqueen.art\/de\/wp-json\/wp\/v2\/product_tag?post=5277"}],"curies":[{"name":"wp","href":"https:\/\/api.w.org\/{rel}","templated":true}]}}