{"id":5271,"date":"2025-12-17T15:50:04","date_gmt":"2025-12-17T15:50:04","guid":{"rendered":"https:\/\/paintingqueen.art\/?post_type=product&#038;p=5271"},"modified":"2026-01-06T22:25:02","modified_gmt":"2026-01-06T22:25:02","slug":"bordeaux-wine-polyptych","status":"publish","type":"product","link":"https:\/\/paintingqueen.art\/de\/tienda\/year\/2021\/bordeaux-wine-polyptych\/","title":{"rendered":"BORDEAUX WINE polyptych"},"content":{"rendered":"<p>BORDEAUX WINE<\/p>\n<p>40 x 40 cm (4 Teile)<\/p>\n<p>2021<\/p>","protected":false},"excerpt":{"rendered":"<p>BORDEAUX WINE<\/p>\n<p data-start=\"471\" data-end=\"900\">Dieses Polyptychon ist eine Untersuchung fragmentierter Wahrnehmung und zeitlicher Abl\u00e4ufe, inspiriert vom atmosph\u00e4rischen Geist der Weinlandschaft Bordeaux. Ein Polyptychon \u2014 ein aus mehreren verbundenen Tafeln bestehendes Werk \u2014 erm\u00f6glicht dem Betrachter, Erz\u00e4hlung durch Sequenz, Rhythmus und Balance zu erleben, und l\u00e4dt sowohl zur Fokussierung auf einzelne Paneele als auch auf das Gesamtwerk ein.<\/p>\n<p data-start=\"902\" data-end=\"1252\">Durch vielschichtigen Einsatz von Mixed-Media evoziert die Komposition die Komplexit\u00e4t, F\u00fclle und sinnliche Tiefe eines Terroirs, das seit langem K\u00fcnstler und Kenner inspiriert. Jedes Paneel schwingt mit farblichen Resonanzen, die Ernte, G\u00e4rung, Reife und Nachklang andeuten und nicht nur visuelle Intensit\u00e4t, sondern auch Erinnerung und Gef\u00fchl einfangen.<\/p>\n<p data-start=\"1254\" data-end=\"1529\">Das Werk schl\u00e4gt eine Br\u00fccke zwischen Innerlichkeit und Landschaft, indem es zeigt, wie kulturelle und nat\u00fcrliche Erz\u00e4hlstr\u00e4nge ineinandergreifen. Seine Struktur und Form regen einen Dialog zwischen Betrachter und Kunstwerk an, in dem Bedeutung durch visuelle Harmonie und subtile Dissonanz entsteht.<\/p>\n<p>40 x 40 cm (4 Teile)<\/p>\n<p>2021<\/p>","protected":false},"featured_media":5276,"template":"","meta":{"site-sidebar-layout":"default","site-content-layout":"","ast-site-content-layout":"default","site-content-style":"default","site-sidebar-style":"default","ast-global-header-display":"","ast-banner-title-visibility":"","ast-main-header-display":"","ast-hfb-above-header-display":"","ast-hfb-below-header-display":"","ast-hfb-mobile-header-display":"","site-post-title":"","ast-breadcrumbs-content":"","ast-featured-img":"","footer-sml-layout":"","ast-disable-related-posts":"","theme-transparent-header-meta":"default","adv-header-id-meta":"","stick-header-meta":"","header-above-stick-meta":"","header-main-stick-meta":"","header-below-stick-meta":"","astra-migrate-meta-layouts":"set","ast-page-background-enabled":"default","ast-page-background-meta":{"desktop":{"background-color":"","background-image":"","background-repeat":"repeat","background-position":"center center","background-size":"auto","background-attachment":"scroll","background-type":"","background-media":"","overlay-type":"","overlay-color":"","overlay-opacity":"","overlay-gradient":""},"tablet":{"background-color":"","background-image":"","background-repeat":"repeat","background-position":"center center","background-size":"auto","background-attachment":"scroll","background-type":"","background-media":"","overlay-type":"","overlay-color":"","overlay-opacity":"","overlay-gradient":""},"mobile":{"background-color":"","background-image":"","background-repeat":"repeat","background-position":"center center","background-size":"auto","background-attachment":"scroll","background-type":"","background-media":"","overlay-type":"","overlay-color":"","overlay-opacity":"","overlay-gradient":""}},"ast-content-background-meta":{"desktop":{"background-color":"var(--ast-global-color-5)","background-image":"","background-repeat":"repeat","background-position":"center center","background-size":"auto","background-attachment":"scroll","background-type":"","background-media":"","overlay-type":"","overlay-color":"","overlay-opacity":"","overlay-gradient":""},"tablet":{"background-color":"var(--ast-global-color-5)","background-image":"","background-repeat":"repeat","background-position":"center center","background-size":"auto","background-attachment":"scroll","background-type":"","background-media":"","overlay-type":"","overlay-color":"","overlay-opacity":"","overlay-gradient":""},"mobile":{"background-color":"var(--ast-global-color-5)","background-image":"","background-repeat":"repeat","background-position":"center center","background-size":"auto","background-attachment":"scroll","background-type":"","background-media":"","overlay-type":"","overlay-color":"","overlay-opacity":"","overlay-gradient":""}},"_joinchat":[]},"product_brand":[],"product_cat":[340,329,319,326,320],"product_tag":[],"class_list":{"0":"post-5271","1":"product","2":"type-product","3":"status-publish","4":"has-post-thumbnail","6":"product_cat-340","7":"product_cat-abstract","8":"product_cat-acrylic","9":"product_cat-contemporary","10":"product_cat-mixed-media","11":"desktop-align-left","12":"tablet-align-left","13":"mobile-align-left","15":"first","16":"instock","17":"taxable","18":"shipping-taxable","19":"purchasable","20":"product-type-simple"},"yoast_head":"<!-- This site is optimized with the Yoast SEO plugin v27.4 - https:\/\/yoast.com\/product\/yoast-seo-wordpress\/ -->\n<title>BORDEAUX WINE polyptych - Painting Queen<\/title>\n<meta name=\"robots\" content=\"index, follow, max-snippet:-1, max-image-preview:large, max-video-preview:-1\" \/>\n<link rel=\"canonical\" href=\"https:\/\/paintingqueen.art\/de\/tienda\/year\/2021\/bordeaux-wine-polyptych\/\" \/>\n<meta property=\"og:locale\" content=\"de_DE\" \/>\n<meta property=\"og:type\" content=\"article\" \/>\n<meta property=\"og:title\" content=\"BORDEAUX WINE polyptych - Painting Queen\" \/>\n<meta property=\"og:description\" content=\"BORDEAUX WINE This polyptych is an exploration of fragmented perception and temporal flow, inspired by the evocative spirit of Bordeaux\u2019s wine culture and its landscape of vineyards. A polyptych \u2014 a work composed of multiple connected panels \u2014 allows the viewer to experience narrative through sequence, rhythm and balance, inviting contemplation across each individual section and as a unified whole. Through layered applications of mixed media, the composition evokes the complexity, richness and sensory depth of a terroir that has long inspired artists and connoisseurs alike. Each panel resonates with chromatic echoes that suggest harvest, fermentation, maturity and resonance, capturing not only visual intensity but also memory and emotion. This work seeks to bridge introspection and landscape, suggesting how cultural and natural narratives intertwine. Its format and structure encourage dialogue between the viewer and the artwork, allowing meaning to emerge through both visual harmony and subtle dissonance. 40 x 40 cm x 4 pieces  2021\" \/>\n<meta property=\"og:url\" content=\"https:\/\/paintingqueen.art\/de\/tienda\/year\/2021\/bordeaux-wine-polyptych\/\" \/>\n<meta property=\"og:site_name\" content=\"Painting Queen\" \/>\n<meta property=\"article:modified_time\" content=\"2026-01-06T22:25:02+00:00\" \/>\n<meta property=\"og:image\" content=\"https:\/\/paintingqueen.art\/wp-content\/uploads\/2025\/12\/DSC_2497-scaled.jpg\" \/>\n\t<meta property=\"og:image:width\" content=\"1709\" \/>\n\t<meta property=\"og:image:height\" content=\"2560\" \/>\n\t<meta property=\"og:image:type\" content=\"image\/jpeg\" \/>\n<meta name=\"twitter:card\" content=\"summary_large_image\" \/>\n<meta name=\"twitter:label1\" content=\"Gesch\u00e4tzte Lesezeit\" \/>\n\t<meta name=\"twitter:data1\" content=\"1\u00a0Minute\" \/>\n<script type=\"application\/ld+json\" class=\"yoast-schema-graph\">{\"@context\":\"https:\\\/\\\/schema.org\",\"@graph\":[{\"@type\":\"WebPage\",\"@id\":\"https:\\\/\\\/paintingqueen.art\\\/tienda\\\/year\\\/2021\\\/bordeaux-wine-polyptych\\\/\",\"url\":\"https:\\\/\\\/paintingqueen.art\\\/tienda\\\/year\\\/2021\\\/bordeaux-wine-polyptych\\\/\",\"name\":\"BORDEAUX WINE polyptych - Painting Queen\",\"isPartOf\":{\"@id\":\"https:\\\/\\\/paintingqueen.art\\\/#website\"},\"primaryImageOfPage\":{\"@id\":\"https:\\\/\\\/paintingqueen.art\\\/tienda\\\/year\\\/2021\\\/bordeaux-wine-polyptych\\\/#primaryimage\"},\"image\":{\"@id\":\"https:\\\/\\\/paintingqueen.art\\\/tienda\\\/year\\\/2021\\\/bordeaux-wine-polyptych\\\/#primaryimage\"},\"thumbnailUrl\":\"https:\\\/\\\/paintingqueen.art\\\/wp-content\\\/uploads\\\/2025\\\/12\\\/DSC_2497-scaled.jpg\",\"datePublished\":\"2025-12-17T15:50:04+00:00\",\"dateModified\":\"2026-01-06T22:25:02+00:00\",\"breadcrumb\":{\"@id\":\"https:\\\/\\\/paintingqueen.art\\\/tienda\\\/year\\\/2021\\\/bordeaux-wine-polyptych\\\/#breadcrumb\"},\"inLanguage\":\"de-CH\",\"potentialAction\":[{\"@type\":\"ReadAction\",\"target\":[\"https:\\\/\\\/paintingqueen.art\\\/tienda\\\/year\\\/2021\\\/bordeaux-wine-polyptych\\\/\"]}]},{\"@type\":\"ImageObject\",\"inLanguage\":\"de-CH\",\"@id\":\"https:\\\/\\\/paintingqueen.art\\\/tienda\\\/year\\\/2021\\\/bordeaux-wine-polyptych\\\/#primaryimage\",\"url\":\"https:\\\/\\\/paintingqueen.art\\\/wp-content\\\/uploads\\\/2025\\\/12\\\/DSC_2497-scaled.jpg\",\"contentUrl\":\"https:\\\/\\\/paintingqueen.art\\\/wp-content\\\/uploads\\\/2025\\\/12\\\/DSC_2497-scaled.jpg\",\"width\":1709,\"height\":2560},{\"@type\":\"BreadcrumbList\",\"@id\":\"https:\\\/\\\/paintingqueen.art\\\/tienda\\\/year\\\/2021\\\/bordeaux-wine-polyptych\\\/#breadcrumb\",\"itemListElement\":[{\"@type\":\"ListItem\",\"position\":1,\"name\":\"Portada\",\"item\":\"https:\\\/\\\/paintingqueen.art\\\/\"},{\"@type\":\"ListItem\",\"position\":2,\"name\":\"Produkte\",\"item\":\"https:\\\/\\\/paintingqueen.art\\\/de\\\/shop\\\/\"},{\"@type\":\"ListItem\",\"position\":3,\"name\":\"BORDEAUX WINE polyptych\"}]},{\"@type\":\"WebSite\",\"@id\":\"https:\\\/\\\/paintingqueen.art\\\/#website\",\"url\":\"https:\\\/\\\/paintingqueen.art\\\/\",\"name\":\"Painting Queen\",\"description\":\"Visual Artist\",\"publisher\":{\"@id\":\"https:\\\/\\\/paintingqueen.art\\\/#organization\"},\"potentialAction\":[{\"@type\":\"SearchAction\",\"target\":{\"@type\":\"EntryPoint\",\"urlTemplate\":\"https:\\\/\\\/paintingqueen.art\\\/?s={search_term_string}\"},\"query-input\":{\"@type\":\"PropertyValueSpecification\",\"valueRequired\":true,\"valueName\":\"search_term_string\"}}],\"inLanguage\":\"de-CH\"},{\"@type\":\"Organization\",\"@id\":\"https:\\\/\\\/paintingqueen.art\\\/#organization\",\"name\":\"Painting Queen\",\"url\":\"https:\\\/\\\/paintingqueen.art\\\/\",\"logo\":{\"@type\":\"ImageObject\",\"inLanguage\":\"de-CH\",\"@id\":\"https:\\\/\\\/paintingqueen.art\\\/#\\\/schema\\\/logo\\\/image\\\/\",\"url\":\"https:\\\/\\\/paintingqueen.art\\\/wp-content\\\/uploads\\\/2021\\\/04\\\/cropped-ONDA.-1-1.jpg\",\"contentUrl\":\"https:\\\/\\\/paintingqueen.art\\\/wp-content\\\/uploads\\\/2021\\\/04\\\/cropped-ONDA.-1-1.jpg\",\"width\":459,\"height\":118,\"caption\":\"Painting Queen\"},\"image\":{\"@id\":\"https:\\\/\\\/paintingqueen.art\\\/#\\\/schema\\\/logo\\\/image\\\/\"}}]}<\/script>\n<!-- \/ Yoast SEO plugin. -->","yoast_head_json":{"title":"BORDEAUX WINE polyptych - Painting Queen","robots":{"index":"index","follow":"follow","max-snippet":"max-snippet:-1","max-image-preview":"max-image-preview:large","max-video-preview":"max-video-preview:-1"},"canonical":"https:\/\/paintingqueen.art\/de\/tienda\/year\/2021\/bordeaux-wine-polyptych\/","og_locale":"de_DE","og_type":"article","og_title":"BORDEAUX WINE polyptych - Painting Queen","og_description":"BORDEAUX WINE This polyptych is an exploration of fragmented perception and temporal flow, inspired by the evocative spirit of Bordeaux\u2019s wine culture and its landscape of vineyards. A polyptych \u2014 a work composed of multiple connected panels \u2014 allows the viewer to experience narrative through sequence, rhythm and balance, inviting contemplation across each individual section and as a unified whole. Through layered applications of mixed media, the composition evokes the complexity, richness and sensory depth of a terroir that has long inspired artists and connoisseurs alike. Each panel resonates with chromatic echoes that suggest harvest, fermentation, maturity and resonance, capturing not only visual intensity but also memory and emotion. This work seeks to bridge introspection and landscape, suggesting how cultural and natural narratives intertwine. Its format and structure encourage dialogue between the viewer and the artwork, allowing meaning to emerge through both visual harmony and subtle dissonance. 40 x 40 cm x 4 pieces  2021","og_url":"https:\/\/paintingqueen.art\/de\/tienda\/year\/2021\/bordeaux-wine-polyptych\/","og_site_name":"Painting Queen","article_modified_time":"2026-01-06T22:25:02+00:00","og_image":[{"width":1709,"height":2560,"url":"https:\/\/paintingqueen.art\/wp-content\/uploads\/2025\/12\/DSC_2497-scaled.jpg","type":"image\/jpeg"}],"twitter_card":"summary_large_image","twitter_misc":{"Gesch\u00e4tzte Lesezeit":"1\u00a0Minute"},"schema":{"@context":"https:\/\/schema.org","@graph":[{"@type":"WebPage","@id":"https:\/\/paintingqueen.art\/tienda\/year\/2021\/bordeaux-wine-polyptych\/","url":"https:\/\/paintingqueen.art\/tienda\/year\/2021\/bordeaux-wine-polyptych\/","name":"BORDEAUX WINE polyptych - Painting Queen","isPartOf":{"@id":"https:\/\/paintingqueen.art\/#website"},"primaryImageOfPage":{"@id":"https:\/\/paintingqueen.art\/tienda\/year\/2021\/bordeaux-wine-polyptych\/#primaryimage"},"image":{"@id":"https:\/\/paintingqueen.art\/tienda\/year\/2021\/bordeaux-wine-polyptych\/#primaryimage"},"thumbnailUrl":"https:\/\/paintingqueen.art\/wp-content\/uploads\/2025\/12\/DSC_2497-scaled.jpg","datePublished":"2025-12-17T15:50:04+00:00","dateModified":"2026-01-06T22:25:02+00:00","breadcrumb":{"@id":"https:\/\/paintingqueen.art\/tienda\/year\/2021\/bordeaux-wine-polyptych\/#breadcrumb"},"inLanguage":"de-CH","potentialAction":[{"@type":"ReadAction","target":["https:\/\/paintingqueen.art\/tienda\/year\/2021\/bordeaux-wine-polyptych\/"]}]},{"@type":"ImageObject","inLanguage":"de-CH","@id":"https:\/\/paintingqueen.art\/tienda\/year\/2021\/bordeaux-wine-polyptych\/#primaryimage","url":"https:\/\/paintingqueen.art\/wp-content\/uploads\/2025\/12\/DSC_2497-scaled.jpg","contentUrl":"https:\/\/paintingqueen.art\/wp-content\/uploads\/2025\/12\/DSC_2497-scaled.jpg","width":1709,"height":2560},{"@type":"BreadcrumbList","@id":"https:\/\/paintingqueen.art\/tienda\/year\/2021\/bordeaux-wine-polyptych\/#breadcrumb","itemListElement":[{"@type":"ListItem","position":1,"name":"Portada","item":"https:\/\/paintingqueen.art\/"},{"@type":"ListItem","position":2,"name":"Produkte","item":"https:\/\/paintingqueen.art\/de\/shop\/"},{"@type":"ListItem","position":3,"name":"BORDEAUX WINE polyptych"}]},{"@type":"WebSite","@id":"https:\/\/paintingqueen.art\/#website","url":"https:\/\/paintingqueen.art\/","name":"Painting Queen","description":"Visual Artist","publisher":{"@id":"https:\/\/paintingqueen.art\/#organization"},"potentialAction":[{"@type":"SearchAction","target":{"@type":"EntryPoint","urlTemplate":"https:\/\/paintingqueen.art\/?s={search_term_string}"},"query-input":{"@type":"PropertyValueSpecification","valueRequired":true,"valueName":"search_term_string"}}],"inLanguage":"de-CH"},{"@type":"Organization","@id":"https:\/\/paintingqueen.art\/#organization","name":"Painting Queen","url":"https:\/\/paintingqueen.art\/","logo":{"@type":"ImageObject","inLanguage":"de-CH","@id":"https:\/\/paintingqueen.art\/#\/schema\/logo\/image\/","url":"https:\/\/paintingqueen.art\/wp-content\/uploads\/2021\/04\/cropped-ONDA.-1-1.jpg","contentUrl":"https:\/\/paintingqueen.art\/wp-content\/uploads\/2021\/04\/cropped-ONDA.-1-1.jpg","width":459,"height":118,"caption":"Painting Queen"},"image":{"@id":"https:\/\/paintingqueen.art\/#\/schema\/logo\/image\/"}}]}},"_links":{"self":[{"href":"https:\/\/paintingqueen.art\/de\/wp-json\/wp\/v2\/product\/5271","targetHints":{"allow":["GET"]}}],"collection":[{"href":"https:\/\/paintingqueen.art\/de\/wp-json\/wp\/v2\/product"}],"about":[{"href":"https:\/\/paintingqueen.art\/de\/wp-json\/wp\/v2\/types\/product"}],"wp:featuredmedia":[{"embeddable":true,"href":"https:\/\/paintingqueen.art\/de\/wp-json\/wp\/v2\/media\/5276"}],"wp:attachment":[{"href":"https:\/\/paintingqueen.art\/de\/wp-json\/wp\/v2\/media?parent=5271"}],"wp:term":[{"taxonomy":"product_brand","embeddable":true,"href":"https:\/\/paintingqueen.art\/de\/wp-json\/wp\/v2\/product_brand?post=5271"},{"taxonomy":"product_cat","embeddable":true,"href":"https:\/\/paintingqueen.art\/de\/wp-json\/wp\/v2\/product_cat?post=5271"},{"taxonomy":"product_tag","embeddable":true,"href":"https:\/\/paintingqueen.art\/de\/wp-json\/wp\/v2\/product_tag?post=5271"}],"curies":[{"name":"wp","href":"https:\/\/api.w.org\/{rel}","templated":true}]}}