{"id":4370,"date":"2024-08-25T06:13:52","date_gmt":"2024-08-25T06:13:52","guid":{"rendered":"https:\/\/paintingqueen.art\/?post_type=product&#038;p=4370"},"modified":"2026-01-14T21:31:32","modified_gmt":"2026-01-14T21:31:32","slug":"lady-baroque-1","status":"publish","type":"product","link":"https:\/\/paintingqueen.art\/de\/tienda\/year\/2024\/lady-baroque-1\/","title":{"rendered":"LADY BAROQUE 1"},"content":{"rendered":"<h3 data-start=\"5471\" data-end=\"5495\"><strong data-start=\"5475\" data-end=\"5493\">LADY BAROQUE 1<\/strong><\/h3>\n<p data-start=\"5496\" data-end=\"5611\"><strong data-start=\"5496\" data-end=\"5507\">Technik:<\/strong> \u00d6l auf Leinen<br data-start=\"5521\" data-end=\"5524\" \/><strong data-start=\"5524\" data-end=\"5539\">Masse:<\/strong> 40 X 40<br data-start=\"5550\" data-end=\"5553\" \/><strong data-start=\"5553\" data-end=\"5562\">Jahr:<\/strong> 2024<br data-start=\"5567\" data-end=\"5570\" \/><strong data-start=\"5570\" data-end=\"5580\">Stil:<\/strong> Baroque, Bitcoin, surrealism<\/p>\n<p data-start=\"5613\" data-end=\"5753\"><strong data-start=\"5613\" data-end=\"5629\">Beschreibung<\/strong><br data-start=\"5629\" data-end=\"5632\" \/>Ein zeitgen\u00f6ssisches barockes Portr\u00e4t, in dem die weibliche Figur zum Symbol f\u00fcr Macht und Raffinesse in der modernen Zeit wird.<\/p>\n<p data-start=\"5755\" data-end=\"5889\"><strong data-start=\"5755\" data-end=\"5782\">Bedeutung und Relevanz<\/strong><br data-start=\"5782\" data-end=\"5785\" \/>Ein eindrucksvolles Kunstwerk, das der barocken \u00c4sthetik huldigt und zugleich eine k\u00fchne moderne Wendung einf\u00fchrt.<\/p>\n<p>&nbsp;<\/p>\n<p class=\"p1\">","protected":false},"excerpt":{"rendered":"<h3 data-start=\"5471\" data-end=\"5495\"><strong data-start=\"5475\" data-end=\"5493\">LADY BAROQUE 1<\/strong><\/h3>\n<p data-start=\"5496\" data-end=\"5611\"><strong data-start=\"5496\" data-end=\"5507\">Technik:<\/strong> \u00d6l auf Leinen<br data-start=\"5521\" data-end=\"5524\" \/><strong data-start=\"5524\" data-end=\"5539\">Masse:<\/strong> 40 X 40<br data-start=\"5550\" data-end=\"5553\" \/><strong data-start=\"5553\" data-end=\"5562\">Jahr:<\/strong> 2024<br data-start=\"5567\" data-end=\"5570\" \/><strong data-start=\"5570\" data-end=\"5580\">Stil:<\/strong> Baroque, Bitcoin, surrealism<\/p>\n<p data-start=\"5613\" data-end=\"5753\"><strong data-start=\"5613\" data-end=\"5629\">Beschreibung<\/strong><br data-start=\"5629\" data-end=\"5632\" \/>Ein zeitgen\u00f6ssisches barockes Portr\u00e4t, in dem die weibliche Figur zum Symbol f\u00fcr Macht und Raffinesse in der modernen Zeit wird.<\/p>\n<p data-start=\"5755\" data-end=\"5889\"><strong data-start=\"5755\" data-end=\"5782\">Bedeutung und Relevanz<\/strong><br data-start=\"5782\" data-end=\"5785\" \/>Ein eindrucksvolles Kunstwerk, das der barocken \u00c4sthetik huldigt und zugleich eine k\u00fchne moderne Wendung einf\u00fchrt.<\/p>","protected":false},"featured_media":4251,"template":"","meta":{"site-sidebar-layout":"default","site-content-layout":"","ast-site-content-layout":"default","site-content-style":"default","site-sidebar-style":"default","ast-global-header-display":"","ast-banner-title-visibility":"","ast-main-header-display":"","ast-hfb-above-header-display":"","ast-hfb-below-header-display":"","ast-hfb-mobile-header-display":"","site-post-title":"","ast-breadcrumbs-content":"","ast-featured-img":"","footer-sml-layout":"","ast-disable-related-posts":"","theme-transparent-header-meta":"default","adv-header-id-meta":"","stick-header-meta":"","header-above-stick-meta":"","header-main-stick-meta":"","header-below-stick-meta":"","astra-migrate-meta-layouts":"set","ast-page-background-enabled":"default","ast-page-background-meta":{"desktop":{"background-color":"","background-image":"","background-repeat":"repeat","background-position":"center center","background-size":"auto","background-attachment":"scroll","background-type":"","background-media":"","overlay-type":"","overlay-color":"","overlay-opacity":"","overlay-gradient":""},"tablet":{"background-color":"","background-image":"","background-repeat":"repeat","background-position":"center center","background-size":"auto","background-attachment":"scroll","background-type":"","background-media":"","overlay-type":"","overlay-color":"","overlay-opacity":"","overlay-gradient":""},"mobile":{"background-color":"","background-image":"","background-repeat":"repeat","background-position":"center center","background-size":"auto","background-attachment":"scroll","background-type":"","background-media":"","overlay-type":"","overlay-color":"","overlay-opacity":"","overlay-gradient":""}},"ast-content-background-meta":{"desktop":{"background-color":"var(--ast-global-color-5)","background-image":"","background-repeat":"repeat","background-position":"center center","background-size":"auto","background-attachment":"scroll","background-type":"","background-media":"","overlay-type":"","overlay-color":"","overlay-opacity":"","overlay-gradient":""},"tablet":{"background-color":"var(--ast-global-color-5)","background-image":"","background-repeat":"repeat","background-position":"center center","background-size":"auto","background-attachment":"scroll","background-type":"","background-media":"","overlay-type":"","overlay-color":"","overlay-opacity":"","overlay-gradient":""},"mobile":{"background-color":"var(--ast-global-color-5)","background-image":"","background-repeat":"repeat","background-position":"center center","background-size":"auto","background-attachment":"scroll","background-type":"","background-media":"","overlay-type":"","overlay-color":"","overlay-opacity":"","overlay-gradient":""}},"_joinchat":[]},"product_brand":[],"product_cat":[343,325,330,318,327,15,334],"product_tag":[],"class_list":{"0":"post-4370","1":"product","2":"type-product","3":"status-publish","4":"has-post-thumbnail","6":"product_cat-343","7":"product_cat-baroque","8":"product_cat-bitcoin","9":"product_cat-oil","10":"product_cat-surrealism","11":"product_cat-technique","12":"product_cat-wigs-and-aristocracy","13":"desktop-align-left","14":"tablet-align-left","15":"mobile-align-left","17":"first","18":"instock","19":"taxable","20":"shipping-taxable","21":"purchasable","22":"product-type-simple"},"yoast_head":"<!-- This site is optimized with the Yoast SEO plugin v27.4 - https:\/\/yoast.com\/product\/yoast-seo-wordpress\/ -->\n<title>LADY BAROQUE 1 - Painting Queen<\/title>\n<meta name=\"robots\" content=\"index, follow, max-snippet:-1, max-image-preview:large, max-video-preview:-1\" \/>\n<link rel=\"canonical\" href=\"https:\/\/paintingqueen.art\/de\/tienda\/year\/2024\/lady-baroque-1\/\" \/>\n<meta property=\"og:locale\" content=\"de_DE\" \/>\n<meta property=\"og:type\" content=\"article\" \/>\n<meta property=\"og:title\" content=\"LADY BAROQUE 1 - Painting Queen\" \/>\n<meta property=\"og:description\" content=\"LADY BAROQUE 1 Medium: Oil on linenDimensions: 40 X 40Year: 2024Style: Baroque, Bitcoin, surrealism Description:A contemporary Baroque portrait where the female figure becomes a symbol of power and sophistication in the modern era. Meaning &amp; Significance:A striking artwork that pays homage to Baroque aesthetics while introducing an audacious modern twist.\" \/>\n<meta property=\"og:url\" content=\"https:\/\/paintingqueen.art\/de\/tienda\/year\/2024\/lady-baroque-1\/\" \/>\n<meta property=\"og:site_name\" content=\"Painting Queen\" \/>\n<meta property=\"article:modified_time\" content=\"2026-01-14T21:31:32+00:00\" \/>\n<meta property=\"og:image\" content=\"https:\/\/paintingqueen.art\/wp-content\/uploads\/2024\/07\/3.-LADY-BAROQUE-1-scaled.jpeg\" \/>\n\t<meta property=\"og:image:width\" content=\"2543\" \/>\n\t<meta property=\"og:image:height\" content=\"2560\" \/>\n\t<meta property=\"og:image:type\" content=\"image\/jpeg\" \/>\n<meta name=\"twitter:card\" content=\"summary_large_image\" \/>\n<meta name=\"twitter:label1\" content=\"Gesch\u00e4tzte Lesezeit\" \/>\n\t<meta name=\"twitter:data1\" content=\"1\u00a0Minute\" \/>\n<script type=\"application\/ld+json\" class=\"yoast-schema-graph\">{\"@context\":\"https:\\\/\\\/schema.org\",\"@graph\":[{\"@type\":\"WebPage\",\"@id\":\"https:\\\/\\\/paintingqueen.art\\\/tienda\\\/year\\\/2024\\\/lady-baroque-1\\\/\",\"url\":\"https:\\\/\\\/paintingqueen.art\\\/tienda\\\/year\\\/2024\\\/lady-baroque-1\\\/\",\"name\":\"LADY BAROQUE 1 - Painting Queen\",\"isPartOf\":{\"@id\":\"https:\\\/\\\/paintingqueen.art\\\/#website\"},\"primaryImageOfPage\":{\"@id\":\"https:\\\/\\\/paintingqueen.art\\\/tienda\\\/year\\\/2024\\\/lady-baroque-1\\\/#primaryimage\"},\"image\":{\"@id\":\"https:\\\/\\\/paintingqueen.art\\\/tienda\\\/year\\\/2024\\\/lady-baroque-1\\\/#primaryimage\"},\"thumbnailUrl\":\"https:\\\/\\\/paintingqueen.art\\\/wp-content\\\/uploads\\\/2024\\\/07\\\/3.-LADY-BAROQUE-1-scaled.jpeg\",\"datePublished\":\"2024-08-25T06:13:52+00:00\",\"dateModified\":\"2026-01-14T21:31:32+00:00\",\"breadcrumb\":{\"@id\":\"https:\\\/\\\/paintingqueen.art\\\/tienda\\\/year\\\/2024\\\/lady-baroque-1\\\/#breadcrumb\"},\"inLanguage\":\"de-CH\",\"potentialAction\":[{\"@type\":\"ReadAction\",\"target\":[\"https:\\\/\\\/paintingqueen.art\\\/tienda\\\/year\\\/2024\\\/lady-baroque-1\\\/\"]}]},{\"@type\":\"ImageObject\",\"inLanguage\":\"de-CH\",\"@id\":\"https:\\\/\\\/paintingqueen.art\\\/tienda\\\/year\\\/2024\\\/lady-baroque-1\\\/#primaryimage\",\"url\":\"https:\\\/\\\/paintingqueen.art\\\/wp-content\\\/uploads\\\/2024\\\/07\\\/3.-LADY-BAROQUE-1-scaled.jpeg\",\"contentUrl\":\"https:\\\/\\\/paintingqueen.art\\\/wp-content\\\/uploads\\\/2024\\\/07\\\/3.-LADY-BAROQUE-1-scaled.jpeg\",\"width\":2543,\"height\":2560},{\"@type\":\"BreadcrumbList\",\"@id\":\"https:\\\/\\\/paintingqueen.art\\\/tienda\\\/year\\\/2024\\\/lady-baroque-1\\\/#breadcrumb\",\"itemListElement\":[{\"@type\":\"ListItem\",\"position\":1,\"name\":\"Portada\",\"item\":\"https:\\\/\\\/paintingqueen.art\\\/\"},{\"@type\":\"ListItem\",\"position\":2,\"name\":\"Produkte\",\"item\":\"https:\\\/\\\/paintingqueen.art\\\/de\\\/shop\\\/\"},{\"@type\":\"ListItem\",\"position\":3,\"name\":\"LADY BAROQUE 1\"}]},{\"@type\":\"WebSite\",\"@id\":\"https:\\\/\\\/paintingqueen.art\\\/#website\",\"url\":\"https:\\\/\\\/paintingqueen.art\\\/\",\"name\":\"Painting Queen\",\"description\":\"Visual Artist\",\"publisher\":{\"@id\":\"https:\\\/\\\/paintingqueen.art\\\/#organization\"},\"potentialAction\":[{\"@type\":\"SearchAction\",\"target\":{\"@type\":\"EntryPoint\",\"urlTemplate\":\"https:\\\/\\\/paintingqueen.art\\\/?s={search_term_string}\"},\"query-input\":{\"@type\":\"PropertyValueSpecification\",\"valueRequired\":true,\"valueName\":\"search_term_string\"}}],\"inLanguage\":\"de-CH\"},{\"@type\":\"Organization\",\"@id\":\"https:\\\/\\\/paintingqueen.art\\\/#organization\",\"name\":\"Painting Queen\",\"url\":\"https:\\\/\\\/paintingqueen.art\\\/\",\"logo\":{\"@type\":\"ImageObject\",\"inLanguage\":\"de-CH\",\"@id\":\"https:\\\/\\\/paintingqueen.art\\\/#\\\/schema\\\/logo\\\/image\\\/\",\"url\":\"https:\\\/\\\/paintingqueen.art\\\/wp-content\\\/uploads\\\/2021\\\/04\\\/cropped-ONDA.-1-1.jpg\",\"contentUrl\":\"https:\\\/\\\/paintingqueen.art\\\/wp-content\\\/uploads\\\/2021\\\/04\\\/cropped-ONDA.-1-1.jpg\",\"width\":459,\"height\":118,\"caption\":\"Painting Queen\"},\"image\":{\"@id\":\"https:\\\/\\\/paintingqueen.art\\\/#\\\/schema\\\/logo\\\/image\\\/\"}}]}<\/script>\n<!-- \/ Yoast SEO plugin. -->","yoast_head_json":{"title":"LADY BAROQUE 1 - Painting Queen","robots":{"index":"index","follow":"follow","max-snippet":"max-snippet:-1","max-image-preview":"max-image-preview:large","max-video-preview":"max-video-preview:-1"},"canonical":"https:\/\/paintingqueen.art\/de\/tienda\/year\/2024\/lady-baroque-1\/","og_locale":"de_DE","og_type":"article","og_title":"LADY BAROQUE 1 - Painting Queen","og_description":"LADY BAROQUE 1 Medium: Oil on linenDimensions: 40 X 40Year: 2024Style: Baroque, Bitcoin, surrealism Description:A contemporary Baroque portrait where the female figure becomes a symbol of power and sophistication in the modern era. Meaning &amp; Significance:A striking artwork that pays homage to Baroque aesthetics while introducing an audacious modern twist.","og_url":"https:\/\/paintingqueen.art\/de\/tienda\/year\/2024\/lady-baroque-1\/","og_site_name":"Painting Queen","article_modified_time":"2026-01-14T21:31:32+00:00","og_image":[{"width":2543,"height":2560,"url":"https:\/\/paintingqueen.art\/wp-content\/uploads\/2024\/07\/3.-LADY-BAROQUE-1-scaled.jpeg","type":"image\/jpeg"}],"twitter_card":"summary_large_image","twitter_misc":{"Gesch\u00e4tzte Lesezeit":"1\u00a0Minute"},"schema":{"@context":"https:\/\/schema.org","@graph":[{"@type":"WebPage","@id":"https:\/\/paintingqueen.art\/tienda\/year\/2024\/lady-baroque-1\/","url":"https:\/\/paintingqueen.art\/tienda\/year\/2024\/lady-baroque-1\/","name":"LADY BAROQUE 1 - Painting Queen","isPartOf":{"@id":"https:\/\/paintingqueen.art\/#website"},"primaryImageOfPage":{"@id":"https:\/\/paintingqueen.art\/tienda\/year\/2024\/lady-baroque-1\/#primaryimage"},"image":{"@id":"https:\/\/paintingqueen.art\/tienda\/year\/2024\/lady-baroque-1\/#primaryimage"},"thumbnailUrl":"https:\/\/paintingqueen.art\/wp-content\/uploads\/2024\/07\/3.-LADY-BAROQUE-1-scaled.jpeg","datePublished":"2024-08-25T06:13:52+00:00","dateModified":"2026-01-14T21:31:32+00:00","breadcrumb":{"@id":"https:\/\/paintingqueen.art\/tienda\/year\/2024\/lady-baroque-1\/#breadcrumb"},"inLanguage":"de-CH","potentialAction":[{"@type":"ReadAction","target":["https:\/\/paintingqueen.art\/tienda\/year\/2024\/lady-baroque-1\/"]}]},{"@type":"ImageObject","inLanguage":"de-CH","@id":"https:\/\/paintingqueen.art\/tienda\/year\/2024\/lady-baroque-1\/#primaryimage","url":"https:\/\/paintingqueen.art\/wp-content\/uploads\/2024\/07\/3.-LADY-BAROQUE-1-scaled.jpeg","contentUrl":"https:\/\/paintingqueen.art\/wp-content\/uploads\/2024\/07\/3.-LADY-BAROQUE-1-scaled.jpeg","width":2543,"height":2560},{"@type":"BreadcrumbList","@id":"https:\/\/paintingqueen.art\/tienda\/year\/2024\/lady-baroque-1\/#breadcrumb","itemListElement":[{"@type":"ListItem","position":1,"name":"Portada","item":"https:\/\/paintingqueen.art\/"},{"@type":"ListItem","position":2,"name":"Produkte","item":"https:\/\/paintingqueen.art\/de\/shop\/"},{"@type":"ListItem","position":3,"name":"LADY BAROQUE 1"}]},{"@type":"WebSite","@id":"https:\/\/paintingqueen.art\/#website","url":"https:\/\/paintingqueen.art\/","name":"Painting Queen","description":"Visual Artist","publisher":{"@id":"https:\/\/paintingqueen.art\/#organization"},"potentialAction":[{"@type":"SearchAction","target":{"@type":"EntryPoint","urlTemplate":"https:\/\/paintingqueen.art\/?s={search_term_string}"},"query-input":{"@type":"PropertyValueSpecification","valueRequired":true,"valueName":"search_term_string"}}],"inLanguage":"de-CH"},{"@type":"Organization","@id":"https:\/\/paintingqueen.art\/#organization","name":"Painting Queen","url":"https:\/\/paintingqueen.art\/","logo":{"@type":"ImageObject","inLanguage":"de-CH","@id":"https:\/\/paintingqueen.art\/#\/schema\/logo\/image\/","url":"https:\/\/paintingqueen.art\/wp-content\/uploads\/2021\/04\/cropped-ONDA.-1-1.jpg","contentUrl":"https:\/\/paintingqueen.art\/wp-content\/uploads\/2021\/04\/cropped-ONDA.-1-1.jpg","width":459,"height":118,"caption":"Painting Queen"},"image":{"@id":"https:\/\/paintingqueen.art\/#\/schema\/logo\/image\/"}}]}},"_links":{"self":[{"href":"https:\/\/paintingqueen.art\/de\/wp-json\/wp\/v2\/product\/4370","targetHints":{"allow":["GET"]}}],"collection":[{"href":"https:\/\/paintingqueen.art\/de\/wp-json\/wp\/v2\/product"}],"about":[{"href":"https:\/\/paintingqueen.art\/de\/wp-json\/wp\/v2\/types\/product"}],"wp:featuredmedia":[{"embeddable":true,"href":"https:\/\/paintingqueen.art\/de\/wp-json\/wp\/v2\/media\/4251"}],"wp:attachment":[{"href":"https:\/\/paintingqueen.art\/de\/wp-json\/wp\/v2\/media?parent=4370"}],"wp:term":[{"taxonomy":"product_brand","embeddable":true,"href":"https:\/\/paintingqueen.art\/de\/wp-json\/wp\/v2\/product_brand?post=4370"},{"taxonomy":"product_cat","embeddable":true,"href":"https:\/\/paintingqueen.art\/de\/wp-json\/wp\/v2\/product_cat?post=4370"},{"taxonomy":"product_tag","embeddable":true,"href":"https:\/\/paintingqueen.art\/de\/wp-json\/wp\/v2\/product_tag?post=4370"}],"curies":[{"name":"wp","href":"https:\/\/api.w.org\/{rel}","templated":true}]}}