{"id":1339,"date":"2022-08-09T15:29:34","date_gmt":"2022-08-09T15:29:34","guid":{"rendered":"https:\/\/paintingqueen.art\/?post_type=product&#038;p=1339"},"modified":"2026-01-06T22:58:22","modified_gmt":"2026-01-06T22:58:22","slug":"pajaritos-en-la-cabeza-acrylic-triptych-40-x-80-cm-frame-canva-2021","status":"publish","type":"product","link":"https:\/\/paintingqueen.art\/de\/tienda\/year\/2021\/pajaritos-en-la-cabeza-acrylic-triptych-40-x-80-cm-frame-canva-2021\/","title":{"rendered":"Pajaritos en la cabeza"},"content":{"rendered":"","protected":false},"excerpt":{"rendered":"<p>&nbsp;<\/p>\n<p><strong data-start=\"437\" data-end=\"449\">Technique<\/strong> Acrylic on canvas<br data-start=\"471\" data-end=\"474\" \/><strong data-start=\"474\" data-end=\"486\">Formato:<\/strong> Triptych 40 x 80 cm<br data-start=\"506\" data-end=\"509\" \/><strong data-start=\"509\" data-end=\"517\">Jahr:<\/strong> 2021<\/p>\n<p class=\"\" data-start=\"1425\" data-end=\"1752\"><strong data-start=\"1425\" data-end=\"1441\">Beschreibung<\/strong><br data-start=\"1441\" data-end=\"1444\" \/><em data-start=\"1444\" data-end=\"1468\">Pajaritos en la cabeza<\/em> Pajaritos en la cabeza ist ein Triptychon, das eine Frau in drei verschiedenen emotionalen und symbolischen Zust\u00e4nden zeigt, jeweils mit einem Vogelnest auf dem Kopf. Jeder Teil des Werks stellt eine eigene Farb- und Stimmungsebene dar: Licht und Reinheit, Dunkelheit und Schrei, und schlie\u00dflich eine Explosion aus Farbe und visueller Verr\u00fccktheit.<\/p>\n<p class=\"\" data-start=\"1754\" data-end=\"2139\"><strong data-start=\"1754\" data-end=\"1781\">Bedeutung und Relevanz<\/strong><br data-start=\"1781\" data-end=\"1784\" \/>Das Werk spielt mit dem Ausdruck \u201eV\u00f6gel im Kopf haben\u201c \u2013 k\u00fcnstlerisch interpretiert als Metapher f\u00fcr ungew\u00f6hnliche Gedanken, Tr\u00e4ume oder \u00c4ngste. Die V\u00f6gel symbolisieren sowohl Freiheit als auch Last und zeigen, wie der weibliche Geist zugleich heilig und chaotisch sein kann. Eine verspielte, aber tiefgr\u00fcndige Reflexion \u00fcber Identit\u00e4t, innere Welten und den gesellschaftlichen Blick auf Wahnsinn.<\/p>","protected":false},"featured_media":1340,"template":"","meta":{"site-sidebar-layout":"default","site-content-layout":"default","ast-site-content-layout":"default","site-content-style":"default","site-sidebar-style":"default","ast-global-header-display":"","ast-banner-title-visibility":"","ast-main-header-display":"","ast-hfb-above-header-display":"","ast-hfb-below-header-display":"","ast-hfb-mobile-header-display":"","site-post-title":"","ast-breadcrumbs-content":"","ast-featured-img":"","footer-sml-layout":"","ast-disable-related-posts":"","theme-transparent-header-meta":"default","adv-header-id-meta":"","stick-header-meta":"","header-above-stick-meta":"","header-main-stick-meta":"","header-below-stick-meta":"","astra-migrate-meta-layouts":"set","ast-page-background-enabled":"default","ast-page-background-meta":{"desktop":{"background-color":"","background-image":"","background-repeat":"repeat","background-position":"center center","background-size":"auto","background-attachment":"scroll","background-type":"","background-media":"","overlay-type":"","overlay-color":"","overlay-opacity":"","overlay-gradient":""},"tablet":{"background-color":"","background-image":"","background-repeat":"repeat","background-position":"center center","background-size":"auto","background-attachment":"scroll","background-type":"","background-media":"","overlay-type":"","overlay-color":"","overlay-opacity":"","overlay-gradient":""},"mobile":{"background-color":"","background-image":"","background-repeat":"repeat","background-position":"center center","background-size":"auto","background-attachment":"scroll","background-type":"","background-media":"","overlay-type":"","overlay-color":"","overlay-opacity":"","overlay-gradient":""}},"ast-content-background-meta":{"desktop":{"background-color":"var(--ast-global-color-5)","background-image":"","background-repeat":"repeat","background-position":"center center","background-size":"auto","background-attachment":"scroll","background-type":"","background-media":"","overlay-type":"","overlay-color":"","overlay-opacity":"","overlay-gradient":""},"tablet":{"background-color":"var(--ast-global-color-5)","background-image":"","background-repeat":"repeat","background-position":"center center","background-size":"auto","background-attachment":"scroll","background-type":"","background-media":"","overlay-type":"","overlay-color":"","overlay-opacity":"","overlay-gradient":""},"mobile":{"background-color":"var(--ast-global-color-5)","background-image":"","background-repeat":"repeat","background-position":"center center","background-size":"auto","background-attachment":"scroll","background-type":"","background-media":"","overlay-type":"","overlay-color":"","overlay-opacity":"","overlay-gradient":""}},"_joinchat":[]},"product_brand":[],"product_cat":[340,319,326,327,15],"product_tag":[],"class_list":{"0":"post-1339","1":"product","2":"type-product","3":"status-publish","4":"has-post-thumbnail","6":"product_cat-340","7":"product_cat-acrylic","8":"product_cat-contemporary","9":"product_cat-surrealism","10":"product_cat-technique","11":"desktop-align-left","12":"tablet-align-left","13":"mobile-align-left","15":"first","16":"instock","17":"taxable","18":"shipping-taxable","19":"purchasable","20":"product-type-simple"},"yoast_head":"<!-- This site is optimized with the Yoast SEO plugin v27.5 - https:\/\/yoast.com\/product\/yoast-seo-wordpress\/ -->\n<title>Pajaritos en la cabeza - Painting Queen<\/title>\n<meta name=\"robots\" content=\"index, follow, max-snippet:-1, max-image-preview:large, max-video-preview:-1\" \/>\n<link rel=\"canonical\" href=\"https:\/\/paintingqueen.art\/de\/tienda\/year\/2021\/pajaritos-en-la-cabeza-acrylic-triptych-40-x-80-cm-frame-canva-2021\/\" \/>\n<meta property=\"og:locale\" content=\"de_DE\" \/>\n<meta property=\"og:type\" content=\"article\" \/>\n<meta property=\"og:title\" content=\"Pajaritos en la cabeza - Painting Queen\" \/>\n<meta property=\"og:description\" content=\"&nbsp;  Technique Acrylic on canvasFormato: Triptych 40 x 80 cmYear: 2021 Description:Pajaritos en la cabeza is a triptych depicting a woman in three distinct emotional and symbolic states, each crowned with a nest inhabited by birds. Each panel portrays a unique chromatic and psychological atmosphere: light and purity, darkness and outcry, and finally, a burst of color and visual madness. Meaning &amp; Significance:The work plays on the expression \u201chaving birds in your head,\u201d reimagined artistically as a metaphor for eccentric thoughts, dreams, fears, or mental loops. The birds represent both freedom and burden, showing how the female mind can be both sacred and chaotic. It\u2019s a playful yet profound reflection on identity, inner life, and society\u2019s view of madness.\" \/>\n<meta property=\"og:url\" content=\"https:\/\/paintingqueen.art\/de\/tienda\/year\/2021\/pajaritos-en-la-cabeza-acrylic-triptych-40-x-80-cm-frame-canva-2021\/\" \/>\n<meta property=\"og:site_name\" content=\"Painting Queen\" \/>\n<meta property=\"article:modified_time\" content=\"2026-01-06T22:58:22+00:00\" \/>\n<meta property=\"og:image\" content=\"https:\/\/paintingqueen.art\/wp-content\/uploads\/2022\/08\/Pajaritos_Modern_outdoor_living_area-1024x631.jpg\" \/>\n\t<meta property=\"og:image:width\" content=\"1024\" \/>\n\t<meta property=\"og:image:height\" content=\"631\" \/>\n\t<meta property=\"og:image:type\" content=\"image\/jpeg\" \/>\n<meta name=\"twitter:card\" content=\"summary_large_image\" \/>\n<meta name=\"twitter:label1\" content=\"Gesch\u00e4tzte Lesezeit\" \/>\n\t<meta name=\"twitter:data1\" content=\"1\u00a0Minute\" \/>\n<script type=\"application\/ld+json\" class=\"yoast-schema-graph\">{\"@context\":\"https:\\\/\\\/schema.org\",\"@graph\":[{\"@type\":\"WebPage\",\"@id\":\"https:\\\/\\\/paintingqueen.art\\\/tienda\\\/year\\\/2021\\\/pajaritos-en-la-cabeza-acrylic-triptych-40-x-80-cm-frame-canva-2021\\\/\",\"url\":\"https:\\\/\\\/paintingqueen.art\\\/tienda\\\/year\\\/2021\\\/pajaritos-en-la-cabeza-acrylic-triptych-40-x-80-cm-frame-canva-2021\\\/\",\"name\":\"Pajaritos en la cabeza - Painting Queen\",\"isPartOf\":{\"@id\":\"https:\\\/\\\/paintingqueen.art\\\/#website\"},\"primaryImageOfPage\":{\"@id\":\"https:\\\/\\\/paintingqueen.art\\\/tienda\\\/year\\\/2021\\\/pajaritos-en-la-cabeza-acrylic-triptych-40-x-80-cm-frame-canva-2021\\\/#primaryimage\"},\"image\":{\"@id\":\"https:\\\/\\\/paintingqueen.art\\\/tienda\\\/year\\\/2021\\\/pajaritos-en-la-cabeza-acrylic-triptych-40-x-80-cm-frame-canva-2021\\\/#primaryimage\"},\"thumbnailUrl\":\"https:\\\/\\\/paintingqueen.art\\\/wp-content\\\/uploads\\\/2022\\\/08\\\/Pajaritos_Modern_outdoor_living_area.jpg\",\"datePublished\":\"2022-08-09T15:29:34+00:00\",\"dateModified\":\"2026-01-06T22:58:22+00:00\",\"breadcrumb\":{\"@id\":\"https:\\\/\\\/paintingqueen.art\\\/tienda\\\/year\\\/2021\\\/pajaritos-en-la-cabeza-acrylic-triptych-40-x-80-cm-frame-canva-2021\\\/#breadcrumb\"},\"inLanguage\":\"de-CH\",\"potentialAction\":[{\"@type\":\"ReadAction\",\"target\":[\"https:\\\/\\\/paintingqueen.art\\\/tienda\\\/year\\\/2021\\\/pajaritos-en-la-cabeza-acrylic-triptych-40-x-80-cm-frame-canva-2021\\\/\"]}]},{\"@type\":\"ImageObject\",\"inLanguage\":\"de-CH\",\"@id\":\"https:\\\/\\\/paintingqueen.art\\\/tienda\\\/year\\\/2021\\\/pajaritos-en-la-cabeza-acrylic-triptych-40-x-80-cm-frame-canva-2021\\\/#primaryimage\",\"url\":\"https:\\\/\\\/paintingqueen.art\\\/wp-content\\\/uploads\\\/2022\\\/08\\\/Pajaritos_Modern_outdoor_living_area.jpg\",\"contentUrl\":\"https:\\\/\\\/paintingqueen.art\\\/wp-content\\\/uploads\\\/2022\\\/08\\\/Pajaritos_Modern_outdoor_living_area.jpg\",\"width\":2296,\"height\":1415},{\"@type\":\"BreadcrumbList\",\"@id\":\"https:\\\/\\\/paintingqueen.art\\\/tienda\\\/year\\\/2021\\\/pajaritos-en-la-cabeza-acrylic-triptych-40-x-80-cm-frame-canva-2021\\\/#breadcrumb\",\"itemListElement\":[{\"@type\":\"ListItem\",\"position\":1,\"name\":\"Portada\",\"item\":\"https:\\\/\\\/paintingqueen.art\\\/\"},{\"@type\":\"ListItem\",\"position\":2,\"name\":\"Produkte\",\"item\":\"https:\\\/\\\/paintingqueen.art\\\/de\\\/shop\\\/\"},{\"@type\":\"ListItem\",\"position\":3,\"name\":\"Pajaritos en la cabeza\"}]},{\"@type\":\"WebSite\",\"@id\":\"https:\\\/\\\/paintingqueen.art\\\/#website\",\"url\":\"https:\\\/\\\/paintingqueen.art\\\/\",\"name\":\"Painting Queen\",\"description\":\"Visual Artist\",\"publisher\":{\"@id\":\"https:\\\/\\\/paintingqueen.art\\\/#organization\"},\"potentialAction\":[{\"@type\":\"SearchAction\",\"target\":{\"@type\":\"EntryPoint\",\"urlTemplate\":\"https:\\\/\\\/paintingqueen.art\\\/?s={search_term_string}\"},\"query-input\":{\"@type\":\"PropertyValueSpecification\",\"valueRequired\":true,\"valueName\":\"search_term_string\"}}],\"inLanguage\":\"de-CH\"},{\"@type\":\"Organization\",\"@id\":\"https:\\\/\\\/paintingqueen.art\\\/#organization\",\"name\":\"Painting Queen\",\"url\":\"https:\\\/\\\/paintingqueen.art\\\/\",\"logo\":{\"@type\":\"ImageObject\",\"inLanguage\":\"de-CH\",\"@id\":\"https:\\\/\\\/paintingqueen.art\\\/#\\\/schema\\\/logo\\\/image\\\/\",\"url\":\"https:\\\/\\\/paintingqueen.art\\\/wp-content\\\/uploads\\\/2021\\\/04\\\/cropped-ONDA.-1-1.jpg\",\"contentUrl\":\"https:\\\/\\\/paintingqueen.art\\\/wp-content\\\/uploads\\\/2021\\\/04\\\/cropped-ONDA.-1-1.jpg\",\"width\":459,\"height\":118,\"caption\":\"Painting Queen\"},\"image\":{\"@id\":\"https:\\\/\\\/paintingqueen.art\\\/#\\\/schema\\\/logo\\\/image\\\/\"}}]}<\/script>\n<!-- \/ Yoast SEO plugin. -->","yoast_head_json":{"title":"Pajaritos en la cabeza - Painting Queen","robots":{"index":"index","follow":"follow","max-snippet":"max-snippet:-1","max-image-preview":"max-image-preview:large","max-video-preview":"max-video-preview:-1"},"canonical":"https:\/\/paintingqueen.art\/de\/tienda\/year\/2021\/pajaritos-en-la-cabeza-acrylic-triptych-40-x-80-cm-frame-canva-2021\/","og_locale":"de_DE","og_type":"article","og_title":"Pajaritos en la cabeza - Painting Queen","og_description":"&nbsp;  Technique Acrylic on canvasFormato: Triptych 40 x 80 cmYear: 2021 Description:Pajaritos en la cabeza is a triptych depicting a woman in three distinct emotional and symbolic states, each crowned with a nest inhabited by birds. Each panel portrays a unique chromatic and psychological atmosphere: light and purity, darkness and outcry, and finally, a burst of color and visual madness. Meaning &amp; Significance:The work plays on the expression \u201chaving birds in your head,\u201d reimagined artistically as a metaphor for eccentric thoughts, dreams, fears, or mental loops. The birds represent both freedom and burden, showing how the female mind can be both sacred and chaotic. It\u2019s a playful yet profound reflection on identity, inner life, and society\u2019s view of madness.","og_url":"https:\/\/paintingqueen.art\/de\/tienda\/year\/2021\/pajaritos-en-la-cabeza-acrylic-triptych-40-x-80-cm-frame-canva-2021\/","og_site_name":"Painting Queen","article_modified_time":"2026-01-06T22:58:22+00:00","og_image":[{"width":1024,"height":631,"url":"https:\/\/paintingqueen.art\/wp-content\/uploads\/2022\/08\/Pajaritos_Modern_outdoor_living_area-1024x631.jpg","type":"image\/jpeg"}],"twitter_card":"summary_large_image","twitter_misc":{"Gesch\u00e4tzte Lesezeit":"1\u00a0Minute"},"schema":{"@context":"https:\/\/schema.org","@graph":[{"@type":"WebPage","@id":"https:\/\/paintingqueen.art\/tienda\/year\/2021\/pajaritos-en-la-cabeza-acrylic-triptych-40-x-80-cm-frame-canva-2021\/","url":"https:\/\/paintingqueen.art\/tienda\/year\/2021\/pajaritos-en-la-cabeza-acrylic-triptych-40-x-80-cm-frame-canva-2021\/","name":"Pajaritos en la cabeza - Painting Queen","isPartOf":{"@id":"https:\/\/paintingqueen.art\/#website"},"primaryImageOfPage":{"@id":"https:\/\/paintingqueen.art\/tienda\/year\/2021\/pajaritos-en-la-cabeza-acrylic-triptych-40-x-80-cm-frame-canva-2021\/#primaryimage"},"image":{"@id":"https:\/\/paintingqueen.art\/tienda\/year\/2021\/pajaritos-en-la-cabeza-acrylic-triptych-40-x-80-cm-frame-canva-2021\/#primaryimage"},"thumbnailUrl":"https:\/\/paintingqueen.art\/wp-content\/uploads\/2022\/08\/Pajaritos_Modern_outdoor_living_area.jpg","datePublished":"2022-08-09T15:29:34+00:00","dateModified":"2026-01-06T22:58:22+00:00","breadcrumb":{"@id":"https:\/\/paintingqueen.art\/tienda\/year\/2021\/pajaritos-en-la-cabeza-acrylic-triptych-40-x-80-cm-frame-canva-2021\/#breadcrumb"},"inLanguage":"de-CH","potentialAction":[{"@type":"ReadAction","target":["https:\/\/paintingqueen.art\/tienda\/year\/2021\/pajaritos-en-la-cabeza-acrylic-triptych-40-x-80-cm-frame-canva-2021\/"]}]},{"@type":"ImageObject","inLanguage":"de-CH","@id":"https:\/\/paintingqueen.art\/tienda\/year\/2021\/pajaritos-en-la-cabeza-acrylic-triptych-40-x-80-cm-frame-canva-2021\/#primaryimage","url":"https:\/\/paintingqueen.art\/wp-content\/uploads\/2022\/08\/Pajaritos_Modern_outdoor_living_area.jpg","contentUrl":"https:\/\/paintingqueen.art\/wp-content\/uploads\/2022\/08\/Pajaritos_Modern_outdoor_living_area.jpg","width":2296,"height":1415},{"@type":"BreadcrumbList","@id":"https:\/\/paintingqueen.art\/tienda\/year\/2021\/pajaritos-en-la-cabeza-acrylic-triptych-40-x-80-cm-frame-canva-2021\/#breadcrumb","itemListElement":[{"@type":"ListItem","position":1,"name":"Portada","item":"https:\/\/paintingqueen.art\/"},{"@type":"ListItem","position":2,"name":"Produkte","item":"https:\/\/paintingqueen.art\/de\/shop\/"},{"@type":"ListItem","position":3,"name":"Pajaritos en la cabeza"}]},{"@type":"WebSite","@id":"https:\/\/paintingqueen.art\/#website","url":"https:\/\/paintingqueen.art\/","name":"Painting Queen","description":"Visual Artist","publisher":{"@id":"https:\/\/paintingqueen.art\/#organization"},"potentialAction":[{"@type":"SearchAction","target":{"@type":"EntryPoint","urlTemplate":"https:\/\/paintingqueen.art\/?s={search_term_string}"},"query-input":{"@type":"PropertyValueSpecification","valueRequired":true,"valueName":"search_term_string"}}],"inLanguage":"de-CH"},{"@type":"Organization","@id":"https:\/\/paintingqueen.art\/#organization","name":"Painting Queen","url":"https:\/\/paintingqueen.art\/","logo":{"@type":"ImageObject","inLanguage":"de-CH","@id":"https:\/\/paintingqueen.art\/#\/schema\/logo\/image\/","url":"https:\/\/paintingqueen.art\/wp-content\/uploads\/2021\/04\/cropped-ONDA.-1-1.jpg","contentUrl":"https:\/\/paintingqueen.art\/wp-content\/uploads\/2021\/04\/cropped-ONDA.-1-1.jpg","width":459,"height":118,"caption":"Painting Queen"},"image":{"@id":"https:\/\/paintingqueen.art\/#\/schema\/logo\/image\/"}}]}},"_links":{"self":[{"href":"https:\/\/paintingqueen.art\/de\/wp-json\/wp\/v2\/product\/1339","targetHints":{"allow":["GET"]}}],"collection":[{"href":"https:\/\/paintingqueen.art\/de\/wp-json\/wp\/v2\/product"}],"about":[{"href":"https:\/\/paintingqueen.art\/de\/wp-json\/wp\/v2\/types\/product"}],"wp:featuredmedia":[{"embeddable":true,"href":"https:\/\/paintingqueen.art\/de\/wp-json\/wp\/v2\/media\/1340"}],"wp:attachment":[{"href":"https:\/\/paintingqueen.art\/de\/wp-json\/wp\/v2\/media?parent=1339"}],"wp:term":[{"taxonomy":"product_brand","embeddable":true,"href":"https:\/\/paintingqueen.art\/de\/wp-json\/wp\/v2\/product_brand?post=1339"},{"taxonomy":"product_cat","embeddable":true,"href":"https:\/\/paintingqueen.art\/de\/wp-json\/wp\/v2\/product_cat?post=1339"},{"taxonomy":"product_tag","embeddable":true,"href":"https:\/\/paintingqueen.art\/de\/wp-json\/wp\/v2\/product_tag?post=1339"}],"curies":[{"name":"wp","href":"https:\/\/api.w.org\/{rel}","templated":true}]}}