{"id":1317,"date":"2022-08-09T15:07:13","date_gmt":"2022-08-09T15:07:13","guid":{"rendered":"https:\/\/paintingqueen.art\/?post_type=product&#038;p=1317"},"modified":"2025-11-17T13:56:22","modified_gmt":"2025-11-17T13:56:22","slug":"art-nouveau-girl-1","status":"publish","type":"product","link":"https:\/\/paintingqueen.art\/de\/tienda\/year\/2022\/art-nouveau-girl-1\/","title":{"rendered":"Art Nouveau Girl #1 \u2022 acrylic on wooden board 2022"},"content":{"rendered":"","protected":false},"excerpt":{"rendered":"<p class=\"\" data-start=\"348\" data-end=\"529\"><strong data-start=\"348\" data-end=\"359\">Technik:<\/strong> Acryl auf Holz<br data-start=\"375\" data-end=\"378\" \/><strong data-start=\"378\" data-end=\"393\">Masse:<\/strong> 29 x 29 cm<br data-start=\"404\" data-end=\"407\" \/><strong data-start=\"407\" data-end=\"416\">Jahr:<\/strong> 2022<br data-start=\"421\" data-end=\"424\" \/><strong data-start=\"424\" data-end=\"434\">Stil:<\/strong> Contemporary reinterpretation of Art Nouveau with decorative elements and feminine symbolism<\/p>\n<p class=\"\" data-start=\"1285\" data-end=\"1531\"><strong data-start=\"1285\" data-end=\"1301\">Beschreibung<\/strong><br data-start=\"1301\" data-end=\"1304\" \/><em data-start=\"1304\" data-end=\"1325\">Art Nouveau Girl #1<\/em> zeigt eine selbstbewusste, lebendige Frau, deren fliessendes, r\u00f6tliches Haar zu einem lebendigen Ornament wird. Rosafarbene Bl\u00fcten und flatternde Schmetterlinge kr\u00f6nen ihr Haupt und verbinden ihre Pr\u00e4senz mit einer traumhaften, naturverbundenen Welt.<\/p>\n<p class=\"\" data-start=\"1533\" data-end=\"1938\"><strong data-start=\"1533\" data-end=\"1560\">Bedeutung und Relevanz<\/strong><br data-start=\"1560\" data-end=\"1563\" \/>Als Auftakt der Serie <em data-start=\"1583\" data-end=\"1602\">Art Nouveau Girls<\/em> ist dieses Werk ein visuelles Manifest f\u00fcr Weiblichkeit, St\u00e4rke und Verwandlung. Sch\u00f6nheit wird hier als etwas Organisches und Wandelbares dargestellt \u2013 in enger Verbindung zur Natur. Die Schmetterlinge stehen f\u00fcr Freiheit und Ver\u00e4nderung, die Blumen f\u00fcr Sinnlichkeit und Zerbrechlichkeit. Eine zeitgen\u00f6ssische Hommage an die dekorative Kunst mit kraftvoller, moderner Haltung.<\/p>","protected":false},"featured_media":1424,"template":"","meta":{"site-sidebar-layout":"default","site-content-layout":"default","ast-site-content-layout":"default","site-content-style":"default","site-sidebar-style":"default","ast-global-header-display":"","ast-banner-title-visibility":"","ast-main-header-display":"","ast-hfb-above-header-display":"","ast-hfb-below-header-display":"","ast-hfb-mobile-header-display":"","site-post-title":"","ast-breadcrumbs-content":"","ast-featured-img":"","footer-sml-layout":"","ast-disable-related-posts":"","theme-transparent-header-meta":"default","adv-header-id-meta":"","stick-header-meta":"","header-above-stick-meta":"","header-main-stick-meta":"","header-below-stick-meta":"","astra-migrate-meta-layouts":"set","ast-page-background-enabled":"default","ast-page-background-meta":{"desktop":{"background-color":"","background-image":"","background-repeat":"repeat","background-position":"center center","background-size":"auto","background-attachment":"scroll","background-type":"","background-media":"","overlay-type":"","overlay-color":"","overlay-opacity":"","overlay-gradient":""},"tablet":{"background-color":"","background-image":"","background-repeat":"repeat","background-position":"center center","background-size":"auto","background-attachment":"scroll","background-type":"","background-media":"","overlay-type":"","overlay-color":"","overlay-opacity":"","overlay-gradient":""},"mobile":{"background-color":"","background-image":"","background-repeat":"repeat","background-position":"center center","background-size":"auto","background-attachment":"scroll","background-type":"","background-media":"","overlay-type":"","overlay-color":"","overlay-opacity":"","overlay-gradient":""}},"ast-content-background-meta":{"desktop":{"background-color":"var(--ast-global-color-5)","background-image":"","background-repeat":"repeat","background-position":"center center","background-size":"auto","background-attachment":"scroll","background-type":"","background-media":"","overlay-type":"","overlay-color":"","overlay-opacity":"","overlay-gradient":""},"tablet":{"background-color":"var(--ast-global-color-5)","background-image":"","background-repeat":"repeat","background-position":"center center","background-size":"auto","background-attachment":"scroll","background-type":"","background-media":"","overlay-type":"","overlay-color":"","overlay-opacity":"","overlay-gradient":""},"mobile":{"background-color":"var(--ast-global-color-5)","background-image":"","background-repeat":"repeat","background-position":"center center","background-size":"auto","background-attachment":"scroll","background-type":"","background-media":"","overlay-type":"","overlay-color":"","overlay-opacity":"","overlay-gradient":""}},"_joinchat":[]},"product_brand":[],"product_cat":[341,319,15],"product_tag":[],"class_list":{"0":"post-1317","1":"product","2":"type-product","3":"status-publish","4":"has-post-thumbnail","6":"product_cat-341","7":"product_cat-acrylic","8":"product_cat-technique","9":"desktop-align-left","10":"tablet-align-left","11":"mobile-align-left","13":"first","14":"instock","15":"taxable","16":"shipping-taxable","17":"purchasable","18":"product-type-simple"},"yoast_head":"<!-- This site is optimized with the Yoast SEO plugin v27.5 - https:\/\/yoast.com\/product\/yoast-seo-wordpress\/ -->\n<title>Art Nouveau Girl #1 \u2022 acrylic on wooden board 2022 - Painting Queen<\/title>\n<meta name=\"description\" content=\"Art Nouveau Girl #1 - acrylique on wooden board 2022 Painting Queen\" \/>\n<meta name=\"robots\" content=\"index, follow, max-snippet:-1, max-image-preview:large, max-video-preview:-1\" \/>\n<link rel=\"canonical\" href=\"https:\/\/paintingqueen.art\/de\/tienda\/year\/2022\/art-nouveau-girl-1\/\" \/>\n<meta property=\"og:locale\" content=\"de_DE\" \/>\n<meta property=\"og:type\" content=\"article\" \/>\n<meta property=\"og:title\" content=\"Art Nouveau Girl #1 \u2022 acrylic on wooden board 2022 - Painting Queen\" \/>\n<meta property=\"og:description\" content=\"Art Nouveau Girl #1 - acrylique on wooden board 2022 Painting Queen\" \/>\n<meta property=\"og:url\" content=\"https:\/\/paintingqueen.art\/de\/tienda\/year\/2022\/art-nouveau-girl-1\/\" \/>\n<meta property=\"og:site_name\" content=\"Painting Queen\" \/>\n<meta property=\"article:modified_time\" content=\"2025-11-17T13:56:22+00:00\" \/>\n<meta property=\"og:image\" content=\"https:\/\/paintingqueen.art\/wp-content\/uploads\/2022\/08\/unnamed.jpg\" \/>\n\t<meta property=\"og:image:width\" content=\"2091\" \/>\n\t<meta property=\"og:image:height\" content=\"2138\" \/>\n\t<meta property=\"og:image:type\" content=\"image\/jpeg\" \/>\n<meta name=\"twitter:card\" content=\"summary_large_image\" \/>\n<meta name=\"twitter:label1\" content=\"Gesch\u00e4tzte Lesezeit\" \/>\n\t<meta name=\"twitter:data1\" content=\"1\u00a0Minute\" \/>\n<script type=\"application\/ld+json\" class=\"yoast-schema-graph\">{\"@context\":\"https:\\\/\\\/schema.org\",\"@graph\":[{\"@type\":\"WebPage\",\"@id\":\"https:\\\/\\\/paintingqueen.art\\\/tienda\\\/year\\\/2022\\\/art-nouveau-girl-1\\\/\",\"url\":\"https:\\\/\\\/paintingqueen.art\\\/tienda\\\/year\\\/2022\\\/art-nouveau-girl-1\\\/\",\"name\":\"Art Nouveau Girl #1 \u2022 acrylic on wooden board 2022 - Painting Queen\",\"isPartOf\":{\"@id\":\"https:\\\/\\\/paintingqueen.art\\\/#website\"},\"primaryImageOfPage\":{\"@id\":\"https:\\\/\\\/paintingqueen.art\\\/tienda\\\/year\\\/2022\\\/art-nouveau-girl-1\\\/#primaryimage\"},\"image\":{\"@id\":\"https:\\\/\\\/paintingqueen.art\\\/tienda\\\/year\\\/2022\\\/art-nouveau-girl-1\\\/#primaryimage\"},\"thumbnailUrl\":\"https:\\\/\\\/paintingqueen.art\\\/wp-content\\\/uploads\\\/2022\\\/08\\\/unnamed.jpg\",\"datePublished\":\"2022-08-09T15:07:13+00:00\",\"dateModified\":\"2025-11-17T13:56:22+00:00\",\"description\":\"Art Nouveau Girl #1 - acrylique on wooden board 2022 Painting Queen\",\"breadcrumb\":{\"@id\":\"https:\\\/\\\/paintingqueen.art\\\/tienda\\\/year\\\/2022\\\/art-nouveau-girl-1\\\/#breadcrumb\"},\"inLanguage\":\"de-CH\",\"potentialAction\":[{\"@type\":\"ReadAction\",\"target\":[\"https:\\\/\\\/paintingqueen.art\\\/tienda\\\/year\\\/2022\\\/art-nouveau-girl-1\\\/\"]}]},{\"@type\":\"ImageObject\",\"inLanguage\":\"de-CH\",\"@id\":\"https:\\\/\\\/paintingqueen.art\\\/tienda\\\/year\\\/2022\\\/art-nouveau-girl-1\\\/#primaryimage\",\"url\":\"https:\\\/\\\/paintingqueen.art\\\/wp-content\\\/uploads\\\/2022\\\/08\\\/unnamed.jpg\",\"contentUrl\":\"https:\\\/\\\/paintingqueen.art\\\/wp-content\\\/uploads\\\/2022\\\/08\\\/unnamed.jpg\",\"width\":2091,\"height\":2138},{\"@type\":\"BreadcrumbList\",\"@id\":\"https:\\\/\\\/paintingqueen.art\\\/tienda\\\/year\\\/2022\\\/art-nouveau-girl-1\\\/#breadcrumb\",\"itemListElement\":[{\"@type\":\"ListItem\",\"position\":1,\"name\":\"Portada\",\"item\":\"https:\\\/\\\/paintingqueen.art\\\/\"},{\"@type\":\"ListItem\",\"position\":2,\"name\":\"Produkte\",\"item\":\"https:\\\/\\\/paintingqueen.art\\\/de\\\/shop\\\/\"},{\"@type\":\"ListItem\",\"position\":3,\"name\":\"Art Nouveau Girl #1 \u2022 acrylic on wooden board 2022\"}]},{\"@type\":\"WebSite\",\"@id\":\"https:\\\/\\\/paintingqueen.art\\\/#website\",\"url\":\"https:\\\/\\\/paintingqueen.art\\\/\",\"name\":\"Painting Queen\",\"description\":\"Visual Artist\",\"publisher\":{\"@id\":\"https:\\\/\\\/paintingqueen.art\\\/#organization\"},\"potentialAction\":[{\"@type\":\"SearchAction\",\"target\":{\"@type\":\"EntryPoint\",\"urlTemplate\":\"https:\\\/\\\/paintingqueen.art\\\/?s={search_term_string}\"},\"query-input\":{\"@type\":\"PropertyValueSpecification\",\"valueRequired\":true,\"valueName\":\"search_term_string\"}}],\"inLanguage\":\"de-CH\"},{\"@type\":\"Organization\",\"@id\":\"https:\\\/\\\/paintingqueen.art\\\/#organization\",\"name\":\"Painting Queen\",\"url\":\"https:\\\/\\\/paintingqueen.art\\\/\",\"logo\":{\"@type\":\"ImageObject\",\"inLanguage\":\"de-CH\",\"@id\":\"https:\\\/\\\/paintingqueen.art\\\/#\\\/schema\\\/logo\\\/image\\\/\",\"url\":\"https:\\\/\\\/paintingqueen.art\\\/wp-content\\\/uploads\\\/2021\\\/04\\\/cropped-ONDA.-1-1.jpg\",\"contentUrl\":\"https:\\\/\\\/paintingqueen.art\\\/wp-content\\\/uploads\\\/2021\\\/04\\\/cropped-ONDA.-1-1.jpg\",\"width\":459,\"height\":118,\"caption\":\"Painting Queen\"},\"image\":{\"@id\":\"https:\\\/\\\/paintingqueen.art\\\/#\\\/schema\\\/logo\\\/image\\\/\"}}]}<\/script>\n<!-- \/ Yoast SEO plugin. -->","yoast_head_json":{"title":"Art Nouveau Girl #1 \u2022 acrylic on wooden board 2022 - Painting Queen","description":"Art Nouveau Girl #1 - acrylique on wooden board 2022 Painting Queen","robots":{"index":"index","follow":"follow","max-snippet":"max-snippet:-1","max-image-preview":"max-image-preview:large","max-video-preview":"max-video-preview:-1"},"canonical":"https:\/\/paintingqueen.art\/de\/tienda\/year\/2022\/art-nouveau-girl-1\/","og_locale":"de_DE","og_type":"article","og_title":"Art Nouveau Girl #1 \u2022 acrylic on wooden board 2022 - Painting Queen","og_description":"Art Nouveau Girl #1 - acrylique on wooden board 2022 Painting Queen","og_url":"https:\/\/paintingqueen.art\/de\/tienda\/year\/2022\/art-nouveau-girl-1\/","og_site_name":"Painting Queen","article_modified_time":"2025-11-17T13:56:22+00:00","og_image":[{"width":2091,"height":2138,"url":"https:\/\/paintingqueen.art\/wp-content\/uploads\/2022\/08\/unnamed.jpg","type":"image\/jpeg"}],"twitter_card":"summary_large_image","twitter_misc":{"Gesch\u00e4tzte Lesezeit":"1\u00a0Minute"},"schema":{"@context":"https:\/\/schema.org","@graph":[{"@type":"WebPage","@id":"https:\/\/paintingqueen.art\/tienda\/year\/2022\/art-nouveau-girl-1\/","url":"https:\/\/paintingqueen.art\/tienda\/year\/2022\/art-nouveau-girl-1\/","name":"Art Nouveau Girl #1 \u2022 acrylic on wooden board 2022 - Painting Queen","isPartOf":{"@id":"https:\/\/paintingqueen.art\/#website"},"primaryImageOfPage":{"@id":"https:\/\/paintingqueen.art\/tienda\/year\/2022\/art-nouveau-girl-1\/#primaryimage"},"image":{"@id":"https:\/\/paintingqueen.art\/tienda\/year\/2022\/art-nouveau-girl-1\/#primaryimage"},"thumbnailUrl":"https:\/\/paintingqueen.art\/wp-content\/uploads\/2022\/08\/unnamed.jpg","datePublished":"2022-08-09T15:07:13+00:00","dateModified":"2025-11-17T13:56:22+00:00","description":"Art Nouveau Girl #1 - acrylique on wooden board 2022 Painting Queen","breadcrumb":{"@id":"https:\/\/paintingqueen.art\/tienda\/year\/2022\/art-nouveau-girl-1\/#breadcrumb"},"inLanguage":"de-CH","potentialAction":[{"@type":"ReadAction","target":["https:\/\/paintingqueen.art\/tienda\/year\/2022\/art-nouveau-girl-1\/"]}]},{"@type":"ImageObject","inLanguage":"de-CH","@id":"https:\/\/paintingqueen.art\/tienda\/year\/2022\/art-nouveau-girl-1\/#primaryimage","url":"https:\/\/paintingqueen.art\/wp-content\/uploads\/2022\/08\/unnamed.jpg","contentUrl":"https:\/\/paintingqueen.art\/wp-content\/uploads\/2022\/08\/unnamed.jpg","width":2091,"height":2138},{"@type":"BreadcrumbList","@id":"https:\/\/paintingqueen.art\/tienda\/year\/2022\/art-nouveau-girl-1\/#breadcrumb","itemListElement":[{"@type":"ListItem","position":1,"name":"Portada","item":"https:\/\/paintingqueen.art\/"},{"@type":"ListItem","position":2,"name":"Produkte","item":"https:\/\/paintingqueen.art\/de\/shop\/"},{"@type":"ListItem","position":3,"name":"Art Nouveau Girl #1 \u2022 acrylic on wooden board 2022"}]},{"@type":"WebSite","@id":"https:\/\/paintingqueen.art\/#website","url":"https:\/\/paintingqueen.art\/","name":"Painting Queen","description":"Visual Artist","publisher":{"@id":"https:\/\/paintingqueen.art\/#organization"},"potentialAction":[{"@type":"SearchAction","target":{"@type":"EntryPoint","urlTemplate":"https:\/\/paintingqueen.art\/?s={search_term_string}"},"query-input":{"@type":"PropertyValueSpecification","valueRequired":true,"valueName":"search_term_string"}}],"inLanguage":"de-CH"},{"@type":"Organization","@id":"https:\/\/paintingqueen.art\/#organization","name":"Painting Queen","url":"https:\/\/paintingqueen.art\/","logo":{"@type":"ImageObject","inLanguage":"de-CH","@id":"https:\/\/paintingqueen.art\/#\/schema\/logo\/image\/","url":"https:\/\/paintingqueen.art\/wp-content\/uploads\/2021\/04\/cropped-ONDA.-1-1.jpg","contentUrl":"https:\/\/paintingqueen.art\/wp-content\/uploads\/2021\/04\/cropped-ONDA.-1-1.jpg","width":459,"height":118,"caption":"Painting Queen"},"image":{"@id":"https:\/\/paintingqueen.art\/#\/schema\/logo\/image\/"}}]}},"_links":{"self":[{"href":"https:\/\/paintingqueen.art\/de\/wp-json\/wp\/v2\/product\/1317","targetHints":{"allow":["GET"]}}],"collection":[{"href":"https:\/\/paintingqueen.art\/de\/wp-json\/wp\/v2\/product"}],"about":[{"href":"https:\/\/paintingqueen.art\/de\/wp-json\/wp\/v2\/types\/product"}],"wp:featuredmedia":[{"embeddable":true,"href":"https:\/\/paintingqueen.art\/de\/wp-json\/wp\/v2\/media\/1424"}],"wp:attachment":[{"href":"https:\/\/paintingqueen.art\/de\/wp-json\/wp\/v2\/media?parent=1317"}],"wp:term":[{"taxonomy":"product_brand","embeddable":true,"href":"https:\/\/paintingqueen.art\/de\/wp-json\/wp\/v2\/product_brand?post=1317"},{"taxonomy":"product_cat","embeddable":true,"href":"https:\/\/paintingqueen.art\/de\/wp-json\/wp\/v2\/product_cat?post=1317"},{"taxonomy":"product_tag","embeddable":true,"href":"https:\/\/paintingqueen.art\/de\/wp-json\/wp\/v2\/product_tag?post=1317"}],"curies":[{"name":"wp","href":"https:\/\/api.w.org\/{rel}","templated":true}]}}